{"id":9880,"date":"2015-02-20T20:12:13","date_gmt":"2015-02-20T20:12:13","guid":{"rendered":"https:\/\/avada.theme-fusion.com_demos\/law\/?page_id=10"},"modified":"2024-03-19T18:58:19","modified_gmt":"2024-03-19T18:58:19","slug":"uber-uns","status":"publish","type":"page","link":"https:\/\/german-resources-company.com\/?page_id=9880","title":{"rendered":"\u00dcber uns"},"content":{"rendered":"\t\t<div data-elementor-type=\"wp-page\" data-elementor-id=\"9880\" class=\"elementor elementor-9880\">\n\t\t\t\t<div class=\"elementor-element elementor-element-4013736 e-flex e-con-boxed e-con e-parent\" data-id=\"4013736\" data-element_type=\"container\" data-e-type=\"container\">\n\t\t\t\t\t<div class=\"e-con-inner\">\n\t\t<div class=\"elementor-element elementor-element-3707de0 e-con-full e-flex e-con e-child\" data-id=\"3707de0\" data-element_type=\"container\" data-e-type=\"container\">\n\t\t\t\t<div class=\"elementor-element elementor-element-4337df7 elementor-invisible elementor-widget elementor-widget-ct_image\" data-id=\"4337df7\" data-element_type=\"widget\" data-e-type=\"widget\" data-settings=\"{&quot;_animation&quot;:&quot;rotateInUpRight&quot;}\" data-widget_type=\"ct_image.default\">\n\t\t\t\t<div class=\"elementor-widget-container\">\n\t\t\t\t\t<div class=\"ct-image-single ct-no-effect   \" data-width=\"\" data-height=\"\" data-wow-delay=\"ms\">\r\n            <div class=\"ct-image-single--inner\">\r\n                            <img fetchpriority=\"high\" decoding=\"async\" width=\"600\" height=\"338\" src=\"https:\/\/german-resources-company.com\/wp-content\/uploads\/2024\/03\/800x450_5704252_Hasafer.com_.jpg\" class=\"no-lazyload img-main attachment-full\" alt=\"\" \/>                    <\/div>\r\n    <\/div>\t\t\t\t<\/div>\n\t\t\t\t<\/div>\n\t\t\t\t<\/div>\n\t\t<div class=\"elementor-element elementor-element-9c7c11d e-con-full e-flex e-con e-child\" data-id=\"9c7c11d\" data-element_type=\"container\" data-e-type=\"container\">\n\t\t\t\t<div class=\"elementor-element elementor-element-239ba94 elementor-invisible elementor-widget elementor-widget-ct_text_editor\" data-id=\"239ba94\" data-element_type=\"widget\" data-e-type=\"widget\" data-settings=\"{&quot;_animation&quot;:&quot;fadeInUp&quot;}\" data-widget_type=\"ct_text_editor.default\">\n\t\t\t\t<div class=\"elementor-widget-container\">\n\t\t\t\t\t<div id=\"ct_text_editor-239ba94\" class=\"ct-text-editor \" data-wow-delay=\"ms\">\n\t<div class=\"ct-item--inner\">\n\t\t<div class=\"ct-inline-css\"  data-css=\"\n\t        \t\t\t\">\n\n\t    <\/div>\n\t\t<div class=\"ct-text-editor elementor-clearfix\">\n\t\t\t<h1>GRC German-Resources-Company GmbH<\/h1><p>GRC German Resources Company GmbH ist ein Gewerbeunternehmen und wurde in Deutschland, in Frankfurt gegr\u00fcndet. Neben den j\u00e4hrlich stattfindenden Messen und Veranstaltungen, wie die Buchmesse, Frankfurter Automobilausstellung, die globale Konsumg\u00fcter- und Textilindustrie, usw. gilt Frankfurt am Main mit der Europ\u00e4ischen Zentralbank und anderen Beh\u00f6rden der Europ\u00e4ischen Union als Wirtschaftshauptstadt Deutschlands und auch als einer der vier Hauptst\u00e4dte der EU.<\/p><p>Durch unsere ausgezeichnete Lage in Frankfurt haben wir eine partnerschaftliche Beziehung mit verschiedenen gewerblichen Einrichtungen und Institutionen im staatlichen und privaten Sektor auf deutscher, europ\u00e4ischer und globaler Ebene aufgebaut.<\/p>\t\t\n\t\t<\/div>\n\t<\/div>\n<\/div>\t\t\t\t<\/div>\n\t\t\t\t<\/div>\n\t\t\t\t<\/div>\n\t\t\t\t\t<\/div>\n\t\t\t\t<\/div>\n\t\t<div class=\"elementor-element elementor-element-f2c6320 e-flex e-con-boxed e-con e-parent\" data-id=\"f2c6320\" data-element_type=\"container\" data-e-type=\"container\">\n\t\t\t\t\t<div class=\"e-con-inner\">\n\t\t\t\t<div class=\"elementor-element elementor-element-d3d40ca elementor-widget elementor-widget-ct_steps\" data-id=\"d3d40ca\" data-element_type=\"widget\" data-e-type=\"widget\" data-widget_type=\"ct_steps.default\">\n\t\t\t\t<div class=\"elementor-widget-container\">\n\t\t\t\t\t    <div class=\"ct-steps-layout1\">\r\n                    <div id=\"ct_steps-d3d40ca-0\" class=\"ct--item\">\r\n                <div class=\"ct-inline-css\"  data-css=\"\r\n                                        \">\r\n                <\/div>\r\n                <div class=\"ct--holder\">\r\n                    <div class=\"ct--holder-inner\">\r\n                        <h5 class=\"ct--title el-empty\">\r\n                            Unsere Vision:                        <\/h5>\r\n                        <div class=\"ct--content el-empty\">\r\n                            Das Bindeglied zwischen den deutschen, europ\u00e4ischen und globalen M\u00e4rkten zu sein.\nEin wesentliches Unterscheidungsmerkmal zur Bindung hoch ausgebildeter und qualifizierter Fachkr\u00e4fte an die Arbeitgeber und Einrichtungen in einer Weise zu sein, die die Interessen beider Parteien angemessen vertritt und den Prozess der menschlichen Entwicklung f\u00fcr alle Nutzer unserer Services optimal steuert.                        <\/div>\r\n                                            <\/div>\r\n                <\/div>\r\n                <div class=\"ct--meta\">\r\n                    <div class=\"ct--meta-inner\">\r\n                        <div class=\"ct--number el-empty\">\r\n                                                    <\/div>\r\n                                                    <div class=\"ct--icon\">\r\n                                <img decoding=\"async\" width=\"74\" height=\"78\" src=\"https:\/\/german-resources-company.com\/wp-content\/uploads\/2023\/03\/h9-section-shape1.png\" class=\"attachment-full\" alt=\"\" \/>                            <\/div>\r\n                                                <div class=\"ct--arrow\"><i class=\"flaticon-next\"><\/i><\/div>\r\n                        <div class=\"ct--line\"><\/div>\r\n                    <\/div>\r\n                <\/div>\r\n           <\/div>\r\n                    <div id=\"ct_steps-d3d40ca-1\" class=\"ct--item\">\r\n                <div class=\"ct-inline-css\"  data-css=\"\r\n                                        \">\r\n                <\/div>\r\n                <div class=\"ct--holder\">\r\n                    <div class=\"ct--holder-inner\">\r\n                        <h5 class=\"ct--title el-empty\">\r\n                            Unser Ziel                        <\/h5>\r\n                        <div class=\"ct--content el-empty\">\r\n                            Wir wollen ein bevorzugter Partner sein: Unternehmertum mit all seinen verschiedenen Bereichen und Handels-, Marketing- und Logistikdienstleistungen f\u00fcr Unternehmen und Privatpersonen.                        <\/div>\r\n                                            <\/div>\r\n                <\/div>\r\n                <div class=\"ct--meta\">\r\n                    <div class=\"ct--meta-inner\">\r\n                        <div class=\"ct--number el-empty\">\r\n                                                    <\/div>\r\n                                                    <div class=\"ct--icon\">\r\n                                <img decoding=\"async\" width=\"115\" height=\"102\" src=\"https:\/\/german-resources-company.com\/wp-content\/uploads\/2023\/03\/h9-shape3.png\" class=\"attachment-full\" alt=\"\" \/>                            <\/div>\r\n                                                <div class=\"ct--arrow\"><i class=\"flaticon-next\"><\/i><\/div>\r\n                        <div class=\"ct--line\"><\/div>\r\n                    <\/div>\r\n                <\/div>\r\n           <\/div>\r\n                    <div id=\"ct_steps-d3d40ca-2\" class=\"ct--item\">\r\n                <div class=\"ct-inline-css\"  data-css=\"\r\n                                        \">\r\n                <\/div>\r\n                <div class=\"ct--holder\">\r\n                    <div class=\"ct--holder-inner\">\r\n                        <h5 class=\"ct--title el-empty\">\r\n                            Unsere Philosophie                        <\/h5>\r\n                        <div class=\"ct--content el-empty\">\r\n                            Durch seine zahlreichen Dienstleistungen versucht unser Unternehmen, ein Netzwerk von Kan\u00e4len zu schaffen, die wiederum dazu beitragen, mehrere Dienstleistungen von hoher Qualit\u00e4t sowie bilaterale Vereinbarungen zwischen deutschen Unternehmen und vielen Unternehmen weltweit bereitzustellen.                        <\/div>\r\n                                            <\/div>\r\n                <\/div>\r\n                <div class=\"ct--meta\">\r\n                    <div class=\"ct--meta-inner\">\r\n                        <div class=\"ct--number el-empty\">\r\n                                                    <\/div>\r\n                                                    <div class=\"ct--icon\">\r\n                                <img loading=\"lazy\" decoding=\"async\" width=\"239\" height=\"273\" src=\"https:\/\/german-resources-company.com\/wp-content\/uploads\/2022\/12\/h7-shape6-clip.png\" class=\"attachment-full\" alt=\"\" \/>                            <\/div>\r\n                                                <div class=\"ct--arrow\"><i class=\"flaticon-next\"><\/i><\/div>\r\n                        <div class=\"ct--line\"><\/div>\r\n                    <\/div>\r\n                <\/div>\r\n           <\/div>\r\n            <\/div>\r\n\t\t\t\t<\/div>\n\t\t\t\t<\/div>\n\t\t\t\t\t<\/div>\n\t\t\t\t<\/div>\n\t\t<div class=\"elementor-element elementor-element-0cd0006 e-flex e-con-boxed e-con e-parent\" data-id=\"0cd0006\" data-element_type=\"container\" data-e-type=\"container\">\n\t\t\t\t\t<div class=\"e-con-inner\">\n\t\t\t\t\t<\/div>\n\t\t\t\t<\/div>\n\t\t\t\t<\/div>\n\t\t","protected":false},"excerpt":{"rendered":"<p>GRC German-Resources-Company GmbH GRC German Resources Company GmbH ist ein Gewerbeunternehmen und wurde in Deutschland, in Frankfurt gegr\u00fcndet. Neben den j\u00e4hrlich stattfindenden Messen und Veranstaltungen, wie die Buchmesse, Frankfurter Automobilausstellung, die globale Konsumg\u00fcter- und Textilindustrie, usw. gilt Frankfurt am Main mit der Europ\u00e4ischen Zentralbank und anderen Beh\u00f6rden der Europ\u00e4ischen Union als Wirtschaftshauptstadt Deutschlands und auch [&hellip;]<\/p>\n","protected":false},"author":1,"featured_media":0,"parent":0,"menu_order":0,"comment_status":"open","ping_status":"closed","template":"","meta":{"footnotes":""},"class_list":["post-9880","page","type-page","status-publish","hentry"],"yoast_head":"<!-- This site is optimized with the Yoast SEO plugin v27.4 - https:\/\/yoast.com\/product\/yoast-seo-wordpress\/ -->\n<title>\u00dcber uns - GRC German Resources Company GmbH - \u0627\u0644\u0634\u0631\u0643\u0629 \u0627\u0644\u0623\u0644\u0645\u0627\u0646\u064a\u0629 \u0644\u0644\u0645\u0648\u0627\u0631\u062f<\/title>\n<meta name=\"description\" content=\"\u0645\u0646 \u0646\u062d\u0646 - \u0627\u0644\u0634\u0631\u0643\u0629 \u0627\u0644\u0623\u0644\u0645\u0627\u0646\u064a\u0629 \u0644\u0644\u0645\u0648\u0627\u0631\u062f \u0634\u0631\u0643\u0629 \u062a\u062c\u0627\u0631\u064a\u0629\u060c \u062a\u0645 \u062a\u0623\u0633\u064a\u0633\u0647\u0627 \u0641\u064a \u062c\u0645\u0647\u0648\u0631\u064a\u0629 \u0623\u0644\u0645\u0627\u0646\u064a\u0627 \u0627\u0644\u0627\u062a\u062d\u0627\u062f\u064a\u0629\u060c\u0645\u062f\u064a\u0646\u0629 \u0641\u0631\u0627\u0646\u0643\u0641\u0648\u0631\u062a\u060c \u0648\u0647\u064a \u0625\u062d\u062f\u0649 \u0643\u0628\u0631\u064a\u0627\u062a \u0627\u0644\u0645\u062f\u0646 \u0627\u0644\u0623\u0644\u0645\u0627\u0646\u064a\u0629\" \/>\n<meta name=\"robots\" content=\"index, follow, max-snippet:-1, max-image-preview:large, max-video-preview:-1\" \/>\n<link rel=\"canonical\" href=\"https:\/\/german-resources-company.com\/?page_id=9880\" \/>\n<meta property=\"og:locale\" content=\"en_US\" \/>\n<meta property=\"og:type\" content=\"article\" \/>\n<meta property=\"og:title\" content=\"\u00dcber uns - GRC German Resources Company GmbH - \u0627\u0644\u0634\u0631\u0643\u0629 \u0627\u0644\u0623\u0644\u0645\u0627\u0646\u064a\u0629 \u0644\u0644\u0645\u0648\u0627\u0631\u062f\" \/>\n<meta property=\"og:description\" content=\"\u0645\u0646 \u0646\u062d\u0646 - \u0627\u0644\u0634\u0631\u0643\u0629 \u0627\u0644\u0623\u0644\u0645\u0627\u0646\u064a\u0629 \u0644\u0644\u0645\u0648\u0627\u0631\u062f \u0634\u0631\u0643\u0629 \u062a\u062c\u0627\u0631\u064a\u0629\u060c \u062a\u0645 \u062a\u0623\u0633\u064a\u0633\u0647\u0627 \u0641\u064a \u062c\u0645\u0647\u0648\u0631\u064a\u0629 \u0623\u0644\u0645\u0627\u0646\u064a\u0627 \u0627\u0644\u0627\u062a\u062d\u0627\u062f\u064a\u0629\u060c\u0645\u062f\u064a\u0646\u0629 \u0641\u0631\u0627\u0646\u0643\u0641\u0648\u0631\u062a\u060c \u0648\u0647\u064a \u0625\u062d\u062f\u0649 \u0643\u0628\u0631\u064a\u0627\u062a \u0627\u0644\u0645\u062f\u0646 \u0627\u0644\u0623\u0644\u0645\u0627\u0646\u064a\u0629\" \/>\n<meta property=\"og:url\" content=\"https:\/\/german-resources-company.com\/?page_id=9880\" \/>\n<meta property=\"og:site_name\" content=\"GRC German Resources Company GmbH\" \/>\n<meta property=\"article:publisher\" content=\"https:\/\/www.facebook.com\/grc.arabic\" \/>\n<meta property=\"article:modified_time\" content=\"2024-03-19T18:58:19+00:00\" \/>\n<meta property=\"og:image\" content=\"https:\/\/german-resources-company.com\/wp-content\/uploads\/2024\/03\/800x450_5704252_Hasafer.com_.jpg\" \/>\n<meta name=\"twitter:card\" content=\"summary_large_image\" \/>\n<meta name=\"twitter:label1\" content=\"Est. reading time\" \/>\n\t<meta name=\"twitter:data1\" content=\"2 minutes\" \/>\n<script type=\"application\/ld+json\" class=\"yoast-schema-graph\">{\"@context\":\"https:\\\/\\\/schema.org\",\"@graph\":[{\"@type\":\"WebPage\",\"@id\":\"https:\\\/\\\/german-resources-company.com\\\/?page_id=9880\",\"url\":\"https:\\\/\\\/german-resources-company.com\\\/?page_id=9880\",\"name\":\"\u00dcber uns - GRC German Resources Company GmbH - \u0627\u0644\u0634\u0631\u0643\u0629 \u0627\u0644\u0623\u0644\u0645\u0627\u0646\u064a\u0629 \u0644\u0644\u0645\u0648\u0627\u0631\u062f\",\"isPartOf\":{\"@id\":\"https:\\\/\\\/german-resources-company.com\\\/#website\"},\"primaryImageOfPage\":{\"@id\":\"https:\\\/\\\/german-resources-company.com\\\/?page_id=9880#primaryimage\"},\"image\":{\"@id\":\"https:\\\/\\\/german-resources-company.com\\\/?page_id=9880#primaryimage\"},\"thumbnailUrl\":\"https:\\\/\\\/german-resources-company.com\\\/wp-content\\\/uploads\\\/2024\\\/03\\\/800x450_5704252_Hasafer.com_.jpg\",\"datePublished\":\"2015-02-20T20:12:13+00:00\",\"dateModified\":\"2024-03-19T18:58:19+00:00\",\"description\":\"\u0645\u0646 \u0646\u062d\u0646 - \u0627\u0644\u0634\u0631\u0643\u0629 \u0627\u0644\u0623\u0644\u0645\u0627\u0646\u064a\u0629 \u0644\u0644\u0645\u0648\u0627\u0631\u062f \u0634\u0631\u0643\u0629 \u062a\u062c\u0627\u0631\u064a\u0629\u060c \u062a\u0645 \u062a\u0623\u0633\u064a\u0633\u0647\u0627 \u0641\u064a \u062c\u0645\u0647\u0648\u0631\u064a\u0629 \u0623\u0644\u0645\u0627\u0646\u064a\u0627 \u0627\u0644\u0627\u062a\u062d\u0627\u062f\u064a\u0629\u060c\u0645\u062f\u064a\u0646\u0629 \u0641\u0631\u0627\u0646\u0643\u0641\u0648\u0631\u062a\u060c \u0648\u0647\u064a \u0625\u062d\u062f\u0649 \u0643\u0628\u0631\u064a\u0627\u062a \u0627\u0644\u0645\u062f\u0646 \u0627\u0644\u0623\u0644\u0645\u0627\u0646\u064a\u0629\",\"breadcrumb\":{\"@id\":\"https:\\\/\\\/german-resources-company.com\\\/?page_id=9880#breadcrumb\"},\"inLanguage\":\"en-US\",\"potentialAction\":[{\"@type\":\"ReadAction\",\"target\":[\"https:\\\/\\\/german-resources-company.com\\\/?page_id=9880\"]}]},{\"@type\":\"ImageObject\",\"inLanguage\":\"en-US\",\"@id\":\"https:\\\/\\\/german-resources-company.com\\\/?page_id=9880#primaryimage\",\"url\":\"https:\\\/\\\/german-resources-company.com\\\/wp-content\\\/uploads\\\/2024\\\/03\\\/800x450_5704252_Hasafer.com_.jpg\",\"contentUrl\":\"https:\\\/\\\/german-resources-company.com\\\/wp-content\\\/uploads\\\/2024\\\/03\\\/800x450_5704252_Hasafer.com_.jpg\",\"width\":600,\"height\":338},{\"@type\":\"BreadcrumbList\",\"@id\":\"https:\\\/\\\/german-resources-company.com\\\/?page_id=9880#breadcrumb\",\"itemListElement\":[{\"@type\":\"ListItem\",\"position\":1,\"name\":\"Startseite\",\"item\":\"https:\\\/\\\/german-resources-company.com\\\/\"},{\"@type\":\"ListItem\",\"position\":2,\"name\":\"\u00dcber uns\"}]},{\"@type\":\"WebSite\",\"@id\":\"https:\\\/\\\/german-resources-company.com\\\/#website\",\"url\":\"https:\\\/\\\/german-resources-company.com\\\/\",\"name\":\"\u0645\u062c\u0645\u0648\u0639\u0629 GRC\",\"description\":\"F\u00fcr Personalwesen, Studien- und Handelsdienstleistungen\",\"publisher\":{\"@id\":\"https:\\\/\\\/german-resources-company.com\\\/#organization\"},\"potentialAction\":[{\"@type\":\"SearchAction\",\"target\":{\"@type\":\"EntryPoint\",\"urlTemplate\":\"https:\\\/\\\/german-resources-company.com\\\/?s={search_term_string}\"},\"query-input\":{\"@type\":\"PropertyValueSpecification\",\"valueRequired\":true,\"valueName\":\"search_term_string\"}}],\"inLanguage\":\"en-US\"},{\"@type\":\"Organization\",\"@id\":\"https:\\\/\\\/german-resources-company.com\\\/#organization\",\"name\":\"GRC German Resources Company GmbH\",\"url\":\"https:\\\/\\\/german-resources-company.com\\\/\",\"logo\":{\"@type\":\"ImageObject\",\"inLanguage\":\"en-US\",\"@id\":\"https:\\\/\\\/german-resources-company.com\\\/#\\\/schema\\\/logo\\\/image\\\/\",\"url\":\"https:\\\/\\\/german-resources-company.com\\\/wp-content\\\/uploads\\\/2021\\\/11\\\/logo-grc-new-ritena.png\",\"contentUrl\":\"https:\\\/\\\/german-resources-company.com\\\/wp-content\\\/uploads\\\/2021\\\/11\\\/logo-grc-new-ritena.png\",\"width\":300,\"height\":172,\"caption\":\"GRC German Resources Company GmbH\"},\"image\":{\"@id\":\"https:\\\/\\\/german-resources-company.com\\\/#\\\/schema\\\/logo\\\/image\\\/\"},\"sameAs\":[\"https:\\\/\\\/www.facebook.com\\\/grc.arabic\",\"https:\\\/\\\/www.youtube.com\\\/channel\\\/UC3karsNFNxkYH4OoeBdU3Ag\"]}]}<\/script>\n<!-- \/ Yoast SEO plugin. -->","yoast_head_json":{"title":"\u00dcber uns - GRC German Resources Company GmbH - \u0627\u0644\u0634\u0631\u0643\u0629 \u0627\u0644\u0623\u0644\u0645\u0627\u0646\u064a\u0629 \u0644\u0644\u0645\u0648\u0627\u0631\u062f","description":"\u0645\u0646 \u0646\u062d\u0646 - \u0627\u0644\u0634\u0631\u0643\u0629 \u0627\u0644\u0623\u0644\u0645\u0627\u0646\u064a\u0629 \u0644\u0644\u0645\u0648\u0627\u0631\u062f \u0634\u0631\u0643\u0629 \u062a\u062c\u0627\u0631\u064a\u0629\u060c \u062a\u0645 \u062a\u0623\u0633\u064a\u0633\u0647\u0627 \u0641\u064a \u062c\u0645\u0647\u0648\u0631\u064a\u0629 \u0623\u0644\u0645\u0627\u0646\u064a\u0627 \u0627\u0644\u0627\u062a\u062d\u0627\u062f\u064a\u0629\u060c\u0645\u062f\u064a\u0646\u0629 \u0641\u0631\u0627\u0646\u0643\u0641\u0648\u0631\u062a\u060c \u0648\u0647\u064a \u0625\u062d\u062f\u0649 \u0643\u0628\u0631\u064a\u0627\u062a \u0627\u0644\u0645\u062f\u0646 \u0627\u0644\u0623\u0644\u0645\u0627\u0646\u064a\u0629","robots":{"index":"index","follow":"follow","max-snippet":"max-snippet:-1","max-image-preview":"max-image-preview:large","max-video-preview":"max-video-preview:-1"},"canonical":"https:\/\/german-resources-company.com\/?page_id=9880","og_locale":"en_US","og_type":"article","og_title":"\u00dcber uns - GRC German Resources Company GmbH - \u0627\u0644\u0634\u0631\u0643\u0629 \u0627\u0644\u0623\u0644\u0645\u0627\u0646\u064a\u0629 \u0644\u0644\u0645\u0648\u0627\u0631\u062f","og_description":"\u0645\u0646 \u0646\u062d\u0646 - \u0627\u0644\u0634\u0631\u0643\u0629 \u0627\u0644\u0623\u0644\u0645\u0627\u0646\u064a\u0629 \u0644\u0644\u0645\u0648\u0627\u0631\u062f \u0634\u0631\u0643\u0629 \u062a\u062c\u0627\u0631\u064a\u0629\u060c \u062a\u0645 \u062a\u0623\u0633\u064a\u0633\u0647\u0627 \u0641\u064a \u062c\u0645\u0647\u0648\u0631\u064a\u0629 \u0623\u0644\u0645\u0627\u0646\u064a\u0627 \u0627\u0644\u0627\u062a\u062d\u0627\u062f\u064a\u0629\u060c\u0645\u062f\u064a\u0646\u0629 \u0641\u0631\u0627\u0646\u0643\u0641\u0648\u0631\u062a\u060c \u0648\u0647\u064a \u0625\u062d\u062f\u0649 \u0643\u0628\u0631\u064a\u0627\u062a \u0627\u0644\u0645\u062f\u0646 \u0627\u0644\u0623\u0644\u0645\u0627\u0646\u064a\u0629","og_url":"https:\/\/german-resources-company.com\/?page_id=9880","og_site_name":"GRC German Resources Company GmbH","article_publisher":"https:\/\/www.facebook.com\/grc.arabic","article_modified_time":"2024-03-19T18:58:19+00:00","og_image":[{"url":"https:\/\/german-resources-company.com\/wp-content\/uploads\/2024\/03\/800x450_5704252_Hasafer.com_.jpg","type":"","width":"","height":""}],"twitter_card":"summary_large_image","twitter_misc":{"Est. reading time":"2 minutes"},"schema":{"@context":"https:\/\/schema.org","@graph":[{"@type":"WebPage","@id":"https:\/\/german-resources-company.com\/?page_id=9880","url":"https:\/\/german-resources-company.com\/?page_id=9880","name":"\u00dcber uns - GRC German Resources Company GmbH - \u0627\u0644\u0634\u0631\u0643\u0629 \u0627\u0644\u0623\u0644\u0645\u0627\u0646\u064a\u0629 \u0644\u0644\u0645\u0648\u0627\u0631\u062f","isPartOf":{"@id":"https:\/\/german-resources-company.com\/#website"},"primaryImageOfPage":{"@id":"https:\/\/german-resources-company.com\/?page_id=9880#primaryimage"},"image":{"@id":"https:\/\/german-resources-company.com\/?page_id=9880#primaryimage"},"thumbnailUrl":"https:\/\/german-resources-company.com\/wp-content\/uploads\/2024\/03\/800x450_5704252_Hasafer.com_.jpg","datePublished":"2015-02-20T20:12:13+00:00","dateModified":"2024-03-19T18:58:19+00:00","description":"\u0645\u0646 \u0646\u062d\u0646 - \u0627\u0644\u0634\u0631\u0643\u0629 \u0627\u0644\u0623\u0644\u0645\u0627\u0646\u064a\u0629 \u0644\u0644\u0645\u0648\u0627\u0631\u062f \u0634\u0631\u0643\u0629 \u062a\u062c\u0627\u0631\u064a\u0629\u060c \u062a\u0645 \u062a\u0623\u0633\u064a\u0633\u0647\u0627 \u0641\u064a \u062c\u0645\u0647\u0648\u0631\u064a\u0629 \u0623\u0644\u0645\u0627\u0646\u064a\u0627 \u0627\u0644\u0627\u062a\u062d\u0627\u062f\u064a\u0629\u060c\u0645\u062f\u064a\u0646\u0629 \u0641\u0631\u0627\u0646\u0643\u0641\u0648\u0631\u062a\u060c \u0648\u0647\u064a \u0625\u062d\u062f\u0649 \u0643\u0628\u0631\u064a\u0627\u062a \u0627\u0644\u0645\u062f\u0646 \u0627\u0644\u0623\u0644\u0645\u0627\u0646\u064a\u0629","breadcrumb":{"@id":"https:\/\/german-resources-company.com\/?page_id=9880#breadcrumb"},"inLanguage":"en-US","potentialAction":[{"@type":"ReadAction","target":["https:\/\/german-resources-company.com\/?page_id=9880"]}]},{"@type":"ImageObject","inLanguage":"en-US","@id":"https:\/\/german-resources-company.com\/?page_id=9880#primaryimage","url":"https:\/\/german-resources-company.com\/wp-content\/uploads\/2024\/03\/800x450_5704252_Hasafer.com_.jpg","contentUrl":"https:\/\/german-resources-company.com\/wp-content\/uploads\/2024\/03\/800x450_5704252_Hasafer.com_.jpg","width":600,"height":338},{"@type":"BreadcrumbList","@id":"https:\/\/german-resources-company.com\/?page_id=9880#breadcrumb","itemListElement":[{"@type":"ListItem","position":1,"name":"Startseite","item":"https:\/\/german-resources-company.com\/"},{"@type":"ListItem","position":2,"name":"\u00dcber uns"}]},{"@type":"WebSite","@id":"https:\/\/german-resources-company.com\/#website","url":"https:\/\/german-resources-company.com\/","name":"\u0645\u062c\u0645\u0648\u0639\u0629 GRC","description":"F\u00fcr Personalwesen, Studien- und Handelsdienstleistungen","publisher":{"@id":"https:\/\/german-resources-company.com\/#organization"},"potentialAction":[{"@type":"SearchAction","target":{"@type":"EntryPoint","urlTemplate":"https:\/\/german-resources-company.com\/?s={search_term_string}"},"query-input":{"@type":"PropertyValueSpecification","valueRequired":true,"valueName":"search_term_string"}}],"inLanguage":"en-US"},{"@type":"Organization","@id":"https:\/\/german-resources-company.com\/#organization","name":"GRC German Resources Company GmbH","url":"https:\/\/german-resources-company.com\/","logo":{"@type":"ImageObject","inLanguage":"en-US","@id":"https:\/\/german-resources-company.com\/#\/schema\/logo\/image\/","url":"https:\/\/german-resources-company.com\/wp-content\/uploads\/2021\/11\/logo-grc-new-ritena.png","contentUrl":"https:\/\/german-resources-company.com\/wp-content\/uploads\/2021\/11\/logo-grc-new-ritena.png","width":300,"height":172,"caption":"GRC German Resources Company GmbH"},"image":{"@id":"https:\/\/german-resources-company.com\/#\/schema\/logo\/image\/"},"sameAs":["https:\/\/www.facebook.com\/grc.arabic","https:\/\/www.youtube.com\/channel\/UC3karsNFNxkYH4OoeBdU3Ag"]}]}},"_links":{"self":[{"href":"https:\/\/german-resources-company.com\/index.php?rest_route=\/wp\/v2\/pages\/9880","targetHints":{"allow":["GET"]}}],"collection":[{"href":"https:\/\/german-resources-company.com\/index.php?rest_route=\/wp\/v2\/pages"}],"about":[{"href":"https:\/\/german-resources-company.com\/index.php?rest_route=\/wp\/v2\/types\/page"}],"author":[{"embeddable":true,"href":"https:\/\/german-resources-company.com\/index.php?rest_route=\/wp\/v2\/users\/1"}],"replies":[{"embeddable":true,"href":"https:\/\/german-resources-company.com\/index.php?rest_route=%2Fwp%2Fv2%2Fcomments&post=9880"}],"version-history":[{"count":6,"href":"https:\/\/german-resources-company.com\/index.php?rest_route=\/wp\/v2\/pages\/9880\/revisions"}],"predecessor-version":[{"id":10058,"href":"https:\/\/german-resources-company.com\/index.php?rest_route=\/wp\/v2\/pages\/9880\/revisions\/10058"}],"wp:attachment":[{"href":"https:\/\/german-resources-company.com\/index.php?rest_route=%2Fwp%2Fv2%2Fmedia&parent=9880"}],"curies":[{"name":"wp","href":"https:\/\/api.w.org\/{rel}","templated":true}]}}