{"id":1825,"date":"2021-11-24T12:23:15","date_gmt":"2021-11-24T12:23:15","guid":{"rendered":"https:\/\/g-r-company.com\/?page_id=1825"},"modified":"2024-04-20T07:26:14","modified_gmt":"2024-04-20T07:26:14","slug":"versicherungsabteilung","status":"publish","type":"page","link":"https:\/\/german-resources-company.com\/?page_id=1825","title":{"rendered":"Versicherungsabteilung"},"content":{"rendered":"\t\t<div data-elementor-type=\"wp-page\" data-elementor-id=\"1825\" class=\"elementor elementor-1825\">\n\t\t\t\t<div class=\"elementor-element elementor-element-1e89671 e-flex e-con-boxed e-con e-parent\" data-id=\"1e89671\" data-element_type=\"container\" data-e-type=\"container\">\n\t\t\t\t\t<div class=\"e-con-inner\">\n\t\t<div class=\"elementor-element elementor-element-9ddc24e e-grid e-con-boxed elementor-invisible e-con e-child\" data-id=\"9ddc24e\" data-element_type=\"container\" data-e-type=\"container\" data-settings=\"{&quot;animation&quot;:&quot;slideInRight&quot;}\">\n\t\t\t\t\t<div class=\"e-con-inner\">\n\t\t\t\t<div class=\"elementor-element elementor-element-d97c192 elementor-widget elementor-widget-heading\" data-id=\"d97c192\" data-element_type=\"widget\" data-e-type=\"widget\" data-widget_type=\"heading.default\">\n\t\t\t\t<div class=\"elementor-widget-container\">\n\t\t\t\t\t<h3 class=\"elementor-heading-title elementor-size-default\">Versicherung durch GRC German-Resources-Company GmbH:<\/h3>\t\t\t\t<\/div>\n\t\t\t\t<\/div>\n\t\t\t\t<div class=\"elementor-element elementor-element-b0e39bc elementor-widget elementor-widget-text-editor\" data-id=\"b0e39bc\" data-element_type=\"widget\" data-e-type=\"widget\" data-widget_type=\"text-editor.default\">\n\t\t\t\t<div class=\"elementor-widget-container\">\n\t\t\t\t\t\t\t\t\t<p>GRC German-Resources-Company GmbH versucht dadurch, das Leben und Eigentum der versicherten Kunden mit dem Unternehmen zu sch\u00fctzen. Durch Vertr\u00e4ge und Vereinbarungen mit Versicherungsunternehmen wird jegliche Art von Sch\u00e4den je nach Art der gezeichneten Versicherungspolice mit dem Versicherungsunternehmen f\u00fcr die Dauer des Abonnementzeitraums<br \/>\u00fcbernommen.<br \/>Und ab dem Zeitpunkt, an dem eine Person eine Aufenthaltserlaubnis zum Arbeiten, Studieren oder zu irgendeinem anderen Zweck erh\u00e4lt, muss sie dem Krankenversicherungssystem beitreten. Personen mit Wohnsitz in Deutschland, einschlie\u00dflich aller deutschen Staatsangeh\u00f6rigen, sind krankenversicherungspflichtig. In der Regel \u00fcbernimmt die Krankenkasse die Kosten f\u00fcr Arztbesuche, Krankenhausaufenthalte und Medikamente.<br \/>Auch Personen, die einen Gesch\u00e4fts- oder Tourismusbesuch, eine Behandlung oder den Besuch einer Veranstaltung unternehmen, haben Anspruch auf eine Reiseversicherung, die ihren Bed\u00fcrfnissen, der Art ihrer Arbeit und dem Zeitraum, den sie in Deutschland oder Europa verbringen, entspricht.<\/p>\t\t\t\t\t\t\t\t<\/div>\n\t\t\t\t<\/div>\n\t\t\t\t\t<\/div>\n\t\t\t\t<\/div>\n\t\t\t\t\t<\/div>\n\t\t\t\t<\/div>\n\t\t<div class=\"elementor-element elementor-element-dd6ca21 e-flex e-con-boxed e-con e-parent\" data-id=\"dd6ca21\" data-element_type=\"container\" data-e-type=\"container\">\n\t\t\t\t\t<div class=\"e-con-inner\">\n\t\t<div class=\"elementor-element elementor-element-bc165f1 e-con-full e-flex e-con e-child\" data-id=\"bc165f1\" data-element_type=\"container\" data-e-type=\"container\">\n\t\t\t\t<\/div>\n\t\t<div class=\"elementor-element elementor-element-bfa235b e-con-full e-flex e-con e-child\" data-id=\"bfa235b\" data-element_type=\"container\" data-e-type=\"container\">\n\t\t\t\t<div class=\"elementor-element elementor-element-70391f3 elementor-invisible elementor-widget elementor-widget-image\" data-id=\"70391f3\" data-element_type=\"widget\" data-e-type=\"widget\" data-settings=\"{&quot;_animation&quot;:&quot;slideInLeft&quot;}\" data-widget_type=\"image.default\">\n\t\t\t\t<div class=\"elementor-widget-container\">\n\t\t\t\t\t\t\t\t\t\t\t\t\t\t\t<img fetchpriority=\"high\" decoding=\"async\" width=\"640\" height=\"640\" src=\"https:\/\/german-resources-company.com\/wp-content\/uploads\/2024\/03\/1fd20ee4-0eb4-424e-8635-b0b9d495e6d5.jpg\" class=\"attachment-large size-large wp-image-10617\" alt=\"\" srcset=\"https:\/\/german-resources-company.com\/wp-content\/uploads\/2024\/03\/1fd20ee4-0eb4-424e-8635-b0b9d495e6d5.jpg 1024w, https:\/\/german-resources-company.com\/wp-content\/uploads\/2024\/03\/1fd20ee4-0eb4-424e-8635-b0b9d495e6d5-300x300.jpg 300w, https:\/\/german-resources-company.com\/wp-content\/uploads\/2024\/03\/1fd20ee4-0eb4-424e-8635-b0b9d495e6d5-150x150.jpg 150w, https:\/\/german-resources-company.com\/wp-content\/uploads\/2024\/03\/1fd20ee4-0eb4-424e-8635-b0b9d495e6d5-768x768.jpg 768w, https:\/\/german-resources-company.com\/wp-content\/uploads\/2024\/03\/1fd20ee4-0eb4-424e-8635-b0b9d495e6d5-90x90.jpg 90w\" sizes=\"(max-width: 640px) 100vw, 640px\" \/>\t\t\t\t\t\t\t\t\t\t\t\t\t\t\t<\/div>\n\t\t\t\t<\/div>\n\t\t\t\t<\/div>\n\t\t\t\t\t<\/div>\n\t\t\t\t<\/div>\n\t\t<div class=\"elementor-element elementor-element-9ef8741 e-flex e-con-boxed e-con e-parent\" data-id=\"9ef8741\" data-element_type=\"container\" data-e-type=\"container\">\n\t\t\t\t\t<div class=\"e-con-inner\">\n\t\t<div class=\"elementor-element elementor-element-c11eede e-con-full e-flex e-con e-child\" data-id=\"c11eede\" data-element_type=\"container\" data-e-type=\"container\">\n\t\t\t\t<div class=\"elementor-element elementor-element-72a7b21 elementor-invisible elementor-widget elementor-widget-image\" data-id=\"72a7b21\" data-element_type=\"widget\" data-e-type=\"widget\" data-settings=\"{&quot;_animation&quot;:&quot;slideInRight&quot;}\" data-widget_type=\"image.default\">\n\t\t\t\t<div class=\"elementor-widget-container\">\n\t\t\t\t\t\t\t\t\t\t\t\t\t\t\t<img decoding=\"async\" width=\"640\" height=\"640\" src=\"https:\/\/german-resources-company.com\/wp-content\/uploads\/2024\/03\/ebe6bbc1-603f-4012-9fb7-7af62e8bf659.jpg\" class=\"attachment-large size-large wp-image-10624\" alt=\"\" srcset=\"https:\/\/german-resources-company.com\/wp-content\/uploads\/2024\/03\/ebe6bbc1-603f-4012-9fb7-7af62e8bf659.jpg 1024w, https:\/\/german-resources-company.com\/wp-content\/uploads\/2024\/03\/ebe6bbc1-603f-4012-9fb7-7af62e8bf659-300x300.jpg 300w, https:\/\/german-resources-company.com\/wp-content\/uploads\/2024\/03\/ebe6bbc1-603f-4012-9fb7-7af62e8bf659-150x150.jpg 150w, https:\/\/german-resources-company.com\/wp-content\/uploads\/2024\/03\/ebe6bbc1-603f-4012-9fb7-7af62e8bf659-768x768.jpg 768w, https:\/\/german-resources-company.com\/wp-content\/uploads\/2024\/03\/ebe6bbc1-603f-4012-9fb7-7af62e8bf659-90x90.jpg 90w\" sizes=\"(max-width: 640px) 100vw, 640px\" \/>\t\t\t\t\t\t\t\t\t\t\t\t\t\t\t<\/div>\n\t\t\t\t<\/div>\n\t\t\t\t<\/div>\n\t\t<div class=\"elementor-element elementor-element-4b14942 e-con-full e-flex e-con e-child\" data-id=\"4b14942\" data-element_type=\"container\" data-e-type=\"container\">\n\t\t\t\t<\/div>\n\t\t\t\t\t<\/div>\n\t\t\t\t<\/div>\n\t\t\t\t<\/div>\n\t\t","protected":false},"excerpt":{"rendered":"<p>Versicherung durch GRC German-Resources-Company GmbH: GRC German-Resources-Company GmbH versucht dadurch, das Leben und Eigentum der versicherten Kunden mit dem Unternehmen zu sch\u00fctzen. Durch Vertr\u00e4ge und Vereinbarungen mit Versicherungsunternehmen wird jegliche Art von Sch\u00e4den je nach Art der gezeichneten Versicherungspolice mit dem Versicherungsunternehmen f\u00fcr die Dauer des Abonnementzeitraums\u00fcbernommen.Und ab dem Zeitpunkt, an dem eine Person eine [&hellip;]<\/p>\n","protected":false},"author":1,"featured_media":0,"parent":0,"menu_order":0,"comment_status":"closed","ping_status":"closed","template":"","meta":{"footnotes":""},"class_list":["post-1825","page","type-page","status-publish","hentry"],"yoast_head":"<!-- This site is optimized with the Yoast SEO plugin v27.4 - https:\/\/yoast.com\/product\/yoast-seo-wordpress\/ -->\n<title>Versicherungsabteilung - GRC German Resources Company GmbH<\/title>\n<meta name=\"description\" content=\"\u0644\u0644\u0639\u0645\u0644\u0627\u0621 \u0627\u0644\u0645\u0645\u064a\u0632\u064a\u0646 \u0627\u0644\u0631\u0627\u063a\u0628\u064a\u0646 \u0628\u062f\u062e\u0648\u0644 \u0627\u0644\u0623\u0633\u0648\u0627\u0642 \u0628\u0637\u0631\u0642 \u0627\u062d\u062a\u0631\u0627\u0641\u064a\u0629 \u0648\u0645\u0645\u064a\u0632\u0629\u00a0\u0648\u0630\u0644\u0643 \u0645\u0646 \u062e\u0644\u0627\u0644 \u0627\u0644\u062a\u0633\u0648\u064a\u0642 \u0627\u0644\u0625\u0644\u0643\u062a\u0631\u0648\u0646\u064a \u0648\u0627\u0644\u062a\u0633\u0648\u064a\u0642 \u0627\u0644\u0645\u0631\u0626\u064a \u0648\u0627\u0644\u0645\u0633\u0645\u0648\u0639\" \/>\n<meta name=\"robots\" content=\"index, follow, max-snippet:-1, max-image-preview:large, max-video-preview:-1\" \/>\n<link rel=\"canonical\" href=\"https:\/\/german-resources-company.com\/?page_id=1825\" \/>\n<meta property=\"og:locale\" content=\"en_US\" \/>\n<meta property=\"og:type\" content=\"article\" \/>\n<meta property=\"og:title\" content=\"Versicherungsabteilung - GRC German Resources Company GmbH\" \/>\n<meta property=\"og:description\" content=\"\u0644\u0644\u0639\u0645\u0644\u0627\u0621 \u0627\u0644\u0645\u0645\u064a\u0632\u064a\u0646 \u0627\u0644\u0631\u0627\u063a\u0628\u064a\u0646 \u0628\u062f\u062e\u0648\u0644 \u0627\u0644\u0623\u0633\u0648\u0627\u0642 \u0628\u0637\u0631\u0642 \u0627\u062d\u062a\u0631\u0627\u0641\u064a\u0629 \u0648\u0645\u0645\u064a\u0632\u0629\u00a0\u0648\u0630\u0644\u0643 \u0645\u0646 \u062e\u0644\u0627\u0644 \u0627\u0644\u062a\u0633\u0648\u064a\u0642 \u0627\u0644\u0625\u0644\u0643\u062a\u0631\u0648\u0646\u064a \u0648\u0627\u0644\u062a\u0633\u0648\u064a\u0642 \u0627\u0644\u0645\u0631\u0626\u064a \u0648\u0627\u0644\u0645\u0633\u0645\u0648\u0639\" \/>\n<meta property=\"og:url\" content=\"https:\/\/german-resources-company.com\/?page_id=1825\" \/>\n<meta property=\"og:site_name\" content=\"GRC German Resources Company GmbH\" \/>\n<meta property=\"article:publisher\" content=\"https:\/\/www.facebook.com\/grc.arabic\" \/>\n<meta property=\"article:modified_time\" content=\"2024-04-20T07:26:14+00:00\" \/>\n<meta property=\"og:image\" content=\"https:\/\/german-resources-company.com\/wp-content\/uploads\/2024\/03\/1fd20ee4-0eb4-424e-8635-b0b9d495e6d5.jpg\" \/>\n<meta name=\"twitter:card\" content=\"summary_large_image\" \/>\n<meta name=\"twitter:label1\" content=\"Est. reading time\" \/>\n\t<meta name=\"twitter:data1\" content=\"8 minutes\" \/>\n<script type=\"application\/ld+json\" class=\"yoast-schema-graph\">{\"@context\":\"https:\\\/\\\/schema.org\",\"@graph\":[{\"@type\":\"WebPage\",\"@id\":\"https:\\\/\\\/german-resources-company.com\\\/?page_id=1825\",\"url\":\"https:\\\/\\\/german-resources-company.com\\\/?page_id=1825\",\"name\":\"Versicherungsabteilung - GRC German Resources Company GmbH\",\"isPartOf\":{\"@id\":\"https:\\\/\\\/german-resources-company.com\\\/#website\"},\"primaryImageOfPage\":{\"@id\":\"https:\\\/\\\/german-resources-company.com\\\/?page_id=1825#primaryimage\"},\"image\":{\"@id\":\"https:\\\/\\\/german-resources-company.com\\\/?page_id=1825#primaryimage\"},\"thumbnailUrl\":\"https:\\\/\\\/german-resources-company.com\\\/wp-content\\\/uploads\\\/2024\\\/03\\\/1fd20ee4-0eb4-424e-8635-b0b9d495e6d5.jpg\",\"datePublished\":\"2021-11-24T12:23:15+00:00\",\"dateModified\":\"2024-04-20T07:26:14+00:00\",\"description\":\"\u0644\u0644\u0639\u0645\u0644\u0627\u0621 \u0627\u0644\u0645\u0645\u064a\u0632\u064a\u0646 \u0627\u0644\u0631\u0627\u063a\u0628\u064a\u0646 \u0628\u062f\u062e\u0648\u0644 \u0627\u0644\u0623\u0633\u0648\u0627\u0642 \u0628\u0637\u0631\u0642 \u0627\u062d\u062a\u0631\u0627\u0641\u064a\u0629 \u0648\u0645\u0645\u064a\u0632\u0629\u00a0\u0648\u0630\u0644\u0643 \u0645\u0646 \u062e\u0644\u0627\u0644 \u0627\u0644\u062a\u0633\u0648\u064a\u0642 \u0627\u0644\u0625\u0644\u0643\u062a\u0631\u0648\u0646\u064a \u0648\u0627\u0644\u062a\u0633\u0648\u064a\u0642 \u0627\u0644\u0645\u0631\u0626\u064a \u0648\u0627\u0644\u0645\u0633\u0645\u0648\u0639\",\"breadcrumb\":{\"@id\":\"https:\\\/\\\/german-resources-company.com\\\/?page_id=1825#breadcrumb\"},\"inLanguage\":\"en-US\",\"potentialAction\":[{\"@type\":\"ReadAction\",\"target\":[\"https:\\\/\\\/german-resources-company.com\\\/?page_id=1825\"]}]},{\"@type\":\"ImageObject\",\"inLanguage\":\"en-US\",\"@id\":\"https:\\\/\\\/german-resources-company.com\\\/?page_id=1825#primaryimage\",\"url\":\"https:\\\/\\\/german-resources-company.com\\\/wp-content\\\/uploads\\\/2024\\\/03\\\/1fd20ee4-0eb4-424e-8635-b0b9d495e6d5.jpg\",\"contentUrl\":\"https:\\\/\\\/german-resources-company.com\\\/wp-content\\\/uploads\\\/2024\\\/03\\\/1fd20ee4-0eb4-424e-8635-b0b9d495e6d5.jpg\",\"width\":1024,\"height\":1024},{\"@type\":\"BreadcrumbList\",\"@id\":\"https:\\\/\\\/german-resources-company.com\\\/?page_id=1825#breadcrumb\",\"itemListElement\":[{\"@type\":\"ListItem\",\"position\":1,\"name\":\"Startseite\",\"item\":\"https:\\\/\\\/german-resources-company.com\\\/\"},{\"@type\":\"ListItem\",\"position\":2,\"name\":\"Versicherungsabteilung\"}]},{\"@type\":\"WebSite\",\"@id\":\"https:\\\/\\\/german-resources-company.com\\\/#website\",\"url\":\"https:\\\/\\\/german-resources-company.com\\\/\",\"name\":\"\u0645\u062c\u0645\u0648\u0639\u0629 GRC\",\"description\":\"F\u00fcr Personalwesen, Studien- und Handelsdienstleistungen\",\"publisher\":{\"@id\":\"https:\\\/\\\/german-resources-company.com\\\/#organization\"},\"potentialAction\":[{\"@type\":\"SearchAction\",\"target\":{\"@type\":\"EntryPoint\",\"urlTemplate\":\"https:\\\/\\\/german-resources-company.com\\\/?s={search_term_string}\"},\"query-input\":{\"@type\":\"PropertyValueSpecification\",\"valueRequired\":true,\"valueName\":\"search_term_string\"}}],\"inLanguage\":\"en-US\"},{\"@type\":\"Organization\",\"@id\":\"https:\\\/\\\/german-resources-company.com\\\/#organization\",\"name\":\"GRC German Resources Company GmbH\",\"url\":\"https:\\\/\\\/german-resources-company.com\\\/\",\"logo\":{\"@type\":\"ImageObject\",\"inLanguage\":\"en-US\",\"@id\":\"https:\\\/\\\/german-resources-company.com\\\/#\\\/schema\\\/logo\\\/image\\\/\",\"url\":\"https:\\\/\\\/german-resources-company.com\\\/wp-content\\\/uploads\\\/2021\\\/11\\\/logo-grc-new-ritena.png\",\"contentUrl\":\"https:\\\/\\\/german-resources-company.com\\\/wp-content\\\/uploads\\\/2021\\\/11\\\/logo-grc-new-ritena.png\",\"width\":300,\"height\":172,\"caption\":\"GRC German Resources Company GmbH\"},\"image\":{\"@id\":\"https:\\\/\\\/german-resources-company.com\\\/#\\\/schema\\\/logo\\\/image\\\/\"},\"sameAs\":[\"https:\\\/\\\/www.facebook.com\\\/grc.arabic\",\"https:\\\/\\\/www.youtube.com\\\/channel\\\/UC3karsNFNxkYH4OoeBdU3Ag\"]}]}<\/script>\n<!-- \/ Yoast SEO plugin. -->","yoast_head_json":{"title":"Versicherungsabteilung - GRC German Resources Company GmbH","description":"\u0644\u0644\u0639\u0645\u0644\u0627\u0621 \u0627\u0644\u0645\u0645\u064a\u0632\u064a\u0646 \u0627\u0644\u0631\u0627\u063a\u0628\u064a\u0646 \u0628\u062f\u062e\u0648\u0644 \u0627\u0644\u0623\u0633\u0648\u0627\u0642 \u0628\u0637\u0631\u0642 \u0627\u062d\u062a\u0631\u0627\u0641\u064a\u0629 \u0648\u0645\u0645\u064a\u0632\u0629\u00a0\u0648\u0630\u0644\u0643 \u0645\u0646 \u062e\u0644\u0627\u0644 \u0627\u0644\u062a\u0633\u0648\u064a\u0642 \u0627\u0644\u0625\u0644\u0643\u062a\u0631\u0648\u0646\u064a \u0648\u0627\u0644\u062a\u0633\u0648\u064a\u0642 \u0627\u0644\u0645\u0631\u0626\u064a \u0648\u0627\u0644\u0645\u0633\u0645\u0648\u0639","robots":{"index":"index","follow":"follow","max-snippet":"max-snippet:-1","max-image-preview":"max-image-preview:large","max-video-preview":"max-video-preview:-1"},"canonical":"https:\/\/german-resources-company.com\/?page_id=1825","og_locale":"en_US","og_type":"article","og_title":"Versicherungsabteilung - GRC German Resources Company GmbH","og_description":"\u0644\u0644\u0639\u0645\u0644\u0627\u0621 \u0627\u0644\u0645\u0645\u064a\u0632\u064a\u0646 \u0627\u0644\u0631\u0627\u063a\u0628\u064a\u0646 \u0628\u062f\u062e\u0648\u0644 \u0627\u0644\u0623\u0633\u0648\u0627\u0642 \u0628\u0637\u0631\u0642 \u0627\u062d\u062a\u0631\u0627\u0641\u064a\u0629 \u0648\u0645\u0645\u064a\u0632\u0629\u00a0\u0648\u0630\u0644\u0643 \u0645\u0646 \u062e\u0644\u0627\u0644 \u0627\u0644\u062a\u0633\u0648\u064a\u0642 \u0627\u0644\u0625\u0644\u0643\u062a\u0631\u0648\u0646\u064a \u0648\u0627\u0644\u062a\u0633\u0648\u064a\u0642 \u0627\u0644\u0645\u0631\u0626\u064a \u0648\u0627\u0644\u0645\u0633\u0645\u0648\u0639","og_url":"https:\/\/german-resources-company.com\/?page_id=1825","og_site_name":"GRC German Resources Company GmbH","article_publisher":"https:\/\/www.facebook.com\/grc.arabic","article_modified_time":"2024-04-20T07:26:14+00:00","og_image":[{"url":"https:\/\/german-resources-company.com\/wp-content\/uploads\/2024\/03\/1fd20ee4-0eb4-424e-8635-b0b9d495e6d5.jpg","type":"","width":"","height":""}],"twitter_card":"summary_large_image","twitter_misc":{"Est. reading time":"8 minutes"},"schema":{"@context":"https:\/\/schema.org","@graph":[{"@type":"WebPage","@id":"https:\/\/german-resources-company.com\/?page_id=1825","url":"https:\/\/german-resources-company.com\/?page_id=1825","name":"Versicherungsabteilung - GRC German Resources Company GmbH","isPartOf":{"@id":"https:\/\/german-resources-company.com\/#website"},"primaryImageOfPage":{"@id":"https:\/\/german-resources-company.com\/?page_id=1825#primaryimage"},"image":{"@id":"https:\/\/german-resources-company.com\/?page_id=1825#primaryimage"},"thumbnailUrl":"https:\/\/german-resources-company.com\/wp-content\/uploads\/2024\/03\/1fd20ee4-0eb4-424e-8635-b0b9d495e6d5.jpg","datePublished":"2021-11-24T12:23:15+00:00","dateModified":"2024-04-20T07:26:14+00:00","description":"\u0644\u0644\u0639\u0645\u0644\u0627\u0621 \u0627\u0644\u0645\u0645\u064a\u0632\u064a\u0646 \u0627\u0644\u0631\u0627\u063a\u0628\u064a\u0646 \u0628\u062f\u062e\u0648\u0644 \u0627\u0644\u0623\u0633\u0648\u0627\u0642 \u0628\u0637\u0631\u0642 \u0627\u062d\u062a\u0631\u0627\u0641\u064a\u0629 \u0648\u0645\u0645\u064a\u0632\u0629\u00a0\u0648\u0630\u0644\u0643 \u0645\u0646 \u062e\u0644\u0627\u0644 \u0627\u0644\u062a\u0633\u0648\u064a\u0642 \u0627\u0644\u0625\u0644\u0643\u062a\u0631\u0648\u0646\u064a \u0648\u0627\u0644\u062a\u0633\u0648\u064a\u0642 \u0627\u0644\u0645\u0631\u0626\u064a \u0648\u0627\u0644\u0645\u0633\u0645\u0648\u0639","breadcrumb":{"@id":"https:\/\/german-resources-company.com\/?page_id=1825#breadcrumb"},"inLanguage":"en-US","potentialAction":[{"@type":"ReadAction","target":["https:\/\/german-resources-company.com\/?page_id=1825"]}]},{"@type":"ImageObject","inLanguage":"en-US","@id":"https:\/\/german-resources-company.com\/?page_id=1825#primaryimage","url":"https:\/\/german-resources-company.com\/wp-content\/uploads\/2024\/03\/1fd20ee4-0eb4-424e-8635-b0b9d495e6d5.jpg","contentUrl":"https:\/\/german-resources-company.com\/wp-content\/uploads\/2024\/03\/1fd20ee4-0eb4-424e-8635-b0b9d495e6d5.jpg","width":1024,"height":1024},{"@type":"BreadcrumbList","@id":"https:\/\/german-resources-company.com\/?page_id=1825#breadcrumb","itemListElement":[{"@type":"ListItem","position":1,"name":"Startseite","item":"https:\/\/german-resources-company.com\/"},{"@type":"ListItem","position":2,"name":"Versicherungsabteilung"}]},{"@type":"WebSite","@id":"https:\/\/german-resources-company.com\/#website","url":"https:\/\/german-resources-company.com\/","name":"\u0645\u062c\u0645\u0648\u0639\u0629 GRC","description":"F\u00fcr Personalwesen, Studien- und Handelsdienstleistungen","publisher":{"@id":"https:\/\/german-resources-company.com\/#organization"},"potentialAction":[{"@type":"SearchAction","target":{"@type":"EntryPoint","urlTemplate":"https:\/\/german-resources-company.com\/?s={search_term_string}"},"query-input":{"@type":"PropertyValueSpecification","valueRequired":true,"valueName":"search_term_string"}}],"inLanguage":"en-US"},{"@type":"Organization","@id":"https:\/\/german-resources-company.com\/#organization","name":"GRC German Resources Company GmbH","url":"https:\/\/german-resources-company.com\/","logo":{"@type":"ImageObject","inLanguage":"en-US","@id":"https:\/\/german-resources-company.com\/#\/schema\/logo\/image\/","url":"https:\/\/german-resources-company.com\/wp-content\/uploads\/2021\/11\/logo-grc-new-ritena.png","contentUrl":"https:\/\/german-resources-company.com\/wp-content\/uploads\/2021\/11\/logo-grc-new-ritena.png","width":300,"height":172,"caption":"GRC German Resources Company GmbH"},"image":{"@id":"https:\/\/german-resources-company.com\/#\/schema\/logo\/image\/"},"sameAs":["https:\/\/www.facebook.com\/grc.arabic","https:\/\/www.youtube.com\/channel\/UC3karsNFNxkYH4OoeBdU3Ag"]}]}},"_links":{"self":[{"href":"https:\/\/german-resources-company.com\/index.php?rest_route=\/wp\/v2\/pages\/1825","targetHints":{"allow":["GET"]}}],"collection":[{"href":"https:\/\/german-resources-company.com\/index.php?rest_route=\/wp\/v2\/pages"}],"about":[{"href":"https:\/\/german-resources-company.com\/index.php?rest_route=\/wp\/v2\/types\/page"}],"author":[{"embeddable":true,"href":"https:\/\/german-resources-company.com\/index.php?rest_route=\/wp\/v2\/users\/1"}],"replies":[{"embeddable":true,"href":"https:\/\/german-resources-company.com\/index.php?rest_route=%2Fwp%2Fv2%2Fcomments&post=1825"}],"version-history":[{"count":12,"href":"https:\/\/german-resources-company.com\/index.php?rest_route=\/wp\/v2\/pages\/1825\/revisions"}],"predecessor-version":[{"id":10840,"href":"https:\/\/german-resources-company.com\/index.php?rest_route=\/wp\/v2\/pages\/1825\/revisions\/10840"}],"wp:attachment":[{"href":"https:\/\/german-resources-company.com\/index.php?rest_route=%2Fwp%2Fv2%2Fmedia&parent=1825"}],"curies":[{"name":"wp","href":"https:\/\/api.w.org\/{rel}","templated":true}]}}