{"id":1807,"date":"2021-11-24T10:55:16","date_gmt":"2021-11-24T10:55:16","guid":{"rendered":"https:\/\/g-r-company.com\/?page_id=1807"},"modified":"2024-04-20T07:39:14","modified_gmt":"2024-04-20T07:39:14","slug":"tourismus-und-reisen-in-deutschland","status":"publish","type":"page","link":"https:\/\/german-resources-company.com\/?page_id=1807","title":{"rendered":"Tourismus und Reisen in Deutschland"},"content":{"rendered":"\t\t<div data-elementor-type=\"wp-page\" data-elementor-id=\"1807\" class=\"elementor elementor-1807\">\n\t\t\t\t<div class=\"elementor-element elementor-element-0fcd1aa e-flex e-con-boxed e-con e-parent\" data-id=\"0fcd1aa\" data-element_type=\"container\" data-e-type=\"container\">\n\t\t\t\t\t<div class=\"e-con-inner\">\n\t\t<div class=\"elementor-element elementor-element-cb6c7f5 e-con-full e-flex e-con e-child\" data-id=\"cb6c7f5\" data-element_type=\"container\" data-e-type=\"container\">\n\t\t\t\t<div class=\"elementor-element elementor-element-4852667 elementor-invisible elementor-widget elementor-widget-text-editor\" data-id=\"4852667\" data-element_type=\"widget\" data-e-type=\"widget\" data-settings=\"{&quot;_animation&quot;:&quot;slideInLeft&quot;}\" data-widget_type=\"text-editor.default\">\n\t\t\t\t<div class=\"elementor-widget-container\">\n\t\t\t\t\t\t\t\t\t<p><img fetchpriority=\"high\" decoding=\"async\" class=\"size-medium wp-image-10642 alignleft\" src=\"https:\/\/german-resources-company.com\/wp-content\/uploads\/2024\/03\/berlin-4860600_1280-300x258.jpg\" alt=\"\" width=\"300\" height=\"258\" srcset=\"https:\/\/german-resources-company.com\/wp-content\/uploads\/2024\/03\/berlin-4860600_1280-300x258.jpg 300w, https:\/\/german-resources-company.com\/wp-content\/uploads\/2024\/03\/berlin-4860600_1280-1024x879.jpg 1024w, https:\/\/german-resources-company.com\/wp-content\/uploads\/2024\/03\/berlin-4860600_1280-768x659.jpg 768w, https:\/\/german-resources-company.com\/wp-content\/uploads\/2024\/03\/berlin-4860600_1280-61x52.jpg 61w, https:\/\/german-resources-company.com\/wp-content\/uploads\/2024\/03\/berlin-4860600_1280.jpg 1280w\" sizes=\"(max-width: 300px) 100vw, 300px\" \/>Aufgrund der langen Geschichte, der inh\u00e4renten Zivilisation, der vielf\u00e4ltigen Klima- und Geografie sowie der medizinischen und technischen Entwicklung wird Deutschland als Reiseziel f\u00fcr viele Menschen auf der ganzen Welt betrachtet. GRC German-Resources-Company GmbH macht sich u. a. zur Aufgabe, den anspruchsvollsten Kunden touristische Dienstleistungen optimaler Qualit\u00e4t anzubieten, die ihrer Zufriedenheit entsprechen.<br \/>GRC German-Resources-Company GmbH verpflichtet sich, das vereinbarte Tourismusprogramm in allen seinen Bestimmungen umzusetzen.<br \/>Deutschland zeichnet sich im Allgemeinen durch ein mildes Klima aus und es regnet fast das ganze Jahr \u00fcber. Im Allgemeinen ist der Fr\u00fchling die beste Jahreszeit, um Deutschland zwischen April und Mai zu bereisen, wo Deutschland in ein gr\u00fcnes, mit Blumen geschm\u00fccktes Kleid geh\u00fcllt ist und sich f\u00fcr Ausfl\u00fcge und Picknicks eignet. Der Sommer ist auch eine milde Jahreszeit mit hoher Luftfeuchtigkeit und mehr Niederschlagswahrscheinlichkeit.<br \/>Im Herbst, zwischen Oktober und November, ist das Wetter zeitweise sonnig und es wird Anfang November neblig. Deutschland gilt als eines der kalten L\u00e4nder im Winter, in denen Schnee f\u00e4llt, und es ist ein geeignetes Reiseziel f\u00fcr Liebhaber von Wintersportarten wie Skifahren und Schneeliebhaber.<br \/>Arten von touristischen Aktivit\u00e4ten in Deutschland<br \/>\u2022 Eine Gruppenreise: In einer Gruppe zu reisen, hat viele Vorteile. Geleitet von erfahrenen Insidern lernen Sie Kultur und Natur vor Ort intensiv kennen. GRC German-Resources-Company GmbH \u00fcbernimmt die gesamte Organisation der Reise, k\u00fcmmert sich um die passende An- und Abreise, Wohlf\u00fchl\u00fcbernachtungen, spannend-entspannte Ausfl\u00fcge und abwechslungsreiche, regionale Verpflegung.<br \/>\u2022 Luxusreisen: GRC German-Resources-Company GmbH stellt f\u00fcr Sie ma\u00dfgeschneiderte Reisen nach Ihren W\u00fcnschen zusammen. F\u00fcr einmalige Erlebnisse und Momente, die unter die Haut gehen. Wir organisieren Ihre perfekte Luxusreise vom Flug bis zur Betreuung vor Ort.<br \/>\u2022 Spezialreisen Reisen: Ob Sie alleine, zu zweit, mit Ihren Freunden oder dem Verein reisen, k\u00f6nnen Sie das Reiseprogramm zum Datum Ihrer Wahl gestalten bzw. ma\u00dfschneidern. Bei Individualreise bringen Sie Ihre Vorstellungen und Reisew\u00fcnsche mit in die Reiseplanung ein und sind mit Ihrem pers\u00f6nlichen lokalen Guide, Ihrem Driver-Guide oder per Mietwagen unterwegs.<\/p>\t\t\t\t\t\t\t\t<\/div>\n\t\t\t\t<\/div>\n\t\t\t\t<\/div>\n\t\t\t\t\t<\/div>\n\t\t\t\t<\/div>\n\t\t<div class=\"elementor-element elementor-element-f741951 e-flex e-con-boxed e-con e-parent\" data-id=\"f741951\" data-element_type=\"container\" data-e-type=\"container\">\n\t\t\t\t\t<div class=\"e-con-inner\">\n\t\t<div class=\"elementor-element elementor-element-d066635 e-con-full e-flex e-con e-child\" data-id=\"d066635\" data-element_type=\"container\" data-e-type=\"container\">\n\t\t<div class=\"elementor-element elementor-element-2f6e814 e-grid e-con-boxed elementor-invisible e-con e-child\" data-id=\"2f6e814\" data-element_type=\"container\" data-e-type=\"container\" data-settings=\"{&quot;animation&quot;:&quot;fadeInUp&quot;}\">\n\t\t\t\t\t<div class=\"e-con-inner\">\n\t\t\t\t<div class=\"elementor-element elementor-element-8be0644 elementor-widget elementor-widget-ct_heading\" data-id=\"8be0644\" data-element_type=\"widget\" data-e-type=\"widget\" data-widget_type=\"ct_heading.default\">\n\t\t\t\t<div class=\"elementor-widget-container\">\n\t\t\t\t\t<div id=\"ct_heading-8be0644\" class=\"ct-heading h-align- item-st-default highlight-style1\">\r\n  <div class=\"ct-heading--inner\"> \r\n    <div class=\"ct-inline-css\"  data-css=\"\r\n                                \">\r\n    <\/div>\r\n  \r\n\t    <h3 class=\"item--title st-default \" data-wow-delay=\"ms\">\r\n        <span class=\"ct-text-inner\">Tourismus und Reisen in Deutschland:<\/span>    <\/h3>\r\n  <\/div>\r\n<\/div>\r\n\t\t\t\t<\/div>\n\t\t\t\t<\/div>\n\t\t\t\t<div class=\"elementor-element elementor-element-8aec86d elementor-widget elementor-widget-image\" data-id=\"8aec86d\" data-element_type=\"widget\" data-e-type=\"widget\" data-widget_type=\"image.default\">\n\t\t\t\t<div class=\"elementor-widget-container\">\n\t\t\t\t\t\t\t\t\t\t\t\t\t\t\t<img decoding=\"async\" width=\"640\" height=\"346\" src=\"https:\/\/german-resources-company.com\/wp-content\/uploads\/2024\/03\/frankfurt-76666_1280-1024x554.jpg\" class=\"attachment-large size-large wp-image-10643\" alt=\"\" srcset=\"https:\/\/german-resources-company.com\/wp-content\/uploads\/2024\/03\/frankfurt-76666_1280-1024x554.jpg 1024w, https:\/\/german-resources-company.com\/wp-content\/uploads\/2024\/03\/frankfurt-76666_1280-300x162.jpg 300w, https:\/\/german-resources-company.com\/wp-content\/uploads\/2024\/03\/frankfurt-76666_1280-768x416.jpg 768w, https:\/\/german-resources-company.com\/wp-content\/uploads\/2024\/03\/frankfurt-76666_1280.jpg 1280w\" sizes=\"(max-width: 640px) 100vw, 640px\" \/>\t\t\t\t\t\t\t\t\t\t\t\t\t\t\t<\/div>\n\t\t\t\t<\/div>\n\t\t\t\t\t<\/div>\n\t\t\t\t<\/div>\n\t\t\t\t<\/div>\n\t\t<div class=\"elementor-element elementor-element-ba84813 e-con-full e-flex e-con e-child\" data-id=\"ba84813\" data-element_type=\"container\" data-e-type=\"container\">\n\t\t<div class=\"elementor-element elementor-element-21a28e5 e-grid e-con-boxed elementor-invisible e-con e-child\" data-id=\"21a28e5\" data-element_type=\"container\" data-e-type=\"container\" data-settings=\"{&quot;animation&quot;:&quot;fadeInUp&quot;}\">\n\t\t\t\t\t<div class=\"e-con-inner\">\n\t\t\t\t<div class=\"elementor-element elementor-element-09a0019 elementor-widget elementor-widget-heading\" data-id=\"09a0019\" data-element_type=\"widget\" data-e-type=\"widget\" data-widget_type=\"heading.default\">\n\t\t\t\t<div class=\"elementor-widget-container\">\n\t\t\t\t\t<h2 class=\"elementor-heading-title elementor-size-default\">Arten von touristischen Aktivit\u00e4ten in Deutschland:\n<\/h2>\t\t\t\t<\/div>\n\t\t\t\t<\/div>\n\t\t\t\t<div class=\"elementor-element elementor-element-f74ba09 elementor-widget elementor-widget-text-editor\" data-id=\"f74ba09\" data-element_type=\"widget\" data-e-type=\"widget\" data-widget_type=\"text-editor.default\">\n\t\t\t\t<div class=\"elementor-widget-container\">\n\t\t\t\t\t\t\t\t\t<p>\u2022 Eine Gruppenreise: In einer Gruppe zu reisen, hat viele Vorteile. Geleitet von erfahrenen Insidern lernen Sie Kultur und Natur vor Ort intensiv kennen. GRC German-Resources-Company GmbH \u00fcbernimmt die gesamte Organisation der Reise, k\u00fcmmert sich um die passende An- und Abreise, Wohlf\u00fchl\u00fcbernachtungen, spannend-entspannte Ausfl\u00fcge und abwechslungsreiche, regionale Verpflegung.<br \/>\u2022 Luxusreisen: GRC German-Resources-Company GmbH stellt f\u00fcr Sie ma\u00dfgeschneiderte Reisen nach Ihren W\u00fcnschen zusammen. F\u00fcr einmalige Erlebnisse und Momente, die unter die Haut gehen. Wir organisieren Ihre perfekte Luxusreise vom Flug bis zur Betreuung vor Ort.<br \/>\u2022 Spezialreisen Reisen: Ob Sie alleine, zu zweit, mit Ihren Freunden oder dem Verein reisen, k\u00f6nnen Sie das Reiseprogramm zum Datum Ihrer Wahl gestalten bzw. ma\u00dfschneidern. Bei Individualreise bringen Sie Ihre Vorstellungen und Reisew\u00fcnsche mit in die Reiseplanung ein und sind mit Ihrem pers\u00f6nlichen lokalen Guide, Ihrem Driver-Guide oder per Mietwagen unterwegs.<\/p>\t\t\t\t\t\t\t\t<\/div>\n\t\t\t\t<\/div>\n\t\t\t\t\t<\/div>\n\t\t\t\t<\/div>\n\t\t\t\t<\/div>\n\t\t\t\t\t<\/div>\n\t\t\t\t<\/div>\n\t\t<div class=\"elementor-element elementor-element-5641e8a e-flex e-con-boxed e-con e-parent\" data-id=\"5641e8a\" data-element_type=\"container\" data-e-type=\"container\">\n\t\t\t\t\t<div class=\"e-con-inner\">\n\t\t<div class=\"elementor-element elementor-element-98aec2b e-con-full e-flex e-con e-child\" data-id=\"98aec2b\" data-element_type=\"container\" data-e-type=\"container\">\n\t\t<div class=\"elementor-element elementor-element-8598b3c e-grid e-con-boxed elementor-invisible e-con e-child\" data-id=\"8598b3c\" data-element_type=\"container\" data-e-type=\"container\" data-settings=\"{&quot;animation&quot;:&quot;slideInUp&quot;}\">\n\t\t\t\t\t<div class=\"e-con-inner\">\n\t\t\t\t<div class=\"elementor-element elementor-element-e671d65 elementor-widget elementor-widget-heading\" data-id=\"e671d65\" data-element_type=\"widget\" data-e-type=\"widget\" data-widget_type=\"heading.default\">\n\t\t\t\t<div class=\"elementor-widget-container\">\n\t\t\t\t\t<h2 class=\"elementor-heading-title elementor-size-default\">Behandlungsreise\/\nMedizintourismus:<\/h2>\t\t\t\t<\/div>\n\t\t\t\t<\/div>\n\t\t\t\t\t<\/div>\n\t\t\t\t<\/div>\n\t\t\t\t<\/div>\n\t\t<div class=\"elementor-element elementor-element-892e688 e-con-full e-flex e-con e-child\" data-id=\"892e688\" data-element_type=\"container\" data-e-type=\"container\">\n\t\t\t\t<div class=\"elementor-element elementor-element-c79eccf elementor-invisible elementor-widget elementor-widget-image\" data-id=\"c79eccf\" data-element_type=\"widget\" data-e-type=\"widget\" data-settings=\"{&quot;_animation&quot;:&quot;fadeInUp&quot;}\" data-widget_type=\"image.default\">\n\t\t\t\t<div class=\"elementor-widget-container\">\n\t\t\t\t\t\t\t\t\t\t\t\t\t\t\t<img decoding=\"async\" width=\"640\" height=\"426\" src=\"https:\/\/german-resources-company.com\/wp-content\/uploads\/2024\/03\/city-3660779_1280-1024x682.jpg\" class=\"attachment-large size-large wp-image-10658\" alt=\"\" srcset=\"https:\/\/german-resources-company.com\/wp-content\/uploads\/2024\/03\/city-3660779_1280-1024x682.jpg 1024w, https:\/\/german-resources-company.com\/wp-content\/uploads\/2024\/03\/city-3660779_1280-300x200.jpg 300w, https:\/\/german-resources-company.com\/wp-content\/uploads\/2024\/03\/city-3660779_1280-768x512.jpg 768w, https:\/\/german-resources-company.com\/wp-content\/uploads\/2024\/03\/city-3660779_1280.jpg 1280w\" sizes=\"(max-width: 640px) 100vw, 640px\" \/>\t\t\t\t\t\t\t\t\t\t\t\t\t\t\t<\/div>\n\t\t\t\t<\/div>\n\t\t\t\t<\/div>\n\t\t\t\t\t<\/div>\n\t\t\t\t<\/div>\n\t\t<div class=\"elementor-element elementor-element-3b2454f e-flex e-con-boxed e-con e-parent\" data-id=\"3b2454f\" data-element_type=\"container\" data-e-type=\"container\">\n\t\t\t\t\t<div class=\"e-con-inner\">\n\t\t<div class=\"elementor-element elementor-element-0d3e19a e-con-full e-flex e-con e-child\" data-id=\"0d3e19a\" data-element_type=\"container\" data-e-type=\"container\">\n\t\t\t\t<div class=\"elementor-element elementor-element-132a05b elementor-invisible elementor-widget elementor-widget-image\" data-id=\"132a05b\" data-element_type=\"widget\" data-e-type=\"widget\" data-settings=\"{&quot;_animation&quot;:&quot;fadeInUp&quot;}\" data-widget_type=\"image.default\">\n\t\t\t\t<div class=\"elementor-widget-container\">\n\t\t\t\t\t\t\t\t\t\t\t\t\t\t\t<img loading=\"lazy\" decoding=\"async\" width=\"640\" height=\"424\" src=\"https:\/\/german-resources-company.com\/wp-content\/uploads\/2024\/03\/berlin-8429780_1280-1024x679.jpg\" class=\"attachment-large size-large wp-image-10644\" alt=\"\" srcset=\"https:\/\/german-resources-company.com\/wp-content\/uploads\/2024\/03\/berlin-8429780_1280-1024x679.jpg 1024w, https:\/\/german-resources-company.com\/wp-content\/uploads\/2024\/03\/berlin-8429780_1280-300x199.jpg 300w, https:\/\/german-resources-company.com\/wp-content\/uploads\/2024\/03\/berlin-8429780_1280-768x509.jpg 768w, https:\/\/german-resources-company.com\/wp-content\/uploads\/2024\/03\/berlin-8429780_1280.jpg 1280w\" sizes=\"(max-width: 640px) 100vw, 640px\" \/>\t\t\t\t\t\t\t\t\t\t\t\t\t\t\t<\/div>\n\t\t\t\t<\/div>\n\t\t\t\t<\/div>\n\t\t<div class=\"elementor-element elementor-element-3316620 e-con-full e-flex e-con e-child\" data-id=\"3316620\" data-element_type=\"container\" data-e-type=\"container\">\n\t\t<div class=\"elementor-element elementor-element-3e500cc e-grid e-con-boxed elementor-invisible e-con e-child\" data-id=\"3e500cc\" data-element_type=\"container\" data-e-type=\"container\" data-settings=\"{&quot;animation&quot;:&quot;fadeInUp&quot;}\">\n\t\t\t\t\t<div class=\"e-con-inner\">\n\t\t\t\t<div class=\"elementor-element elementor-element-bfbf64e elementor-widget elementor-widget-heading\" data-id=\"bfbf64e\" data-element_type=\"widget\" data-e-type=\"widget\" data-widget_type=\"heading.default\">\n\t\t\t\t<div class=\"elementor-widget-container\">\n\t\t\t\t\t<h2 class=\"elementor-heading-title elementor-size-default\">Sonderreisen:<\/h2>\t\t\t\t<\/div>\n\t\t\t\t<\/div>\n\t\t\t\t\t<\/div>\n\t\t\t\t<\/div>\n\t\t\t\t<\/div>\n\t\t\t\t\t<\/div>\n\t\t\t\t<\/div>\n\t\t\t\t<\/div>\n\t\t","protected":false},"excerpt":{"rendered":"<p>Aufgrund der langen Geschichte, der inh\u00e4renten Zivilisation, der vielf\u00e4ltigen Klima- und Geografie sowie der medizinischen und technischen Entwicklung wird Deutschland als Reiseziel f\u00fcr viele Menschen auf der ganzen Welt betrachtet. GRC German-Resources-Company GmbH macht sich u. a. zur Aufgabe, den anspruchsvollsten Kunden touristische Dienstleistungen optimaler Qualit\u00e4t anzubieten, die ihrer Zufriedenheit entsprechen.GRC German-Resources-Company GmbH verpflichtet sich, [&hellip;]<\/p>\n","protected":false},"author":1,"featured_media":0,"parent":0,"menu_order":0,"comment_status":"closed","ping_status":"closed","template":"","meta":{"footnotes":""},"class_list":["post-1807","page","type-page","status-publish","hentry"],"yoast_head":"<!-- This site is optimized with the Yoast SEO plugin v27.4 - https:\/\/yoast.com\/product\/yoast-seo-wordpress\/ -->\n<title>Tourismus und Reisen in Deutschland - GRC German Resources Company GmbH<\/title>\n<meta name=\"description\" content=\"\u0627\u0644\u0633\u064a\u0627\u062d\u0629 \u0648\u0627\u0644\u0633\u0641\u0631\" \/>\n<meta name=\"robots\" content=\"index, follow, max-snippet:-1, max-image-preview:large, max-video-preview:-1\" \/>\n<link rel=\"canonical\" href=\"https:\/\/german-resources-company.com\/?page_id=1807\" \/>\n<meta property=\"og:locale\" content=\"en_US\" \/>\n<meta property=\"og:type\" content=\"article\" \/>\n<meta property=\"og:title\" content=\"Tourismus und Reisen in Deutschland - GRC German Resources Company GmbH\" \/>\n<meta property=\"og:description\" content=\"\u0627\u0644\u0633\u064a\u0627\u062d\u0629 \u0648\u0627\u0644\u0633\u0641\u0631\" \/>\n<meta property=\"og:url\" content=\"https:\/\/german-resources-company.com\/?page_id=1807\" \/>\n<meta property=\"og:site_name\" content=\"GRC German Resources Company GmbH\" \/>\n<meta property=\"article:publisher\" content=\"https:\/\/www.facebook.com\/grc.arabic\" \/>\n<meta property=\"article:modified_time\" content=\"2024-04-20T07:39:14+00:00\" \/>\n<meta property=\"og:image\" content=\"https:\/\/german-resources-company.com\/wp-content\/uploads\/2024\/03\/berlin-4860600_1280-300x258.jpg\" \/>\n<meta name=\"twitter:card\" content=\"summary_large_image\" \/>\n<meta name=\"twitter:label1\" content=\"Est. reading time\" \/>\n\t<meta name=\"twitter:data1\" content=\"7 minutes\" \/>\n<script type=\"application\/ld+json\" class=\"yoast-schema-graph\">{\"@context\":\"https:\\\/\\\/schema.org\",\"@graph\":[{\"@type\":\"WebPage\",\"@id\":\"https:\\\/\\\/german-resources-company.com\\\/?page_id=1807\",\"url\":\"https:\\\/\\\/german-resources-company.com\\\/?page_id=1807\",\"name\":\"Tourismus und Reisen in Deutschland - GRC German Resources Company GmbH\",\"isPartOf\":{\"@id\":\"https:\\\/\\\/german-resources-company.com\\\/#website\"},\"primaryImageOfPage\":{\"@id\":\"https:\\\/\\\/german-resources-company.com\\\/?page_id=1807#primaryimage\"},\"image\":{\"@id\":\"https:\\\/\\\/german-resources-company.com\\\/?page_id=1807#primaryimage\"},\"thumbnailUrl\":\"https:\\\/\\\/german-resources-company.com\\\/wp-content\\\/uploads\\\/2024\\\/03\\\/berlin-4860600_1280-300x258.jpg\",\"datePublished\":\"2021-11-24T10:55:16+00:00\",\"dateModified\":\"2024-04-20T07:39:14+00:00\",\"description\":\"\u0627\u0644\u0633\u064a\u0627\u062d\u0629 \u0648\u0627\u0644\u0633\u0641\u0631\",\"breadcrumb\":{\"@id\":\"https:\\\/\\\/german-resources-company.com\\\/?page_id=1807#breadcrumb\"},\"inLanguage\":\"en-US\",\"potentialAction\":[{\"@type\":\"ReadAction\",\"target\":[\"https:\\\/\\\/german-resources-company.com\\\/?page_id=1807\"]}]},{\"@type\":\"ImageObject\",\"inLanguage\":\"en-US\",\"@id\":\"https:\\\/\\\/german-resources-company.com\\\/?page_id=1807#primaryimage\",\"url\":\"https:\\\/\\\/german-resources-company.com\\\/wp-content\\\/uploads\\\/2024\\\/03\\\/berlin-4860600_1280.jpg\",\"contentUrl\":\"https:\\\/\\\/german-resources-company.com\\\/wp-content\\\/uploads\\\/2024\\\/03\\\/berlin-4860600_1280.jpg\",\"width\":1280,\"height\":1099},{\"@type\":\"BreadcrumbList\",\"@id\":\"https:\\\/\\\/german-resources-company.com\\\/?page_id=1807#breadcrumb\",\"itemListElement\":[{\"@type\":\"ListItem\",\"position\":1,\"name\":\"Startseite\",\"item\":\"https:\\\/\\\/german-resources-company.com\\\/\"},{\"@type\":\"ListItem\",\"position\":2,\"name\":\"Tourismus und Reisen in Deutschland\"}]},{\"@type\":\"WebSite\",\"@id\":\"https:\\\/\\\/german-resources-company.com\\\/#website\",\"url\":\"https:\\\/\\\/german-resources-company.com\\\/\",\"name\":\"\u0645\u062c\u0645\u0648\u0639\u0629 GRC\",\"description\":\"F\u00fcr Personalwesen, Studien- und Handelsdienstleistungen\",\"publisher\":{\"@id\":\"https:\\\/\\\/german-resources-company.com\\\/#organization\"},\"potentialAction\":[{\"@type\":\"SearchAction\",\"target\":{\"@type\":\"EntryPoint\",\"urlTemplate\":\"https:\\\/\\\/german-resources-company.com\\\/?s={search_term_string}\"},\"query-input\":{\"@type\":\"PropertyValueSpecification\",\"valueRequired\":true,\"valueName\":\"search_term_string\"}}],\"inLanguage\":\"en-US\"},{\"@type\":\"Organization\",\"@id\":\"https:\\\/\\\/german-resources-company.com\\\/#organization\",\"name\":\"GRC German Resources Company GmbH\",\"url\":\"https:\\\/\\\/german-resources-company.com\\\/\",\"logo\":{\"@type\":\"ImageObject\",\"inLanguage\":\"en-US\",\"@id\":\"https:\\\/\\\/german-resources-company.com\\\/#\\\/schema\\\/logo\\\/image\\\/\",\"url\":\"https:\\\/\\\/german-resources-company.com\\\/wp-content\\\/uploads\\\/2021\\\/11\\\/logo-grc-new-ritena.png\",\"contentUrl\":\"https:\\\/\\\/german-resources-company.com\\\/wp-content\\\/uploads\\\/2021\\\/11\\\/logo-grc-new-ritena.png\",\"width\":300,\"height\":172,\"caption\":\"GRC German Resources Company GmbH\"},\"image\":{\"@id\":\"https:\\\/\\\/german-resources-company.com\\\/#\\\/schema\\\/logo\\\/image\\\/\"},\"sameAs\":[\"https:\\\/\\\/www.facebook.com\\\/grc.arabic\",\"https:\\\/\\\/www.youtube.com\\\/channel\\\/UC3karsNFNxkYH4OoeBdU3Ag\"]}]}<\/script>\n<!-- \/ Yoast SEO plugin. -->","yoast_head_json":{"title":"Tourismus und Reisen in Deutschland - GRC German Resources Company GmbH","description":"\u0627\u0644\u0633\u064a\u0627\u062d\u0629 \u0648\u0627\u0644\u0633\u0641\u0631","robots":{"index":"index","follow":"follow","max-snippet":"max-snippet:-1","max-image-preview":"max-image-preview:large","max-video-preview":"max-video-preview:-1"},"canonical":"https:\/\/german-resources-company.com\/?page_id=1807","og_locale":"en_US","og_type":"article","og_title":"Tourismus und Reisen in Deutschland - GRC German Resources Company GmbH","og_description":"\u0627\u0644\u0633\u064a\u0627\u062d\u0629 \u0648\u0627\u0644\u0633\u0641\u0631","og_url":"https:\/\/german-resources-company.com\/?page_id=1807","og_site_name":"GRC German Resources Company GmbH","article_publisher":"https:\/\/www.facebook.com\/grc.arabic","article_modified_time":"2024-04-20T07:39:14+00:00","og_image":[{"url":"https:\/\/german-resources-company.com\/wp-content\/uploads\/2024\/03\/berlin-4860600_1280-300x258.jpg","type":"","width":"","height":""}],"twitter_card":"summary_large_image","twitter_misc":{"Est. reading time":"7 minutes"},"schema":{"@context":"https:\/\/schema.org","@graph":[{"@type":"WebPage","@id":"https:\/\/german-resources-company.com\/?page_id=1807","url":"https:\/\/german-resources-company.com\/?page_id=1807","name":"Tourismus und Reisen in Deutschland - GRC German Resources Company GmbH","isPartOf":{"@id":"https:\/\/german-resources-company.com\/#website"},"primaryImageOfPage":{"@id":"https:\/\/german-resources-company.com\/?page_id=1807#primaryimage"},"image":{"@id":"https:\/\/german-resources-company.com\/?page_id=1807#primaryimage"},"thumbnailUrl":"https:\/\/german-resources-company.com\/wp-content\/uploads\/2024\/03\/berlin-4860600_1280-300x258.jpg","datePublished":"2021-11-24T10:55:16+00:00","dateModified":"2024-04-20T07:39:14+00:00","description":"\u0627\u0644\u0633\u064a\u0627\u062d\u0629 \u0648\u0627\u0644\u0633\u0641\u0631","breadcrumb":{"@id":"https:\/\/german-resources-company.com\/?page_id=1807#breadcrumb"},"inLanguage":"en-US","potentialAction":[{"@type":"ReadAction","target":["https:\/\/german-resources-company.com\/?page_id=1807"]}]},{"@type":"ImageObject","inLanguage":"en-US","@id":"https:\/\/german-resources-company.com\/?page_id=1807#primaryimage","url":"https:\/\/german-resources-company.com\/wp-content\/uploads\/2024\/03\/berlin-4860600_1280.jpg","contentUrl":"https:\/\/german-resources-company.com\/wp-content\/uploads\/2024\/03\/berlin-4860600_1280.jpg","width":1280,"height":1099},{"@type":"BreadcrumbList","@id":"https:\/\/german-resources-company.com\/?page_id=1807#breadcrumb","itemListElement":[{"@type":"ListItem","position":1,"name":"Startseite","item":"https:\/\/german-resources-company.com\/"},{"@type":"ListItem","position":2,"name":"Tourismus und Reisen in Deutschland"}]},{"@type":"WebSite","@id":"https:\/\/german-resources-company.com\/#website","url":"https:\/\/german-resources-company.com\/","name":"\u0645\u062c\u0645\u0648\u0639\u0629 GRC","description":"F\u00fcr Personalwesen, Studien- und Handelsdienstleistungen","publisher":{"@id":"https:\/\/german-resources-company.com\/#organization"},"potentialAction":[{"@type":"SearchAction","target":{"@type":"EntryPoint","urlTemplate":"https:\/\/german-resources-company.com\/?s={search_term_string}"},"query-input":{"@type":"PropertyValueSpecification","valueRequired":true,"valueName":"search_term_string"}}],"inLanguage":"en-US"},{"@type":"Organization","@id":"https:\/\/german-resources-company.com\/#organization","name":"GRC German Resources Company GmbH","url":"https:\/\/german-resources-company.com\/","logo":{"@type":"ImageObject","inLanguage":"en-US","@id":"https:\/\/german-resources-company.com\/#\/schema\/logo\/image\/","url":"https:\/\/german-resources-company.com\/wp-content\/uploads\/2021\/11\/logo-grc-new-ritena.png","contentUrl":"https:\/\/german-resources-company.com\/wp-content\/uploads\/2021\/11\/logo-grc-new-ritena.png","width":300,"height":172,"caption":"GRC German Resources Company GmbH"},"image":{"@id":"https:\/\/german-resources-company.com\/#\/schema\/logo\/image\/"},"sameAs":["https:\/\/www.facebook.com\/grc.arabic","https:\/\/www.youtube.com\/channel\/UC3karsNFNxkYH4OoeBdU3Ag"]}]}},"_links":{"self":[{"href":"https:\/\/german-resources-company.com\/index.php?rest_route=\/wp\/v2\/pages\/1807","targetHints":{"allow":["GET"]}}],"collection":[{"href":"https:\/\/german-resources-company.com\/index.php?rest_route=\/wp\/v2\/pages"}],"about":[{"href":"https:\/\/german-resources-company.com\/index.php?rest_route=\/wp\/v2\/types\/page"}],"author":[{"embeddable":true,"href":"https:\/\/german-resources-company.com\/index.php?rest_route=\/wp\/v2\/users\/1"}],"replies":[{"embeddable":true,"href":"https:\/\/german-resources-company.com\/index.php?rest_route=%2Fwp%2Fv2%2Fcomments&post=1807"}],"version-history":[{"count":18,"href":"https:\/\/german-resources-company.com\/index.php?rest_route=\/wp\/v2\/pages\/1807\/revisions"}],"predecessor-version":[{"id":10863,"href":"https:\/\/german-resources-company.com\/index.php?rest_route=\/wp\/v2\/pages\/1807\/revisions\/10863"}],"wp:attachment":[{"href":"https:\/\/german-resources-company.com\/index.php?rest_route=%2Fwp%2Fv2%2Fmedia&parent=1807"}],"curies":[{"name":"wp","href":"https:\/\/api.w.org\/{rel}","templated":true}]}}