{"id":1805,"date":"2021-11-24T10:43:57","date_gmt":"2021-11-24T10:43:57","guid":{"rendered":"https:\/\/g-r-company.com\/?page_id=1805"},"modified":"2024-05-07T19:36:21","modified_gmt":"2024-05-07T19:36:21","slug":"import-und-exportabteilung","status":"publish","type":"page","link":"https:\/\/german-resources-company.com\/?page_id=1805","title":{"rendered":"Import- und Exportabteilung"},"content":{"rendered":"\t\t<div data-elementor-type=\"wp-page\" data-elementor-id=\"1805\" class=\"elementor elementor-1805\">\n\t\t\t\t<div class=\"elementor-element elementor-element-a421ed5 e-flex e-con-boxed e-con e-parent\" data-id=\"a421ed5\" data-element_type=\"container\" data-e-type=\"container\">\n\t\t\t\t\t<div class=\"e-con-inner\">\n\t\t<div class=\"elementor-element elementor-element-6215614 e-con-full e-flex e-con e-child\" data-id=\"6215614\" data-element_type=\"container\" data-e-type=\"container\">\n\t\t<div class=\"elementor-element elementor-element-45b926c e-grid e-con-boxed elementor-invisible e-con e-child\" data-id=\"45b926c\" data-element_type=\"container\" data-e-type=\"container\" data-settings=\"{&quot;animation&quot;:&quot;fadeInUp&quot;}\">\n\t\t\t\t\t<div class=\"e-con-inner\">\n\t\t\t\t<div class=\"elementor-element elementor-element-2e7e330 elementor-widget elementor-widget-heading\" data-id=\"2e7e330\" data-element_type=\"widget\" data-e-type=\"widget\" data-widget_type=\"heading.default\">\n\t\t\t\t<div class=\"elementor-widget-container\">\n\t\t\t\t\t<h2 class=\"elementor-heading-title elementor-size-default\">Import aus Deutschland:<\/h2>\t\t\t\t<\/div>\n\t\t\t\t<\/div>\n\t\t\t\t\t<\/div>\n\t\t\t\t<\/div>\n\t\t\t\t<\/div>\n\t\t<div class=\"elementor-element elementor-element-b9feb6f e-con-full e-flex e-con e-child\" data-id=\"b9feb6f\" data-element_type=\"container\" data-e-type=\"container\">\n\t\t\t\t<div class=\"elementor-element elementor-element-b1d3c1d elementor-invisible elementor-widget elementor-widget-image\" data-id=\"b1d3c1d\" data-element_type=\"widget\" data-e-type=\"widget\" data-settings=\"{&quot;_animation&quot;:&quot;fadeInUp&quot;}\" data-widget_type=\"image.default\">\n\t\t\t\t<div class=\"elementor-widget-container\">\n\t\t\t\t\t\t\t\t\t\t\t\t\t\t\t<img fetchpriority=\"high\" decoding=\"async\" width=\"640\" height=\"640\" src=\"https:\/\/german-resources-company.com\/wp-content\/uploads\/2024\/03\/2398b08d-617a-45d4-9f69-8a5cb56999d4.jpg\" class=\"attachment-large size-large wp-image-10560\" alt=\"\" srcset=\"https:\/\/german-resources-company.com\/wp-content\/uploads\/2024\/03\/2398b08d-617a-45d4-9f69-8a5cb56999d4.jpg 1024w, https:\/\/german-resources-company.com\/wp-content\/uploads\/2024\/03\/2398b08d-617a-45d4-9f69-8a5cb56999d4-300x300.jpg 300w, https:\/\/german-resources-company.com\/wp-content\/uploads\/2024\/03\/2398b08d-617a-45d4-9f69-8a5cb56999d4-150x150.jpg 150w, https:\/\/german-resources-company.com\/wp-content\/uploads\/2024\/03\/2398b08d-617a-45d4-9f69-8a5cb56999d4-768x768.jpg 768w, https:\/\/german-resources-company.com\/wp-content\/uploads\/2024\/03\/2398b08d-617a-45d4-9f69-8a5cb56999d4-90x90.jpg 90w\" sizes=\"(max-width: 640px) 100vw, 640px\" \/>\t\t\t\t\t\t\t\t\t\t\t\t\t\t\t<\/div>\n\t\t\t\t<\/div>\n\t\t\t\t<\/div>\n\t\t\t\t\t<\/div>\n\t\t\t\t<\/div>\n\t\t<div class=\"elementor-element elementor-element-74be9b0 e-flex e-con-boxed e-con e-parent\" data-id=\"74be9b0\" data-element_type=\"container\" data-e-type=\"container\">\n\t\t\t\t\t<div class=\"e-con-inner\">\n\t\t<div class=\"elementor-element elementor-element-9628bc2 e-con-full e-flex e-con e-child\" data-id=\"9628bc2\" data-element_type=\"container\" data-e-type=\"container\">\n\t\t\t\t<div class=\"elementor-element elementor-element-0bcc5aa elementor-invisible elementor-widget elementor-widget-image\" data-id=\"0bcc5aa\" data-element_type=\"widget\" data-e-type=\"widget\" data-settings=\"{&quot;_animation&quot;:&quot;fadeInUp&quot;}\" data-widget_type=\"image.default\">\n\t\t\t\t<div class=\"elementor-widget-container\">\n\t\t\t\t\t\t\t\t\t\t\t\t\t\t\t<img decoding=\"async\" width=\"640\" height=\"640\" src=\"https:\/\/german-resources-company.com\/wp-content\/uploads\/2024\/03\/6276ce0c-d14b-45b6-a312-4e7aadd1cb1f.jpg\" class=\"attachment-large size-large wp-image-10559\" alt=\"\" srcset=\"https:\/\/german-resources-company.com\/wp-content\/uploads\/2024\/03\/6276ce0c-d14b-45b6-a312-4e7aadd1cb1f.jpg 1024w, https:\/\/german-resources-company.com\/wp-content\/uploads\/2024\/03\/6276ce0c-d14b-45b6-a312-4e7aadd1cb1f-300x300.jpg 300w, https:\/\/german-resources-company.com\/wp-content\/uploads\/2024\/03\/6276ce0c-d14b-45b6-a312-4e7aadd1cb1f-150x150.jpg 150w, https:\/\/german-resources-company.com\/wp-content\/uploads\/2024\/03\/6276ce0c-d14b-45b6-a312-4e7aadd1cb1f-768x768.jpg 768w, https:\/\/german-resources-company.com\/wp-content\/uploads\/2024\/03\/6276ce0c-d14b-45b6-a312-4e7aadd1cb1f-90x90.jpg 90w\" sizes=\"(max-width: 640px) 100vw, 640px\" \/>\t\t\t\t\t\t\t\t\t\t\t\t\t\t\t<\/div>\n\t\t\t\t<\/div>\n\t\t\t\t<\/div>\n\t\t<div class=\"elementor-element elementor-element-f1e00a2 e-con-full e-flex e-con e-child\" data-id=\"f1e00a2\" data-element_type=\"container\" data-e-type=\"container\">\n\t\t<div class=\"elementor-element elementor-element-ed36c90 e-grid e-con-boxed e-con e-child\" data-id=\"ed36c90\" data-element_type=\"container\" data-e-type=\"container\">\n\t\t\t\t\t<div class=\"e-con-inner\">\n\t\t\t\t<div class=\"elementor-element elementor-element-96c1ddc elementor-widget elementor-widget-heading\" data-id=\"96c1ddc\" data-element_type=\"widget\" data-e-type=\"widget\" data-widget_type=\"heading.default\">\n\t\t\t\t<div class=\"elementor-widget-container\">\n\t\t\t\t\t<h2 class=\"elementor-heading-title elementor-size-default\">Export nach Deutschland:<\/h2>\t\t\t\t<\/div>\n\t\t\t\t<\/div>\n\t\t\t\t\t<\/div>\n\t\t\t\t<\/div>\n\t\t\t\t<\/div>\n\t\t\t\t\t<\/div>\n\t\t\t\t<\/div>\n\t\t<div class=\"elementor-element elementor-element-879a5aa e-flex e-con-boxed e-con e-parent\" data-id=\"879a5aa\" data-element_type=\"container\" data-e-type=\"container\">\n\t\t\t\t\t<div class=\"e-con-inner\">\n\t\t<div class=\"elementor-element elementor-element-89e05cc e-con-full e-flex elementor-invisible e-con e-child\" data-id=\"89e05cc\" data-element_type=\"container\" data-e-type=\"container\" data-settings=\"{&quot;animation&quot;:&quot;fadeInUp&quot;}\">\n\t\t<div class=\"elementor-element elementor-element-780e5fb e-grid e-con-boxed e-con e-child\" data-id=\"780e5fb\" data-element_type=\"container\" data-e-type=\"container\">\n\t\t\t\t\t<div class=\"e-con-inner\">\n\t\t\t\t<div class=\"elementor-element elementor-element-3f47fa4 elementor-widget elementor-widget-heading\" data-id=\"3f47fa4\" data-element_type=\"widget\" data-e-type=\"widget\" data-widget_type=\"heading.default\">\n\t\t\t\t<div class=\"elementor-widget-container\">\n\t\t\t\t\t<h2 class=\"elementor-heading-title elementor-size-default\">Internationale G\u00fctertransporte:<\/h2>\t\t\t\t<\/div>\n\t\t\t\t<\/div>\n\t\t\t\t\t<\/div>\n\t\t\t\t<\/div>\n\t\t\t\t<\/div>\n\t\t<div class=\"elementor-element elementor-element-e86d03c e-con-full e-flex e-con e-child\" data-id=\"e86d03c\" data-element_type=\"container\" data-e-type=\"container\">\n\t\t\t\t<div class=\"elementor-element elementor-element-74ac73f elementor-invisible elementor-widget elementor-widget-image\" data-id=\"74ac73f\" data-element_type=\"widget\" data-e-type=\"widget\" data-settings=\"{&quot;_animation&quot;:&quot;fadeInUp&quot;}\" data-widget_type=\"image.default\">\n\t\t\t\t<div class=\"elementor-widget-container\">\n\t\t\t\t\t\t\t\t\t\t\t\t\t\t\t<img decoding=\"async\" width=\"640\" height=\"640\" src=\"https:\/\/german-resources-company.com\/wp-content\/uploads\/2024\/03\/6f75f237-1c9c-408e-83a1-4e015b919f34.jpg\" class=\"attachment-large size-large wp-image-10562\" alt=\"\" srcset=\"https:\/\/german-resources-company.com\/wp-content\/uploads\/2024\/03\/6f75f237-1c9c-408e-83a1-4e015b919f34.jpg 1024w, https:\/\/german-resources-company.com\/wp-content\/uploads\/2024\/03\/6f75f237-1c9c-408e-83a1-4e015b919f34-300x300.jpg 300w, https:\/\/german-resources-company.com\/wp-content\/uploads\/2024\/03\/6f75f237-1c9c-408e-83a1-4e015b919f34-150x150.jpg 150w, https:\/\/german-resources-company.com\/wp-content\/uploads\/2024\/03\/6f75f237-1c9c-408e-83a1-4e015b919f34-768x768.jpg 768w, https:\/\/german-resources-company.com\/wp-content\/uploads\/2024\/03\/6f75f237-1c9c-408e-83a1-4e015b919f34-90x90.jpg 90w\" sizes=\"(max-width: 640px) 100vw, 640px\" \/>\t\t\t\t\t\t\t\t\t\t\t\t\t\t\t<\/div>\n\t\t\t\t<\/div>\n\t\t\t\t<\/div>\n\t\t\t\t\t<\/div>\n\t\t\t\t<\/div>\n\t\t\t\t<\/div>\n\t\t","protected":false},"excerpt":{"rendered":"<p>Import aus Deutschland: Import aus Deutschland mit GRC German-Resources-Company GmbH: Sie k\u00f6nnen sehr einfach mit uns \u00fcber die bestehenden und einfachsten Kommunikationskan\u00e4le kommunizieren. Durch die Kontaktaufnahme erhalten Sie die Schritte, die Sie unternehmen m\u00fcssen, um loszulegen. Was exportiert die GRC German-Resources-Company GmbH: Es ist nicht m\u00f6glich, die Materialien und Ausr\u00fcstungen aufzuz\u00e4hlen, die wir aus Deutschland [&hellip;]<\/p>\n","protected":false},"author":1,"featured_media":0,"parent":0,"menu_order":0,"comment_status":"closed","ping_status":"closed","template":"","meta":{"footnotes":""},"class_list":["post-1805","page","type-page","status-publish","hentry"],"yoast_head":"<!-- This site is optimized with the Yoast SEO plugin v27.4 - https:\/\/yoast.com\/product\/yoast-seo-wordpress\/ -->\n<title>Import- und Exportabteilung - GRC German Resources Company GmbH<\/title>\n<meta name=\"description\" content=\"\u0627\u0644\u0627\u0633\u062a\u064a\u0631\u0627\u062f \u0648\u0627\u0644\u062a\u0635\u062f\u064a\u0631 \u0627\u0644\u0627\u0633\u062a\u064a\u0631\u0627\u062f \u0648\u0627\u0644\u062a\u0635\u062f\u064a\u0631 :\u064a\u0639\u062a\u0628\u0631 \u0645\u0646 \u0627\u0644\u062e\u062f\u0645\u0627\u062a \u0627\u0644\u062a\u064a \u062a\u0642\u062f\u0645\u0647\u0627 \u0627\u0644\u0634\u0631\u0643\u0629 \u0627\u0644\u0623\u0644\u0645\u0627\u0646\u064a\u0629 \u0644\u0644\u0634\u0631\u0643\u0627\u062a \u0627\u0644\u0631\u0627\u063a\u0628\u0629 \u0628\u062a\u0635\u062f\u064a\u0631 \u0645\u0646\u062a\u062c\u0627\u062a\u0647\u0627 \u0648\u062a\u0633\u0648\u064a\u0642\u0647\u0627 \u0641\u064a \u0627\u0644\u0633\u0648\u0642 \u0627\u0644\u0623\" \/>\n<meta name=\"robots\" content=\"index, follow, max-snippet:-1, max-image-preview:large, max-video-preview:-1\" \/>\n<link rel=\"canonical\" href=\"https:\/\/german-resources-company.com\/?page_id=1805\" \/>\n<meta property=\"og:locale\" content=\"en_US\" \/>\n<meta property=\"og:type\" content=\"article\" \/>\n<meta property=\"og:title\" content=\"Import- und Exportabteilung - GRC German Resources Company GmbH\" \/>\n<meta property=\"og:description\" content=\"\u0627\u0644\u0627\u0633\u062a\u064a\u0631\u0627\u062f \u0648\u0627\u0644\u062a\u0635\u062f\u064a\u0631 \u0627\u0644\u0627\u0633\u062a\u064a\u0631\u0627\u062f \u0648\u0627\u0644\u062a\u0635\u062f\u064a\u0631 :\u064a\u0639\u062a\u0628\u0631 \u0645\u0646 \u0627\u0644\u062e\u062f\u0645\u0627\u062a \u0627\u0644\u062a\u064a \u062a\u0642\u062f\u0645\u0647\u0627 \u0627\u0644\u0634\u0631\u0643\u0629 \u0627\u0644\u0623\u0644\u0645\u0627\u0646\u064a\u0629 \u0644\u0644\u0634\u0631\u0643\u0627\u062a \u0627\u0644\u0631\u0627\u063a\u0628\u0629 \u0628\u062a\u0635\u062f\u064a\u0631 \u0645\u0646\u062a\u062c\u0627\u062a\u0647\u0627 \u0648\u062a\u0633\u0648\u064a\u0642\u0647\u0627 \u0641\u064a \u0627\u0644\u0633\u0648\u0642 \u0627\u0644\u0623\" \/>\n<meta property=\"og:url\" content=\"https:\/\/german-resources-company.com\/?page_id=1805\" \/>\n<meta property=\"og:site_name\" content=\"GRC German Resources Company GmbH\" \/>\n<meta property=\"article:publisher\" content=\"https:\/\/www.facebook.com\/grc.arabic\" \/>\n<meta property=\"article:modified_time\" content=\"2024-05-07T19:36:21+00:00\" \/>\n<meta property=\"og:image\" content=\"https:\/\/german-resources-company.com\/wp-content\/uploads\/2024\/03\/2398b08d-617a-45d4-9f69-8a5cb56999d4.jpg\" \/>\n<meta name=\"twitter:card\" content=\"summary_large_image\" \/>\n<meta name=\"twitter:label1\" content=\"Est. reading time\" \/>\n\t<meta name=\"twitter:data1\" content=\"6 minutes\" \/>\n<script type=\"application\/ld+json\" class=\"yoast-schema-graph\">{\"@context\":\"https:\\\/\\\/schema.org\",\"@graph\":[{\"@type\":\"WebPage\",\"@id\":\"https:\\\/\\\/german-resources-company.com\\\/?page_id=1805\",\"url\":\"https:\\\/\\\/german-resources-company.com\\\/?page_id=1805\",\"name\":\"Import- und Exportabteilung - GRC German Resources Company GmbH\",\"isPartOf\":{\"@id\":\"https:\\\/\\\/german-resources-company.com\\\/#website\"},\"primaryImageOfPage\":{\"@id\":\"https:\\\/\\\/german-resources-company.com\\\/?page_id=1805#primaryimage\"},\"image\":{\"@id\":\"https:\\\/\\\/german-resources-company.com\\\/?page_id=1805#primaryimage\"},\"thumbnailUrl\":\"https:\\\/\\\/german-resources-company.com\\\/wp-content\\\/uploads\\\/2024\\\/03\\\/2398b08d-617a-45d4-9f69-8a5cb56999d4.jpg\",\"datePublished\":\"2021-11-24T10:43:57+00:00\",\"dateModified\":\"2024-05-07T19:36:21+00:00\",\"description\":\"\u0627\u0644\u0627\u0633\u062a\u064a\u0631\u0627\u062f \u0648\u0627\u0644\u062a\u0635\u062f\u064a\u0631 \u0627\u0644\u0627\u0633\u062a\u064a\u0631\u0627\u062f \u0648\u0627\u0644\u062a\u0635\u062f\u064a\u0631 :\u064a\u0639\u062a\u0628\u0631 \u0645\u0646 \u0627\u0644\u062e\u062f\u0645\u0627\u062a \u0627\u0644\u062a\u064a \u062a\u0642\u062f\u0645\u0647\u0627 \u0627\u0644\u0634\u0631\u0643\u0629 \u0627\u0644\u0623\u0644\u0645\u0627\u0646\u064a\u0629 \u0644\u0644\u0634\u0631\u0643\u0627\u062a \u0627\u0644\u0631\u0627\u063a\u0628\u0629 \u0628\u062a\u0635\u062f\u064a\u0631 \u0645\u0646\u062a\u062c\u0627\u062a\u0647\u0627 \u0648\u062a\u0633\u0648\u064a\u0642\u0647\u0627 \u0641\u064a \u0627\u0644\u0633\u0648\u0642 \u0627\u0644\u0623\",\"breadcrumb\":{\"@id\":\"https:\\\/\\\/german-resources-company.com\\\/?page_id=1805#breadcrumb\"},\"inLanguage\":\"en-US\",\"potentialAction\":[{\"@type\":\"ReadAction\",\"target\":[\"https:\\\/\\\/german-resources-company.com\\\/?page_id=1805\"]}]},{\"@type\":\"ImageObject\",\"inLanguage\":\"en-US\",\"@id\":\"https:\\\/\\\/german-resources-company.com\\\/?page_id=1805#primaryimage\",\"url\":\"https:\\\/\\\/german-resources-company.com\\\/wp-content\\\/uploads\\\/2024\\\/03\\\/2398b08d-617a-45d4-9f69-8a5cb56999d4.jpg\",\"contentUrl\":\"https:\\\/\\\/german-resources-company.com\\\/wp-content\\\/uploads\\\/2024\\\/03\\\/2398b08d-617a-45d4-9f69-8a5cb56999d4.jpg\",\"width\":1024,\"height\":1024},{\"@type\":\"BreadcrumbList\",\"@id\":\"https:\\\/\\\/german-resources-company.com\\\/?page_id=1805#breadcrumb\",\"itemListElement\":[{\"@type\":\"ListItem\",\"position\":1,\"name\":\"Startseite\",\"item\":\"https:\\\/\\\/german-resources-company.com\\\/\"},{\"@type\":\"ListItem\",\"position\":2,\"name\":\"Import- und Exportabteilung\"}]},{\"@type\":\"WebSite\",\"@id\":\"https:\\\/\\\/german-resources-company.com\\\/#website\",\"url\":\"https:\\\/\\\/german-resources-company.com\\\/\",\"name\":\"\u0645\u062c\u0645\u0648\u0639\u0629 GRC\",\"description\":\"F\u00fcr Personalwesen, Studien- und Handelsdienstleistungen\",\"publisher\":{\"@id\":\"https:\\\/\\\/german-resources-company.com\\\/#organization\"},\"potentialAction\":[{\"@type\":\"SearchAction\",\"target\":{\"@type\":\"EntryPoint\",\"urlTemplate\":\"https:\\\/\\\/german-resources-company.com\\\/?s={search_term_string}\"},\"query-input\":{\"@type\":\"PropertyValueSpecification\",\"valueRequired\":true,\"valueName\":\"search_term_string\"}}],\"inLanguage\":\"en-US\"},{\"@type\":\"Organization\",\"@id\":\"https:\\\/\\\/german-resources-company.com\\\/#organization\",\"name\":\"GRC German Resources Company GmbH\",\"url\":\"https:\\\/\\\/german-resources-company.com\\\/\",\"logo\":{\"@type\":\"ImageObject\",\"inLanguage\":\"en-US\",\"@id\":\"https:\\\/\\\/german-resources-company.com\\\/#\\\/schema\\\/logo\\\/image\\\/\",\"url\":\"https:\\\/\\\/german-resources-company.com\\\/wp-content\\\/uploads\\\/2021\\\/11\\\/logo-grc-new-ritena.png\",\"contentUrl\":\"https:\\\/\\\/german-resources-company.com\\\/wp-content\\\/uploads\\\/2021\\\/11\\\/logo-grc-new-ritena.png\",\"width\":300,\"height\":172,\"caption\":\"GRC German Resources Company GmbH\"},\"image\":{\"@id\":\"https:\\\/\\\/german-resources-company.com\\\/#\\\/schema\\\/logo\\\/image\\\/\"},\"sameAs\":[\"https:\\\/\\\/www.facebook.com\\\/grc.arabic\",\"https:\\\/\\\/www.youtube.com\\\/channel\\\/UC3karsNFNxkYH4OoeBdU3Ag\"]}]}<\/script>\n<!-- \/ Yoast SEO plugin. -->","yoast_head_json":{"title":"Import- und Exportabteilung - GRC German Resources Company GmbH","description":"\u0627\u0644\u0627\u0633\u062a\u064a\u0631\u0627\u062f \u0648\u0627\u0644\u062a\u0635\u062f\u064a\u0631 \u0627\u0644\u0627\u0633\u062a\u064a\u0631\u0627\u062f \u0648\u0627\u0644\u062a\u0635\u062f\u064a\u0631 :\u064a\u0639\u062a\u0628\u0631 \u0645\u0646 \u0627\u0644\u062e\u062f\u0645\u0627\u062a \u0627\u0644\u062a\u064a \u062a\u0642\u062f\u0645\u0647\u0627 \u0627\u0644\u0634\u0631\u0643\u0629 \u0627\u0644\u0623\u0644\u0645\u0627\u0646\u064a\u0629 \u0644\u0644\u0634\u0631\u0643\u0627\u062a \u0627\u0644\u0631\u0627\u063a\u0628\u0629 \u0628\u062a\u0635\u062f\u064a\u0631 \u0645\u0646\u062a\u062c\u0627\u062a\u0647\u0627 \u0648\u062a\u0633\u0648\u064a\u0642\u0647\u0627 \u0641\u064a \u0627\u0644\u0633\u0648\u0642 \u0627\u0644\u0623","robots":{"index":"index","follow":"follow","max-snippet":"max-snippet:-1","max-image-preview":"max-image-preview:large","max-video-preview":"max-video-preview:-1"},"canonical":"https:\/\/german-resources-company.com\/?page_id=1805","og_locale":"en_US","og_type":"article","og_title":"Import- und Exportabteilung - GRC German Resources Company GmbH","og_description":"\u0627\u0644\u0627\u0633\u062a\u064a\u0631\u0627\u062f \u0648\u0627\u0644\u062a\u0635\u062f\u064a\u0631 \u0627\u0644\u0627\u0633\u062a\u064a\u0631\u0627\u062f \u0648\u0627\u0644\u062a\u0635\u062f\u064a\u0631 :\u064a\u0639\u062a\u0628\u0631 \u0645\u0646 \u0627\u0644\u062e\u062f\u0645\u0627\u062a \u0627\u0644\u062a\u064a \u062a\u0642\u062f\u0645\u0647\u0627 \u0627\u0644\u0634\u0631\u0643\u0629 \u0627\u0644\u0623\u0644\u0645\u0627\u0646\u064a\u0629 \u0644\u0644\u0634\u0631\u0643\u0627\u062a \u0627\u0644\u0631\u0627\u063a\u0628\u0629 \u0628\u062a\u0635\u062f\u064a\u0631 \u0645\u0646\u062a\u062c\u0627\u062a\u0647\u0627 \u0648\u062a\u0633\u0648\u064a\u0642\u0647\u0627 \u0641\u064a \u0627\u0644\u0633\u0648\u0642 \u0627\u0644\u0623","og_url":"https:\/\/german-resources-company.com\/?page_id=1805","og_site_name":"GRC German Resources Company GmbH","article_publisher":"https:\/\/www.facebook.com\/grc.arabic","article_modified_time":"2024-05-07T19:36:21+00:00","og_image":[{"url":"https:\/\/german-resources-company.com\/wp-content\/uploads\/2024\/03\/2398b08d-617a-45d4-9f69-8a5cb56999d4.jpg","type":"","width":"","height":""}],"twitter_card":"summary_large_image","twitter_misc":{"Est. reading time":"6 minutes"},"schema":{"@context":"https:\/\/schema.org","@graph":[{"@type":"WebPage","@id":"https:\/\/german-resources-company.com\/?page_id=1805","url":"https:\/\/german-resources-company.com\/?page_id=1805","name":"Import- und Exportabteilung - GRC German Resources Company GmbH","isPartOf":{"@id":"https:\/\/german-resources-company.com\/#website"},"primaryImageOfPage":{"@id":"https:\/\/german-resources-company.com\/?page_id=1805#primaryimage"},"image":{"@id":"https:\/\/german-resources-company.com\/?page_id=1805#primaryimage"},"thumbnailUrl":"https:\/\/german-resources-company.com\/wp-content\/uploads\/2024\/03\/2398b08d-617a-45d4-9f69-8a5cb56999d4.jpg","datePublished":"2021-11-24T10:43:57+00:00","dateModified":"2024-05-07T19:36:21+00:00","description":"\u0627\u0644\u0627\u0633\u062a\u064a\u0631\u0627\u062f \u0648\u0627\u0644\u062a\u0635\u062f\u064a\u0631 \u0627\u0644\u0627\u0633\u062a\u064a\u0631\u0627\u062f \u0648\u0627\u0644\u062a\u0635\u062f\u064a\u0631 :\u064a\u0639\u062a\u0628\u0631 \u0645\u0646 \u0627\u0644\u062e\u062f\u0645\u0627\u062a \u0627\u0644\u062a\u064a \u062a\u0642\u062f\u0645\u0647\u0627 \u0627\u0644\u0634\u0631\u0643\u0629 \u0627\u0644\u0623\u0644\u0645\u0627\u0646\u064a\u0629 \u0644\u0644\u0634\u0631\u0643\u0627\u062a \u0627\u0644\u0631\u0627\u063a\u0628\u0629 \u0628\u062a\u0635\u062f\u064a\u0631 \u0645\u0646\u062a\u062c\u0627\u062a\u0647\u0627 \u0648\u062a\u0633\u0648\u064a\u0642\u0647\u0627 \u0641\u064a \u0627\u0644\u0633\u0648\u0642 \u0627\u0644\u0623","breadcrumb":{"@id":"https:\/\/german-resources-company.com\/?page_id=1805#breadcrumb"},"inLanguage":"en-US","potentialAction":[{"@type":"ReadAction","target":["https:\/\/german-resources-company.com\/?page_id=1805"]}]},{"@type":"ImageObject","inLanguage":"en-US","@id":"https:\/\/german-resources-company.com\/?page_id=1805#primaryimage","url":"https:\/\/german-resources-company.com\/wp-content\/uploads\/2024\/03\/2398b08d-617a-45d4-9f69-8a5cb56999d4.jpg","contentUrl":"https:\/\/german-resources-company.com\/wp-content\/uploads\/2024\/03\/2398b08d-617a-45d4-9f69-8a5cb56999d4.jpg","width":1024,"height":1024},{"@type":"BreadcrumbList","@id":"https:\/\/german-resources-company.com\/?page_id=1805#breadcrumb","itemListElement":[{"@type":"ListItem","position":1,"name":"Startseite","item":"https:\/\/german-resources-company.com\/"},{"@type":"ListItem","position":2,"name":"Import- und Exportabteilung"}]},{"@type":"WebSite","@id":"https:\/\/german-resources-company.com\/#website","url":"https:\/\/german-resources-company.com\/","name":"\u0645\u062c\u0645\u0648\u0639\u0629 GRC","description":"F\u00fcr Personalwesen, Studien- und Handelsdienstleistungen","publisher":{"@id":"https:\/\/german-resources-company.com\/#organization"},"potentialAction":[{"@type":"SearchAction","target":{"@type":"EntryPoint","urlTemplate":"https:\/\/german-resources-company.com\/?s={search_term_string}"},"query-input":{"@type":"PropertyValueSpecification","valueRequired":true,"valueName":"search_term_string"}}],"inLanguage":"en-US"},{"@type":"Organization","@id":"https:\/\/german-resources-company.com\/#organization","name":"GRC German Resources Company GmbH","url":"https:\/\/german-resources-company.com\/","logo":{"@type":"ImageObject","inLanguage":"en-US","@id":"https:\/\/german-resources-company.com\/#\/schema\/logo\/image\/","url":"https:\/\/german-resources-company.com\/wp-content\/uploads\/2021\/11\/logo-grc-new-ritena.png","contentUrl":"https:\/\/german-resources-company.com\/wp-content\/uploads\/2021\/11\/logo-grc-new-ritena.png","width":300,"height":172,"caption":"GRC German Resources Company GmbH"},"image":{"@id":"https:\/\/german-resources-company.com\/#\/schema\/logo\/image\/"},"sameAs":["https:\/\/www.facebook.com\/grc.arabic","https:\/\/www.youtube.com\/channel\/UC3karsNFNxkYH4OoeBdU3Ag"]}]}},"_links":{"self":[{"href":"https:\/\/german-resources-company.com\/index.php?rest_route=\/wp\/v2\/pages\/1805","targetHints":{"allow":["GET"]}}],"collection":[{"href":"https:\/\/german-resources-company.com\/index.php?rest_route=\/wp\/v2\/pages"}],"about":[{"href":"https:\/\/german-resources-company.com\/index.php?rest_route=\/wp\/v2\/types\/page"}],"author":[{"embeddable":true,"href":"https:\/\/german-resources-company.com\/index.php?rest_route=\/wp\/v2\/users\/1"}],"replies":[{"embeddable":true,"href":"https:\/\/german-resources-company.com\/index.php?rest_route=%2Fwp%2Fv2%2Fcomments&post=1805"}],"version-history":[{"count":18,"href":"https:\/\/german-resources-company.com\/index.php?rest_route=\/wp\/v2\/pages\/1805\/revisions"}],"predecessor-version":[{"id":10967,"href":"https:\/\/german-resources-company.com\/index.php?rest_route=\/wp\/v2\/pages\/1805\/revisions\/10967"}],"wp:attachment":[{"href":"https:\/\/german-resources-company.com\/index.php?rest_route=%2Fwp%2Fv2%2Fmedia&parent=1805"}],"curies":[{"name":"wp","href":"https:\/\/api.w.org\/{rel}","templated":true}]}}