{"id":1539,"date":"2021-11-07T13:59:27","date_gmt":"2021-11-07T13:59:27","guid":{"rendered":"https:\/\/g-r-company.com\/?page_id=1539"},"modified":"2024-05-07T19:25:26","modified_gmt":"2024-05-07T19:25:26","slug":"%d9%82%d8%b3%d9%85-%d8%a7%d9%84%d8%a7%d8%b3%d8%aa%d8%b4%d8%a7%d8%b1%d8%a7%d8%aa","status":"publish","type":"page","link":"https:\/\/german-resources-company.com\/?page_id=1539","title":{"rendered":"Beratungsabteilung"},"content":{"rendered":"\t\t<div data-elementor-type=\"wp-page\" data-elementor-id=\"1539\" class=\"elementor elementor-1539\">\n\t\t\t\t<div class=\"elementor-element elementor-element-ca24d35 e-flex e-con-boxed e-con e-parent\" data-id=\"ca24d35\" data-element_type=\"container\" data-e-type=\"container\">\n\t\t\t\t\t<div class=\"e-con-inner\">\n\t\t<div class=\"elementor-element elementor-element-a81242a e-con-full e-flex e-con e-child\" data-id=\"a81242a\" data-element_type=\"container\" data-e-type=\"container\">\n\t\t<div class=\"elementor-element elementor-element-d2c95d9 e-grid e-con-boxed e-con e-child\" data-id=\"d2c95d9\" data-element_type=\"container\" data-e-type=\"container\" data-settings=\"{&quot;background_background&quot;:&quot;classic&quot;}\">\n\t\t\t\t\t<div class=\"e-con-inner\">\n\t\t\t\t<div class=\"elementor-element elementor-element-618ca84 elementor-invisible elementor-widget elementor-widget-heading\" data-id=\"618ca84\" data-element_type=\"widget\" data-e-type=\"widget\" data-settings=\"{&quot;_animation&quot;:&quot;fadeInUp&quot;}\" data-widget_type=\"heading.default\">\n\t\t\t\t<div class=\"elementor-widget-container\">\n\t\t\t\t\t<h3 class=\"elementor-heading-title elementor-size-default\">GRC German-Resources-Company GmbH:<\/h3>\t\t\t\t<\/div>\n\t\t\t\t<\/div>\n\t\t\t\t<div class=\"elementor-element elementor-element-ab1a9f8 elementor-invisible elementor-widget elementor-widget-text-editor\" data-id=\"ab1a9f8\" data-element_type=\"widget\" data-e-type=\"widget\" data-settings=\"{&quot;_animation&quot;:&quot;fadeInUp&quot;}\" data-widget_type=\"text-editor.default\">\n\t\t\t\t<div class=\"elementor-widget-container\">\n\t\t\t\t\t\t\t\t\t<p>Die GRC German-Resources-Company GmbH ist ein etabliertes Unternehmen in Deutschland mit einem guten Ruf durch seine Gesch\u00e4fte mit vielen gro\u00dfen deutschen, europ\u00e4ischen, amerikanischen Unternehmen und dem Rest der Welt. Es h\u00e4lt sich an die Bedingungen der Vereinbarungen zwischen ihm und seinen Kunden, um beste Beratungsleistungen mit den besten Standards und Spezifikationen zur Verf\u00fcgung zu stellen.<br \/>Das Unternehmen strebt an, durch seine Dienstleistungen f\u00fchrend im Bereich Consulting in Europa, Amerika, dem Nahen Osten und dem Rest der Welt zu sein;<br \/>die angesehenste und erfolgreichste Liste von Kunden zu haben.<br \/>Vertrauensbr\u00fccken zwischen dem Unternehmen und seinen Kunden zu bauen und diese Br\u00fccke kontinuierlich auszubauen, fortzusetzen und zu entwickeln.<br \/>Jedes Unternehmen oder jede Person kann sich direkt an uns wenden und nach dem Ausf\u00fcllen des Informationsformulars einen Termin buchen, damit ein Beratungstermin so schnell wie m\u00f6glich vereinbart werden kann.<\/p>\t\t\t\t\t\t\t\t<\/div>\n\t\t\t\t<\/div>\n\t\t\t\t\t<\/div>\n\t\t\t\t<\/div>\n\t\t\t\t<\/div>\n\t\t<div class=\"elementor-element elementor-element-b4db4ba e-con-full e-flex e-con e-child\" data-id=\"b4db4ba\" data-element_type=\"container\" data-e-type=\"container\">\n\t\t\t\t<div class=\"elementor-element elementor-element-098d7d4 elementor-invisible elementor-widget elementor-widget-image\" data-id=\"098d7d4\" data-element_type=\"widget\" data-e-type=\"widget\" data-settings=\"{&quot;_animation&quot;:&quot;fadeInUp&quot;}\" data-widget_type=\"image.default\">\n\t\t\t\t<div class=\"elementor-widget-container\">\n\t\t\t\t\t\t\t\t\t\t\t\t\t\t\t<img fetchpriority=\"high\" decoding=\"async\" width=\"640\" height=\"640\" src=\"https:\/\/german-resources-company.com\/wp-content\/uploads\/2024\/03\/8267cad0-201f-4377-8607-741837532a91.jpg\" class=\"attachment-large size-large wp-image-10538\" alt=\"\" srcset=\"https:\/\/german-resources-company.com\/wp-content\/uploads\/2024\/03\/8267cad0-201f-4377-8607-741837532a91.jpg 1024w, https:\/\/german-resources-company.com\/wp-content\/uploads\/2024\/03\/8267cad0-201f-4377-8607-741837532a91-300x300.jpg 300w, https:\/\/german-resources-company.com\/wp-content\/uploads\/2024\/03\/8267cad0-201f-4377-8607-741837532a91-150x150.jpg 150w, https:\/\/german-resources-company.com\/wp-content\/uploads\/2024\/03\/8267cad0-201f-4377-8607-741837532a91-768x768.jpg 768w, https:\/\/german-resources-company.com\/wp-content\/uploads\/2024\/03\/8267cad0-201f-4377-8607-741837532a91-90x90.jpg 90w\" sizes=\"(max-width: 640px) 100vw, 640px\" \/>\t\t\t\t\t\t\t\t\t\t\t\t\t\t\t<\/div>\n\t\t\t\t<\/div>\n\t\t\t\t<\/div>\n\t\t\t\t\t<\/div>\n\t\t\t\t<\/div>\n\t\t<div class=\"elementor-element elementor-element-ab12ac9 e-flex e-con-boxed e-con e-parent\" data-id=\"ab12ac9\" data-element_type=\"container\" data-e-type=\"container\">\n\t\t\t\t\t<div class=\"e-con-inner\">\n\t\t<div class=\"elementor-element elementor-element-73ca691 e-con-full e-flex e-con e-child\" data-id=\"73ca691\" data-element_type=\"container\" data-e-type=\"container\">\n\t\t\t\t<div class=\"elementor-element elementor-element-ca711b8 elementor-invisible elementor-widget elementor-widget-image\" data-id=\"ca711b8\" data-element_type=\"widget\" data-e-type=\"widget\" data-settings=\"{&quot;_animation&quot;:&quot;fadeInUp&quot;}\" data-widget_type=\"image.default\">\n\t\t\t\t<div class=\"elementor-widget-container\">\n\t\t\t\t\t\t\t\t\t\t\t\t\t\t\t<img decoding=\"async\" width=\"640\" height=\"640\" src=\"https:\/\/german-resources-company.com\/wp-content\/uploads\/2024\/03\/6596c6a4-8cc9-41c2-adc5-5e48705ce214.jpg\" class=\"attachment-large size-large wp-image-10540\" alt=\"\" srcset=\"https:\/\/german-resources-company.com\/wp-content\/uploads\/2024\/03\/6596c6a4-8cc9-41c2-adc5-5e48705ce214.jpg 1024w, https:\/\/german-resources-company.com\/wp-content\/uploads\/2024\/03\/6596c6a4-8cc9-41c2-adc5-5e48705ce214-300x300.jpg 300w, https:\/\/german-resources-company.com\/wp-content\/uploads\/2024\/03\/6596c6a4-8cc9-41c2-adc5-5e48705ce214-150x150.jpg 150w, https:\/\/german-resources-company.com\/wp-content\/uploads\/2024\/03\/6596c6a4-8cc9-41c2-adc5-5e48705ce214-768x768.jpg 768w, https:\/\/german-resources-company.com\/wp-content\/uploads\/2024\/03\/6596c6a4-8cc9-41c2-adc5-5e48705ce214-90x90.jpg 90w\" sizes=\"(max-width: 640px) 100vw, 640px\" \/>\t\t\t\t\t\t\t\t\t\t\t\t\t\t\t<\/div>\n\t\t\t\t<\/div>\n\t\t\t\t<\/div>\n\t\t<div class=\"elementor-element elementor-element-e37b007 e-con-full e-flex e-con e-child\" data-id=\"e37b007\" data-element_type=\"container\" data-e-type=\"container\">\n\t\t\t\t<\/div>\n\t\t\t\t\t<\/div>\n\t\t\t\t<\/div>\n\t\t\t\t<\/div>\n\t\t","protected":false},"excerpt":{"rendered":"<p>GRC German-Resources-Company GmbH: Die GRC German-Resources-Company GmbH ist ein etabliertes Unternehmen in Deutschland mit einem guten Ruf durch seine Gesch\u00e4fte mit vielen gro\u00dfen deutschen, europ\u00e4ischen, amerikanischen Unternehmen und dem Rest der Welt. Es h\u00e4lt sich an die Bedingungen der Vereinbarungen zwischen ihm und seinen Kunden, um beste Beratungsleistungen mit den besten Standards und Spezifikationen zur [&hellip;]<\/p>\n","protected":false},"author":1,"featured_media":0,"parent":0,"menu_order":0,"comment_status":"closed","ping_status":"closed","template":"","meta":{"footnotes":""},"class_list":["post-1539","page","type-page","status-publish","hentry"],"yoast_head":"<!-- This site is optimized with the Yoast SEO plugin v27.5 - https:\/\/yoast.com\/product\/yoast-seo-wordpress\/ -->\n<title>Beratungsabteilung - GRC German Resources Company GmbH<\/title>\n<meta name=\"description\" content=\"\u0642\u0633\u0645 \u0627\u0644\u0627\u0633\u062a\u0634\u0627\u0631\u0627\u062a \u0644\u0644\u0634\u0631\u0643\u0627\u062a \u0648\u0627\u0644\u0645\u0624\u0633\u0633\u0627\u062a \u0627\u0644\u062e\u0627\u0635\u0629: \u0648\u0636\u0639 \u062e\u0637\u0629 \u0627\u0644\u0645\u0634\u0631\u0648\u0639 \u0648\u062f\u0631\u0627\u0633\u0629 \u0627\u0644\u062c\u062f\u0648\u0649 \u0627\u0644\u0627\u0642\u062a\u0635\u0627\u062f\u064a\u0629. 2. \u062e\u062f\u0645\u0627\u062a \u0627\u0644\u062a\u0648\u0633\u0639 \u0627\u0644\u062a\u062c\u0627\u0631\u064a \u0648\u0627\u0633\u062a\u0647\u062f\u0627\u0641 \u0627\u0644\u0623\u0633\u0648\u0627\u0642.\" \/>\n<meta name=\"robots\" content=\"index, follow, max-snippet:-1, max-image-preview:large, max-video-preview:-1\" \/>\n<link rel=\"canonical\" href=\"https:\/\/german-resources-company.com\/?page_id=1539\" \/>\n<meta property=\"og:locale\" content=\"en_US\" \/>\n<meta property=\"og:type\" content=\"article\" \/>\n<meta property=\"og:title\" content=\"Beratungsabteilung - GRC German Resources Company GmbH\" \/>\n<meta property=\"og:description\" content=\"\u0642\u0633\u0645 \u0627\u0644\u0627\u0633\u062a\u0634\u0627\u0631\u0627\u062a \u0644\u0644\u0634\u0631\u0643\u0627\u062a \u0648\u0627\u0644\u0645\u0624\u0633\u0633\u0627\u062a \u0627\u0644\u062e\u0627\u0635\u0629: \u0648\u0636\u0639 \u062e\u0637\u0629 \u0627\u0644\u0645\u0634\u0631\u0648\u0639 \u0648\u062f\u0631\u0627\u0633\u0629 \u0627\u0644\u062c\u062f\u0648\u0649 \u0627\u0644\u0627\u0642\u062a\u0635\u0627\u062f\u064a\u0629. 2. \u062e\u062f\u0645\u0627\u062a \u0627\u0644\u062a\u0648\u0633\u0639 \u0627\u0644\u062a\u062c\u0627\u0631\u064a \u0648\u0627\u0633\u062a\u0647\u062f\u0627\u0641 \u0627\u0644\u0623\u0633\u0648\u0627\u0642.\" \/>\n<meta property=\"og:url\" content=\"https:\/\/german-resources-company.com\/?page_id=1539\" \/>\n<meta property=\"og:site_name\" content=\"GRC German Resources Company GmbH\" \/>\n<meta property=\"article:publisher\" content=\"https:\/\/www.facebook.com\/grc.arabic\" \/>\n<meta property=\"article:modified_time\" content=\"2024-05-07T19:25:26+00:00\" \/>\n<meta property=\"og:image\" content=\"https:\/\/german-resources-company.com\/wp-content\/uploads\/2024\/03\/8267cad0-201f-4377-8607-741837532a91.jpg\" \/>\n<meta name=\"twitter:card\" content=\"summary_large_image\" \/>\n<meta name=\"twitter:label1\" content=\"Est. reading time\" \/>\n\t<meta name=\"twitter:data1\" content=\"3 minutes\" \/>\n<script type=\"application\/ld+json\" class=\"yoast-schema-graph\">{\"@context\":\"https:\\\/\\\/schema.org\",\"@graph\":[{\"@type\":\"WebPage\",\"@id\":\"https:\\\/\\\/german-resources-company.com\\\/?page_id=1539\",\"url\":\"https:\\\/\\\/german-resources-company.com\\\/?page_id=1539\",\"name\":\"Beratungsabteilung - GRC German Resources Company GmbH\",\"isPartOf\":{\"@id\":\"https:\\\/\\\/german-resources-company.com\\\/#website\"},\"primaryImageOfPage\":{\"@id\":\"https:\\\/\\\/german-resources-company.com\\\/?page_id=1539#primaryimage\"},\"image\":{\"@id\":\"https:\\\/\\\/german-resources-company.com\\\/?page_id=1539#primaryimage\"},\"thumbnailUrl\":\"https:\\\/\\\/german-resources-company.com\\\/wp-content\\\/uploads\\\/2024\\\/03\\\/8267cad0-201f-4377-8607-741837532a91.jpg\",\"datePublished\":\"2021-11-07T13:59:27+00:00\",\"dateModified\":\"2024-05-07T19:25:26+00:00\",\"description\":\"\u0642\u0633\u0645 \u0627\u0644\u0627\u0633\u062a\u0634\u0627\u0631\u0627\u062a \u0644\u0644\u0634\u0631\u0643\u0627\u062a \u0648\u0627\u0644\u0645\u0624\u0633\u0633\u0627\u062a \u0627\u0644\u062e\u0627\u0635\u0629: \u0648\u0636\u0639 \u062e\u0637\u0629 \u0627\u0644\u0645\u0634\u0631\u0648\u0639 \u0648\u062f\u0631\u0627\u0633\u0629 \u0627\u0644\u062c\u062f\u0648\u0649 \u0627\u0644\u0627\u0642\u062a\u0635\u0627\u062f\u064a\u0629. 2. \u062e\u062f\u0645\u0627\u062a \u0627\u0644\u062a\u0648\u0633\u0639 \u0627\u0644\u062a\u062c\u0627\u0631\u064a \u0648\u0627\u0633\u062a\u0647\u062f\u0627\u0641 \u0627\u0644\u0623\u0633\u0648\u0627\u0642.\",\"breadcrumb\":{\"@id\":\"https:\\\/\\\/german-resources-company.com\\\/?page_id=1539#breadcrumb\"},\"inLanguage\":\"en-US\",\"potentialAction\":[{\"@type\":\"ReadAction\",\"target\":[\"https:\\\/\\\/german-resources-company.com\\\/?page_id=1539\"]}]},{\"@type\":\"ImageObject\",\"inLanguage\":\"en-US\",\"@id\":\"https:\\\/\\\/german-resources-company.com\\\/?page_id=1539#primaryimage\",\"url\":\"https:\\\/\\\/german-resources-company.com\\\/wp-content\\\/uploads\\\/2024\\\/03\\\/8267cad0-201f-4377-8607-741837532a91.jpg\",\"contentUrl\":\"https:\\\/\\\/german-resources-company.com\\\/wp-content\\\/uploads\\\/2024\\\/03\\\/8267cad0-201f-4377-8607-741837532a91.jpg\",\"width\":1024,\"height\":1024},{\"@type\":\"BreadcrumbList\",\"@id\":\"https:\\\/\\\/german-resources-company.com\\\/?page_id=1539#breadcrumb\",\"itemListElement\":[{\"@type\":\"ListItem\",\"position\":1,\"name\":\"Startseite\",\"item\":\"https:\\\/\\\/german-resources-company.com\\\/\"},{\"@type\":\"ListItem\",\"position\":2,\"name\":\"Beratungsabteilung\"}]},{\"@type\":\"WebSite\",\"@id\":\"https:\\\/\\\/german-resources-company.com\\\/#website\",\"url\":\"https:\\\/\\\/german-resources-company.com\\\/\",\"name\":\"\u0645\u062c\u0645\u0648\u0639\u0629 GRC\",\"description\":\"F\u00fcr Personalwesen, Studien- und Handelsdienstleistungen\",\"publisher\":{\"@id\":\"https:\\\/\\\/german-resources-company.com\\\/#organization\"},\"potentialAction\":[{\"@type\":\"SearchAction\",\"target\":{\"@type\":\"EntryPoint\",\"urlTemplate\":\"https:\\\/\\\/german-resources-company.com\\\/?s={search_term_string}\"},\"query-input\":{\"@type\":\"PropertyValueSpecification\",\"valueRequired\":true,\"valueName\":\"search_term_string\"}}],\"inLanguage\":\"en-US\"},{\"@type\":\"Organization\",\"@id\":\"https:\\\/\\\/german-resources-company.com\\\/#organization\",\"name\":\"GRC German Resources Company GmbH\",\"url\":\"https:\\\/\\\/german-resources-company.com\\\/\",\"logo\":{\"@type\":\"ImageObject\",\"inLanguage\":\"en-US\",\"@id\":\"https:\\\/\\\/german-resources-company.com\\\/#\\\/schema\\\/logo\\\/image\\\/\",\"url\":\"https:\\\/\\\/german-resources-company.com\\\/wp-content\\\/uploads\\\/2021\\\/11\\\/logo-grc-new-ritena.png\",\"contentUrl\":\"https:\\\/\\\/german-resources-company.com\\\/wp-content\\\/uploads\\\/2021\\\/11\\\/logo-grc-new-ritena.png\",\"width\":300,\"height\":172,\"caption\":\"GRC German Resources Company GmbH\"},\"image\":{\"@id\":\"https:\\\/\\\/german-resources-company.com\\\/#\\\/schema\\\/logo\\\/image\\\/\"},\"sameAs\":[\"https:\\\/\\\/www.facebook.com\\\/grc.arabic\",\"https:\\\/\\\/www.youtube.com\\\/channel\\\/UC3karsNFNxkYH4OoeBdU3Ag\"]}]}<\/script>\n<!-- \/ Yoast SEO plugin. -->","yoast_head_json":{"title":"Beratungsabteilung - GRC German Resources Company GmbH","description":"\u0642\u0633\u0645 \u0627\u0644\u0627\u0633\u062a\u0634\u0627\u0631\u0627\u062a \u0644\u0644\u0634\u0631\u0643\u0627\u062a \u0648\u0627\u0644\u0645\u0624\u0633\u0633\u0627\u062a \u0627\u0644\u062e\u0627\u0635\u0629: \u0648\u0636\u0639 \u062e\u0637\u0629 \u0627\u0644\u0645\u0634\u0631\u0648\u0639 \u0648\u062f\u0631\u0627\u0633\u0629 \u0627\u0644\u062c\u062f\u0648\u0649 \u0627\u0644\u0627\u0642\u062a\u0635\u0627\u062f\u064a\u0629. 2. \u062e\u062f\u0645\u0627\u062a \u0627\u0644\u062a\u0648\u0633\u0639 \u0627\u0644\u062a\u062c\u0627\u0631\u064a \u0648\u0627\u0633\u062a\u0647\u062f\u0627\u0641 \u0627\u0644\u0623\u0633\u0648\u0627\u0642.","robots":{"index":"index","follow":"follow","max-snippet":"max-snippet:-1","max-image-preview":"max-image-preview:large","max-video-preview":"max-video-preview:-1"},"canonical":"https:\/\/german-resources-company.com\/?page_id=1539","og_locale":"en_US","og_type":"article","og_title":"Beratungsabteilung - GRC German Resources Company GmbH","og_description":"\u0642\u0633\u0645 \u0627\u0644\u0627\u0633\u062a\u0634\u0627\u0631\u0627\u062a \u0644\u0644\u0634\u0631\u0643\u0627\u062a \u0648\u0627\u0644\u0645\u0624\u0633\u0633\u0627\u062a \u0627\u0644\u062e\u0627\u0635\u0629: \u0648\u0636\u0639 \u062e\u0637\u0629 \u0627\u0644\u0645\u0634\u0631\u0648\u0639 \u0648\u062f\u0631\u0627\u0633\u0629 \u0627\u0644\u062c\u062f\u0648\u0649 \u0627\u0644\u0627\u0642\u062a\u0635\u0627\u062f\u064a\u0629. 2. \u062e\u062f\u0645\u0627\u062a \u0627\u0644\u062a\u0648\u0633\u0639 \u0627\u0644\u062a\u062c\u0627\u0631\u064a \u0648\u0627\u0633\u062a\u0647\u062f\u0627\u0641 \u0627\u0644\u0623\u0633\u0648\u0627\u0642.","og_url":"https:\/\/german-resources-company.com\/?page_id=1539","og_site_name":"GRC German Resources Company GmbH","article_publisher":"https:\/\/www.facebook.com\/grc.arabic","article_modified_time":"2024-05-07T19:25:26+00:00","og_image":[{"url":"https:\/\/german-resources-company.com\/wp-content\/uploads\/2024\/03\/8267cad0-201f-4377-8607-741837532a91.jpg","type":"","width":"","height":""}],"twitter_card":"summary_large_image","twitter_misc":{"Est. reading time":"3 minutes"},"schema":{"@context":"https:\/\/schema.org","@graph":[{"@type":"WebPage","@id":"https:\/\/german-resources-company.com\/?page_id=1539","url":"https:\/\/german-resources-company.com\/?page_id=1539","name":"Beratungsabteilung - GRC German Resources Company GmbH","isPartOf":{"@id":"https:\/\/german-resources-company.com\/#website"},"primaryImageOfPage":{"@id":"https:\/\/german-resources-company.com\/?page_id=1539#primaryimage"},"image":{"@id":"https:\/\/german-resources-company.com\/?page_id=1539#primaryimage"},"thumbnailUrl":"https:\/\/german-resources-company.com\/wp-content\/uploads\/2024\/03\/8267cad0-201f-4377-8607-741837532a91.jpg","datePublished":"2021-11-07T13:59:27+00:00","dateModified":"2024-05-07T19:25:26+00:00","description":"\u0642\u0633\u0645 \u0627\u0644\u0627\u0633\u062a\u0634\u0627\u0631\u0627\u062a \u0644\u0644\u0634\u0631\u0643\u0627\u062a \u0648\u0627\u0644\u0645\u0624\u0633\u0633\u0627\u062a \u0627\u0644\u062e\u0627\u0635\u0629: \u0648\u0636\u0639 \u062e\u0637\u0629 \u0627\u0644\u0645\u0634\u0631\u0648\u0639 \u0648\u062f\u0631\u0627\u0633\u0629 \u0627\u0644\u062c\u062f\u0648\u0649 \u0627\u0644\u0627\u0642\u062a\u0635\u0627\u062f\u064a\u0629. 2. \u062e\u062f\u0645\u0627\u062a \u0627\u0644\u062a\u0648\u0633\u0639 \u0627\u0644\u062a\u062c\u0627\u0631\u064a \u0648\u0627\u0633\u062a\u0647\u062f\u0627\u0641 \u0627\u0644\u0623\u0633\u0648\u0627\u0642.","breadcrumb":{"@id":"https:\/\/german-resources-company.com\/?page_id=1539#breadcrumb"},"inLanguage":"en-US","potentialAction":[{"@type":"ReadAction","target":["https:\/\/german-resources-company.com\/?page_id=1539"]}]},{"@type":"ImageObject","inLanguage":"en-US","@id":"https:\/\/german-resources-company.com\/?page_id=1539#primaryimage","url":"https:\/\/german-resources-company.com\/wp-content\/uploads\/2024\/03\/8267cad0-201f-4377-8607-741837532a91.jpg","contentUrl":"https:\/\/german-resources-company.com\/wp-content\/uploads\/2024\/03\/8267cad0-201f-4377-8607-741837532a91.jpg","width":1024,"height":1024},{"@type":"BreadcrumbList","@id":"https:\/\/german-resources-company.com\/?page_id=1539#breadcrumb","itemListElement":[{"@type":"ListItem","position":1,"name":"Startseite","item":"https:\/\/german-resources-company.com\/"},{"@type":"ListItem","position":2,"name":"Beratungsabteilung"}]},{"@type":"WebSite","@id":"https:\/\/german-resources-company.com\/#website","url":"https:\/\/german-resources-company.com\/","name":"\u0645\u062c\u0645\u0648\u0639\u0629 GRC","description":"F\u00fcr Personalwesen, Studien- und Handelsdienstleistungen","publisher":{"@id":"https:\/\/german-resources-company.com\/#organization"},"potentialAction":[{"@type":"SearchAction","target":{"@type":"EntryPoint","urlTemplate":"https:\/\/german-resources-company.com\/?s={search_term_string}"},"query-input":{"@type":"PropertyValueSpecification","valueRequired":true,"valueName":"search_term_string"}}],"inLanguage":"en-US"},{"@type":"Organization","@id":"https:\/\/german-resources-company.com\/#organization","name":"GRC German Resources Company GmbH","url":"https:\/\/german-resources-company.com\/","logo":{"@type":"ImageObject","inLanguage":"en-US","@id":"https:\/\/german-resources-company.com\/#\/schema\/logo\/image\/","url":"https:\/\/german-resources-company.com\/wp-content\/uploads\/2021\/11\/logo-grc-new-ritena.png","contentUrl":"https:\/\/german-resources-company.com\/wp-content\/uploads\/2021\/11\/logo-grc-new-ritena.png","width":300,"height":172,"caption":"GRC German Resources Company GmbH"},"image":{"@id":"https:\/\/german-resources-company.com\/#\/schema\/logo\/image\/"},"sameAs":["https:\/\/www.facebook.com\/grc.arabic","https:\/\/www.youtube.com\/channel\/UC3karsNFNxkYH4OoeBdU3Ag"]}]}},"_links":{"self":[{"href":"https:\/\/german-resources-company.com\/index.php?rest_route=\/wp\/v2\/pages\/1539","targetHints":{"allow":["GET"]}}],"collection":[{"href":"https:\/\/german-resources-company.com\/index.php?rest_route=\/wp\/v2\/pages"}],"about":[{"href":"https:\/\/german-resources-company.com\/index.php?rest_route=\/wp\/v2\/types\/page"}],"author":[{"embeddable":true,"href":"https:\/\/german-resources-company.com\/index.php?rest_route=\/wp\/v2\/users\/1"}],"replies":[{"embeddable":true,"href":"https:\/\/german-resources-company.com\/index.php?rest_route=%2Fwp%2Fv2%2Fcomments&post=1539"}],"version-history":[{"count":15,"href":"https:\/\/german-resources-company.com\/index.php?rest_route=\/wp\/v2\/pages\/1539\/revisions"}],"predecessor-version":[{"id":10952,"href":"https:\/\/german-resources-company.com\/index.php?rest_route=\/wp\/v2\/pages\/1539\/revisions\/10952"}],"wp:attachment":[{"href":"https:\/\/german-resources-company.com\/index.php?rest_route=%2Fwp%2Fv2%2Fmedia&parent=1539"}],"curies":[{"name":"wp","href":"https:\/\/api.w.org\/{rel}","templated":true}]}}