{"id":1537,"date":"2021-11-07T13:57:56","date_gmt":"2021-11-07T13:57:56","guid":{"rendered":"https:\/\/g-r-company.com\/?page_id=1537"},"modified":"2024-03-22T19:05:00","modified_gmt":"2024-03-22T19:05:00","slug":"abteilung-fur-handelsvertretung","status":"publish","type":"page","link":"https:\/\/german-resources-company.com\/?page_id=1537","title":{"rendered":"Abteilung f\u00fcr Handelsvertretung"},"content":{"rendered":"\t\t<div data-elementor-type=\"wp-page\" data-elementor-id=\"1537\" class=\"elementor elementor-1537\">\n\t\t\t\t<div class=\"elementor-element elementor-element-024348e e-flex e-con-boxed e-con e-parent\" data-id=\"024348e\" data-element_type=\"container\" data-e-type=\"container\">\n\t\t\t\t\t<div class=\"e-con-inner\">\n\t\t<div class=\"elementor-element elementor-element-511962c e-grid e-con-boxed elementor-invisible e-con e-child\" data-id=\"511962c\" data-element_type=\"container\" data-e-type=\"container\" data-settings=\"{&quot;animation&quot;:&quot;rollIn&quot;}\">\n\t\t\t\t\t<div class=\"e-con-inner\">\n\t\t\t\t<div class=\"elementor-element elementor-element-c5d15ad elementor-widget elementor-widget-heading\" data-id=\"c5d15ad\" data-element_type=\"widget\" data-e-type=\"widget\" data-widget_type=\"heading.default\">\n\t\t\t\t<div class=\"elementor-widget-container\">\n\t\t\t\t\t<h3 class=\"elementor-heading-title elementor-size-default\">Handelsvertretung durch GRC German-Resources-Company GmbH:<\/h3>\t\t\t\t<\/div>\n\t\t\t\t<\/div>\n\t\t\t\t<div class=\"elementor-element elementor-element-1a9044e elementor-widget elementor-widget-text-editor\" data-id=\"1a9044e\" data-element_type=\"widget\" data-e-type=\"widget\" data-widget_type=\"text-editor.default\">\n\t\t\t\t<div class=\"elementor-widget-container\">\n\t\t\t\t\t\t\t\t\t<p>&nbsp; &nbsp; &nbsp; &nbsp;Der Handelsvertretungsdienst ist eine der wichtigsten Dienstleistungen, worum viele Unternehmen weltweit zur Vertretung ihrer Handelst\u00e4tigkeit in neuen Regionen unter Ber\u00fccksichtigung der Kosten ersuchen. W\u00e4hrend die Er\u00f6ffnung einer Zweigniederlassung f\u00fcr ein Unternehmen oder eine Institution kostspielig ist, fallen f\u00fcr die Handelsvertretung so gut wie keine Kosten an.<br>GRC German-Resources-Company GmbH er\u00f6ffnet die Handelsvertretung f\u00fcr das Unternehmen, das neue M\u00e4rkte in Europa oder in einem beliebigen Land der Welt erschlie\u00dfen m\u00f6chte.<\/p>\t\t\t\t\t\t\t\t<\/div>\n\t\t\t\t<\/div>\n\t\t\t\t\t<\/div>\n\t\t\t\t<\/div>\n\t\t\t\t\t<\/div>\n\t\t\t\t<\/div>\n\t\t<div class=\"elementor-element elementor-element-f460dad e-flex e-con-boxed e-con e-parent\" data-id=\"f460dad\" data-element_type=\"container\" data-e-type=\"container\">\n\t\t\t\t\t<div class=\"e-con-inner\">\n\t\t<div class=\"elementor-element elementor-element-f0c3aa6 e-con-full e-flex e-con e-child\" data-id=\"f0c3aa6\" data-element_type=\"container\" data-e-type=\"container\">\n\t\t\t\t<\/div>\n\t\t<div class=\"elementor-element elementor-element-48c5e29 e-con-full e-flex e-con e-child\" data-id=\"48c5e29\" data-element_type=\"container\" data-e-type=\"container\">\n\t\t\t\t<div class=\"elementor-element elementor-element-f95eaf7 elementor-invisible elementor-widget elementor-widget-image\" data-id=\"f95eaf7\" data-element_type=\"widget\" data-e-type=\"widget\" data-settings=\"{&quot;_animation&quot;:&quot;rollIn&quot;}\" data-widget_type=\"image.default\">\n\t\t\t\t<div class=\"elementor-widget-container\">\n\t\t\t\t\t\t\t\t\t\t\t\t\t\t\t<img fetchpriority=\"high\" decoding=\"async\" width=\"640\" height=\"640\" src=\"https:\/\/german-resources-company.com\/wp-content\/uploads\/2024\/03\/9350d9bc-3d5a-4345-842c-7b95f9ece938.jpg\" class=\"attachment-large size-large wp-image-10576\" alt=\"\" srcset=\"https:\/\/german-resources-company.com\/wp-content\/uploads\/2024\/03\/9350d9bc-3d5a-4345-842c-7b95f9ece938.jpg 1024w, https:\/\/german-resources-company.com\/wp-content\/uploads\/2024\/03\/9350d9bc-3d5a-4345-842c-7b95f9ece938-300x300.jpg 300w, https:\/\/german-resources-company.com\/wp-content\/uploads\/2024\/03\/9350d9bc-3d5a-4345-842c-7b95f9ece938-150x150.jpg 150w, https:\/\/german-resources-company.com\/wp-content\/uploads\/2024\/03\/9350d9bc-3d5a-4345-842c-7b95f9ece938-768x768.jpg 768w, https:\/\/german-resources-company.com\/wp-content\/uploads\/2024\/03\/9350d9bc-3d5a-4345-842c-7b95f9ece938-90x90.jpg 90w\" sizes=\"(max-width: 640px) 100vw, 640px\" \/>\t\t\t\t\t\t\t\t\t\t\t\t\t\t\t<\/div>\n\t\t\t\t<\/div>\n\t\t\t\t<\/div>\n\t\t\t\t\t<\/div>\n\t\t\t\t<\/div>\n\t\t\t\t<\/div>\n\t\t","protected":false},"excerpt":{"rendered":"<p>Handelsvertretung durch GRC German-Resources-Company GmbH: &nbsp; &nbsp; &nbsp; &nbsp;Der Handelsvertretungsdienst ist eine der wichtigsten Dienstleistungen, worum viele Unternehmen weltweit zur Vertretung ihrer Handelst\u00e4tigkeit in neuen Regionen unter Ber\u00fccksichtigung der Kosten ersuchen. W\u00e4hrend die Er\u00f6ffnung einer Zweigniederlassung f\u00fcr ein Unternehmen oder eine Institution kostspielig ist, fallen f\u00fcr die Handelsvertretung so gut wie keine Kosten an.GRC German-Resources-Company [&hellip;]<\/p>\n","protected":false},"author":1,"featured_media":0,"parent":0,"menu_order":0,"comment_status":"closed","ping_status":"closed","template":"","meta":{"footnotes":""},"class_list":["post-1537","page","type-page","status-publish","hentry"],"yoast_head":"<!-- This site is optimized with the Yoast SEO plugin v27.4 - https:\/\/yoast.com\/product\/yoast-seo-wordpress\/ -->\n<title>Abteilung f\u00fcr Handelsvertretung - GRC German Resources Company GmbH<\/title>\n<meta name=\"description\" content=\"\u0627\u0644\u062a\u0645\u062b\u064a\u0644 \u0627\u0644\u062a\u062c\u0627\u0631\u064a \u0645\u0646 \u0623\u0647\u0645 \u0627\u0644\u062e\u062f\u0645\u0627\u062a \u0627\u0644\u062a\u064a \u062a\u0628\u062d\u062b \u0639\u0646\u0647\u0627 \u0627\u0644\u0639\u062f\u064a\u062f \u0645\u0646 \u0627\u0644\u0634\u0631\u0643\u0627\u062a \u0641\u064a \u0627\u0644\u0639\u0627\u0644\u0645 \u0623\u062c\u0645\u0639 \u0644\u062a\u0645\u062b\u064a\u0644\u0647\u0627 \u0641\u064a \u0645\u0646\u0627\u0637\u0642 \u0623\u062e\u0631\u0649 \u063a\u064a\u0631 \u0645\u0646\u0627\u0637\u0642 \u0646\u0634\u0627\u0637\u0647\u0627 \u0627\u0644\u062a\u062c\u0627\u0631\u064a \u0628\u0647\u062f\u0641 \u0641\u062a\u062d\" \/>\n<meta name=\"robots\" content=\"index, follow, max-snippet:-1, max-image-preview:large, max-video-preview:-1\" \/>\n<link rel=\"canonical\" href=\"https:\/\/german-resources-company.com\/?page_id=1537\" \/>\n<meta property=\"og:locale\" content=\"en_US\" \/>\n<meta property=\"og:type\" content=\"article\" \/>\n<meta property=\"og:title\" content=\"Abteilung f\u00fcr Handelsvertretung - GRC German Resources Company GmbH\" \/>\n<meta property=\"og:description\" content=\"\u0627\u0644\u062a\u0645\u062b\u064a\u0644 \u0627\u0644\u062a\u062c\u0627\u0631\u064a \u0645\u0646 \u0623\u0647\u0645 \u0627\u0644\u062e\u062f\u0645\u0627\u062a \u0627\u0644\u062a\u064a \u062a\u0628\u062d\u062b \u0639\u0646\u0647\u0627 \u0627\u0644\u0639\u062f\u064a\u062f \u0645\u0646 \u0627\u0644\u0634\u0631\u0643\u0627\u062a \u0641\u064a \u0627\u0644\u0639\u0627\u0644\u0645 \u0623\u062c\u0645\u0639 \u0644\u062a\u0645\u062b\u064a\u0644\u0647\u0627 \u0641\u064a \u0645\u0646\u0627\u0637\u0642 \u0623\u062e\u0631\u0649 \u063a\u064a\u0631 \u0645\u0646\u0627\u0637\u0642 \u0646\u0634\u0627\u0637\u0647\u0627 \u0627\u0644\u062a\u062c\u0627\u0631\u064a \u0628\u0647\u062f\u0641 \u0641\u062a\u062d\" \/>\n<meta property=\"og:url\" content=\"https:\/\/german-resources-company.com\/?page_id=1537\" \/>\n<meta property=\"og:site_name\" content=\"GRC German Resources Company GmbH\" \/>\n<meta property=\"article:publisher\" content=\"https:\/\/www.facebook.com\/grc.arabic\" \/>\n<meta property=\"article:modified_time\" content=\"2024-03-22T19:05:00+00:00\" \/>\n<meta property=\"og:image\" content=\"https:\/\/german-resources-company.com\/wp-content\/uploads\/2024\/03\/9350d9bc-3d5a-4345-842c-7b95f9ece938.jpg\" \/>\n<meta name=\"twitter:card\" content=\"summary_large_image\" \/>\n<meta name=\"twitter:label1\" content=\"Est. reading time\" \/>\n\t<meta name=\"twitter:data1\" content=\"2 minutes\" \/>\n<script type=\"application\/ld+json\" class=\"yoast-schema-graph\">{\"@context\":\"https:\\\/\\\/schema.org\",\"@graph\":[{\"@type\":\"WebPage\",\"@id\":\"https:\\\/\\\/german-resources-company.com\\\/?page_id=1537\",\"url\":\"https:\\\/\\\/german-resources-company.com\\\/?page_id=1537\",\"name\":\"Abteilung f\u00fcr Handelsvertretung - GRC German Resources Company GmbH\",\"isPartOf\":{\"@id\":\"https:\\\/\\\/german-resources-company.com\\\/#website\"},\"primaryImageOfPage\":{\"@id\":\"https:\\\/\\\/german-resources-company.com\\\/?page_id=1537#primaryimage\"},\"image\":{\"@id\":\"https:\\\/\\\/german-resources-company.com\\\/?page_id=1537#primaryimage\"},\"thumbnailUrl\":\"https:\\\/\\\/german-resources-company.com\\\/wp-content\\\/uploads\\\/2024\\\/03\\\/9350d9bc-3d5a-4345-842c-7b95f9ece938.jpg\",\"datePublished\":\"2021-11-07T13:57:56+00:00\",\"dateModified\":\"2024-03-22T19:05:00+00:00\",\"description\":\"\u0627\u0644\u062a\u0645\u062b\u064a\u0644 \u0627\u0644\u062a\u062c\u0627\u0631\u064a \u0645\u0646 \u0623\u0647\u0645 \u0627\u0644\u062e\u062f\u0645\u0627\u062a \u0627\u0644\u062a\u064a \u062a\u0628\u062d\u062b \u0639\u0646\u0647\u0627 \u0627\u0644\u0639\u062f\u064a\u062f \u0645\u0646 \u0627\u0644\u0634\u0631\u0643\u0627\u062a \u0641\u064a \u0627\u0644\u0639\u0627\u0644\u0645 \u0623\u062c\u0645\u0639 \u0644\u062a\u0645\u062b\u064a\u0644\u0647\u0627 \u0641\u064a \u0645\u0646\u0627\u0637\u0642 \u0623\u062e\u0631\u0649 \u063a\u064a\u0631 \u0645\u0646\u0627\u0637\u0642 \u0646\u0634\u0627\u0637\u0647\u0627 \u0627\u0644\u062a\u062c\u0627\u0631\u064a \u0628\u0647\u062f\u0641 \u0641\u062a\u062d\",\"breadcrumb\":{\"@id\":\"https:\\\/\\\/german-resources-company.com\\\/?page_id=1537#breadcrumb\"},\"inLanguage\":\"en-US\",\"potentialAction\":[{\"@type\":\"ReadAction\",\"target\":[\"https:\\\/\\\/german-resources-company.com\\\/?page_id=1537\"]}]},{\"@type\":\"ImageObject\",\"inLanguage\":\"en-US\",\"@id\":\"https:\\\/\\\/german-resources-company.com\\\/?page_id=1537#primaryimage\",\"url\":\"https:\\\/\\\/german-resources-company.com\\\/wp-content\\\/uploads\\\/2024\\\/03\\\/9350d9bc-3d5a-4345-842c-7b95f9ece938.jpg\",\"contentUrl\":\"https:\\\/\\\/german-resources-company.com\\\/wp-content\\\/uploads\\\/2024\\\/03\\\/9350d9bc-3d5a-4345-842c-7b95f9ece938.jpg\",\"width\":1024,\"height\":1024},{\"@type\":\"BreadcrumbList\",\"@id\":\"https:\\\/\\\/german-resources-company.com\\\/?page_id=1537#breadcrumb\",\"itemListElement\":[{\"@type\":\"ListItem\",\"position\":1,\"name\":\"Startseite\",\"item\":\"https:\\\/\\\/german-resources-company.com\\\/\"},{\"@type\":\"ListItem\",\"position\":2,\"name\":\"Abteilung f\u00fcr Handelsvertretung\"}]},{\"@type\":\"WebSite\",\"@id\":\"https:\\\/\\\/german-resources-company.com\\\/#website\",\"url\":\"https:\\\/\\\/german-resources-company.com\\\/\",\"name\":\"\u0645\u062c\u0645\u0648\u0639\u0629 GRC\",\"description\":\"F\u00fcr Personalwesen, Studien- und Handelsdienstleistungen\",\"publisher\":{\"@id\":\"https:\\\/\\\/german-resources-company.com\\\/#organization\"},\"potentialAction\":[{\"@type\":\"SearchAction\",\"target\":{\"@type\":\"EntryPoint\",\"urlTemplate\":\"https:\\\/\\\/german-resources-company.com\\\/?s={search_term_string}\"},\"query-input\":{\"@type\":\"PropertyValueSpecification\",\"valueRequired\":true,\"valueName\":\"search_term_string\"}}],\"inLanguage\":\"en-US\"},{\"@type\":\"Organization\",\"@id\":\"https:\\\/\\\/german-resources-company.com\\\/#organization\",\"name\":\"GRC German Resources Company GmbH\",\"url\":\"https:\\\/\\\/german-resources-company.com\\\/\",\"logo\":{\"@type\":\"ImageObject\",\"inLanguage\":\"en-US\",\"@id\":\"https:\\\/\\\/german-resources-company.com\\\/#\\\/schema\\\/logo\\\/image\\\/\",\"url\":\"https:\\\/\\\/german-resources-company.com\\\/wp-content\\\/uploads\\\/2021\\\/11\\\/logo-grc-new-ritena.png\",\"contentUrl\":\"https:\\\/\\\/german-resources-company.com\\\/wp-content\\\/uploads\\\/2021\\\/11\\\/logo-grc-new-ritena.png\",\"width\":300,\"height\":172,\"caption\":\"GRC German Resources Company GmbH\"},\"image\":{\"@id\":\"https:\\\/\\\/german-resources-company.com\\\/#\\\/schema\\\/logo\\\/image\\\/\"},\"sameAs\":[\"https:\\\/\\\/www.facebook.com\\\/grc.arabic\",\"https:\\\/\\\/www.youtube.com\\\/channel\\\/UC3karsNFNxkYH4OoeBdU3Ag\"]}]}<\/script>\n<!-- \/ Yoast SEO plugin. -->","yoast_head_json":{"title":"Abteilung f\u00fcr Handelsvertretung - GRC German Resources Company GmbH","description":"\u0627\u0644\u062a\u0645\u062b\u064a\u0644 \u0627\u0644\u062a\u062c\u0627\u0631\u064a \u0645\u0646 \u0623\u0647\u0645 \u0627\u0644\u062e\u062f\u0645\u0627\u062a \u0627\u0644\u062a\u064a \u062a\u0628\u062d\u062b \u0639\u0646\u0647\u0627 \u0627\u0644\u0639\u062f\u064a\u062f \u0645\u0646 \u0627\u0644\u0634\u0631\u0643\u0627\u062a \u0641\u064a \u0627\u0644\u0639\u0627\u0644\u0645 \u0623\u062c\u0645\u0639 \u0644\u062a\u0645\u062b\u064a\u0644\u0647\u0627 \u0641\u064a \u0645\u0646\u0627\u0637\u0642 \u0623\u062e\u0631\u0649 \u063a\u064a\u0631 \u0645\u0646\u0627\u0637\u0642 \u0646\u0634\u0627\u0637\u0647\u0627 \u0627\u0644\u062a\u062c\u0627\u0631\u064a \u0628\u0647\u062f\u0641 \u0641\u062a\u062d","robots":{"index":"index","follow":"follow","max-snippet":"max-snippet:-1","max-image-preview":"max-image-preview:large","max-video-preview":"max-video-preview:-1"},"canonical":"https:\/\/german-resources-company.com\/?page_id=1537","og_locale":"en_US","og_type":"article","og_title":"Abteilung f\u00fcr Handelsvertretung - GRC German Resources Company GmbH","og_description":"\u0627\u0644\u062a\u0645\u062b\u064a\u0644 \u0627\u0644\u062a\u062c\u0627\u0631\u064a \u0645\u0646 \u0623\u0647\u0645 \u0627\u0644\u062e\u062f\u0645\u0627\u062a \u0627\u0644\u062a\u064a \u062a\u0628\u062d\u062b \u0639\u0646\u0647\u0627 \u0627\u0644\u0639\u062f\u064a\u062f \u0645\u0646 \u0627\u0644\u0634\u0631\u0643\u0627\u062a \u0641\u064a \u0627\u0644\u0639\u0627\u0644\u0645 \u0623\u062c\u0645\u0639 \u0644\u062a\u0645\u062b\u064a\u0644\u0647\u0627 \u0641\u064a \u0645\u0646\u0627\u0637\u0642 \u0623\u062e\u0631\u0649 \u063a\u064a\u0631 \u0645\u0646\u0627\u0637\u0642 \u0646\u0634\u0627\u0637\u0647\u0627 \u0627\u0644\u062a\u062c\u0627\u0631\u064a \u0628\u0647\u062f\u0641 \u0641\u062a\u062d","og_url":"https:\/\/german-resources-company.com\/?page_id=1537","og_site_name":"GRC German Resources Company GmbH","article_publisher":"https:\/\/www.facebook.com\/grc.arabic","article_modified_time":"2024-03-22T19:05:00+00:00","og_image":[{"url":"https:\/\/german-resources-company.com\/wp-content\/uploads\/2024\/03\/9350d9bc-3d5a-4345-842c-7b95f9ece938.jpg","type":"","width":"","height":""}],"twitter_card":"summary_large_image","twitter_misc":{"Est. reading time":"2 minutes"},"schema":{"@context":"https:\/\/schema.org","@graph":[{"@type":"WebPage","@id":"https:\/\/german-resources-company.com\/?page_id=1537","url":"https:\/\/german-resources-company.com\/?page_id=1537","name":"Abteilung f\u00fcr Handelsvertretung - GRC German Resources Company GmbH","isPartOf":{"@id":"https:\/\/german-resources-company.com\/#website"},"primaryImageOfPage":{"@id":"https:\/\/german-resources-company.com\/?page_id=1537#primaryimage"},"image":{"@id":"https:\/\/german-resources-company.com\/?page_id=1537#primaryimage"},"thumbnailUrl":"https:\/\/german-resources-company.com\/wp-content\/uploads\/2024\/03\/9350d9bc-3d5a-4345-842c-7b95f9ece938.jpg","datePublished":"2021-11-07T13:57:56+00:00","dateModified":"2024-03-22T19:05:00+00:00","description":"\u0627\u0644\u062a\u0645\u062b\u064a\u0644 \u0627\u0644\u062a\u062c\u0627\u0631\u064a \u0645\u0646 \u0623\u0647\u0645 \u0627\u0644\u062e\u062f\u0645\u0627\u062a \u0627\u0644\u062a\u064a \u062a\u0628\u062d\u062b \u0639\u0646\u0647\u0627 \u0627\u0644\u0639\u062f\u064a\u062f \u0645\u0646 \u0627\u0644\u0634\u0631\u0643\u0627\u062a \u0641\u064a \u0627\u0644\u0639\u0627\u0644\u0645 \u0623\u062c\u0645\u0639 \u0644\u062a\u0645\u062b\u064a\u0644\u0647\u0627 \u0641\u064a \u0645\u0646\u0627\u0637\u0642 \u0623\u062e\u0631\u0649 \u063a\u064a\u0631 \u0645\u0646\u0627\u0637\u0642 \u0646\u0634\u0627\u0637\u0647\u0627 \u0627\u0644\u062a\u062c\u0627\u0631\u064a \u0628\u0647\u062f\u0641 \u0641\u062a\u062d","breadcrumb":{"@id":"https:\/\/german-resources-company.com\/?page_id=1537#breadcrumb"},"inLanguage":"en-US","potentialAction":[{"@type":"ReadAction","target":["https:\/\/german-resources-company.com\/?page_id=1537"]}]},{"@type":"ImageObject","inLanguage":"en-US","@id":"https:\/\/german-resources-company.com\/?page_id=1537#primaryimage","url":"https:\/\/german-resources-company.com\/wp-content\/uploads\/2024\/03\/9350d9bc-3d5a-4345-842c-7b95f9ece938.jpg","contentUrl":"https:\/\/german-resources-company.com\/wp-content\/uploads\/2024\/03\/9350d9bc-3d5a-4345-842c-7b95f9ece938.jpg","width":1024,"height":1024},{"@type":"BreadcrumbList","@id":"https:\/\/german-resources-company.com\/?page_id=1537#breadcrumb","itemListElement":[{"@type":"ListItem","position":1,"name":"Startseite","item":"https:\/\/german-resources-company.com\/"},{"@type":"ListItem","position":2,"name":"Abteilung f\u00fcr Handelsvertretung"}]},{"@type":"WebSite","@id":"https:\/\/german-resources-company.com\/#website","url":"https:\/\/german-resources-company.com\/","name":"\u0645\u062c\u0645\u0648\u0639\u0629 GRC","description":"F\u00fcr Personalwesen, Studien- und Handelsdienstleistungen","publisher":{"@id":"https:\/\/german-resources-company.com\/#organization"},"potentialAction":[{"@type":"SearchAction","target":{"@type":"EntryPoint","urlTemplate":"https:\/\/german-resources-company.com\/?s={search_term_string}"},"query-input":{"@type":"PropertyValueSpecification","valueRequired":true,"valueName":"search_term_string"}}],"inLanguage":"en-US"},{"@type":"Organization","@id":"https:\/\/german-resources-company.com\/#organization","name":"GRC German Resources Company GmbH","url":"https:\/\/german-resources-company.com\/","logo":{"@type":"ImageObject","inLanguage":"en-US","@id":"https:\/\/german-resources-company.com\/#\/schema\/logo\/image\/","url":"https:\/\/german-resources-company.com\/wp-content\/uploads\/2021\/11\/logo-grc-new-ritena.png","contentUrl":"https:\/\/german-resources-company.com\/wp-content\/uploads\/2021\/11\/logo-grc-new-ritena.png","width":300,"height":172,"caption":"GRC German Resources Company GmbH"},"image":{"@id":"https:\/\/german-resources-company.com\/#\/schema\/logo\/image\/"},"sameAs":["https:\/\/www.facebook.com\/grc.arabic","https:\/\/www.youtube.com\/channel\/UC3karsNFNxkYH4OoeBdU3Ag"]}]}},"_links":{"self":[{"href":"https:\/\/german-resources-company.com\/index.php?rest_route=\/wp\/v2\/pages\/1537","targetHints":{"allow":["GET"]}}],"collection":[{"href":"https:\/\/german-resources-company.com\/index.php?rest_route=\/wp\/v2\/pages"}],"about":[{"href":"https:\/\/german-resources-company.com\/index.php?rest_route=\/wp\/v2\/types\/page"}],"author":[{"embeddable":true,"href":"https:\/\/german-resources-company.com\/index.php?rest_route=\/wp\/v2\/users\/1"}],"replies":[{"embeddable":true,"href":"https:\/\/german-resources-company.com\/index.php?rest_route=%2Fwp%2Fv2%2Fcomments&post=1537"}],"version-history":[{"count":3,"href":"https:\/\/german-resources-company.com\/index.php?rest_route=\/wp\/v2\/pages\/1537\/revisions"}],"predecessor-version":[{"id":10580,"href":"https:\/\/german-resources-company.com\/index.php?rest_route=\/wp\/v2\/pages\/1537\/revisions\/10580"}],"wp:attachment":[{"href":"https:\/\/german-resources-company.com\/index.php?rest_route=%2Fwp%2Fv2%2Fmedia&parent=1537"}],"curies":[{"name":"wp","href":"https:\/\/api.w.org\/{rel}","templated":true}]}}