{"id":1489,"date":"2021-11-07T13:12:32","date_gmt":"2021-11-07T13:12:32","guid":{"rendered":"https:\/\/g-r-company.com\/?page_id=1489"},"modified":"2024-04-29T17:32:05","modified_gmt":"2024-04-29T17:32:05","slug":"studenten-und-studienabteilung","status":"publish","type":"page","link":"https:\/\/german-resources-company.com\/?page_id=1489","title":{"rendered":"Studenten- und Studienabteilung"},"content":{"rendered":"\t\t<div data-elementor-type=\"wp-page\" data-elementor-id=\"1489\" class=\"elementor elementor-1489\">\n\t\t\t\t<div class=\"elementor-element elementor-element-c5cc9d8 e-flex e-con-boxed e-con e-parent\" data-id=\"c5cc9d8\" data-element_type=\"container\" data-e-type=\"container\">\n\t\t\t\t\t<div class=\"e-con-inner\">\n\t\t\t\t<div class=\"elementor-element elementor-element-1eaf835 animated-slow elementor-invisible elementor-widget elementor-widget-text-editor\" data-id=\"1eaf835\" data-element_type=\"widget\" data-e-type=\"widget\" data-settings=\"{&quot;_animation&quot;:&quot;rotateInUpRight&quot;}\" data-widget_type=\"text-editor.default\">\n\t\t\t\t<div class=\"elementor-widget-container\">\n\t\t\t\t\t\t\t\t\t<p><img fetchpriority=\"high\" decoding=\"async\" class=\"size-medium wp-image-10628 alignright\" src=\"https:\/\/german-resources-company.com\/wp-content\/uploads\/2024\/03\/b1bbefa3-4016-4621-a10e-8fd711aafe62-300x300.jpg\" alt=\"\" width=\"300\" height=\"300\" srcset=\"https:\/\/german-resources-company.com\/wp-content\/uploads\/2024\/03\/b1bbefa3-4016-4621-a10e-8fd711aafe62-300x300.jpg 300w, https:\/\/german-resources-company.com\/wp-content\/uploads\/2024\/03\/b1bbefa3-4016-4621-a10e-8fd711aafe62-150x150.jpg 150w, https:\/\/german-resources-company.com\/wp-content\/uploads\/2024\/03\/b1bbefa3-4016-4621-a10e-8fd711aafe62-768x768.jpg 768w, https:\/\/german-resources-company.com\/wp-content\/uploads\/2024\/03\/b1bbefa3-4016-4621-a10e-8fd711aafe62-90x90.jpg 90w, https:\/\/german-resources-company.com\/wp-content\/uploads\/2024\/03\/b1bbefa3-4016-4621-a10e-8fd711aafe62.jpg 1024w\" sizes=\"(max-width: 300px) 100vw, 300px\" \/><\/p><p>Nach einer umfangreichen Studie \u00fcber die Anzahl der ausl\u00e4ndischen Menschen in Deutschland und einer genauen Statistik \u00fcber die Anzahl der interessierten Personen, die sich trotz der Ablehnung ihres Antrags an deutschen Instituten zum Studium der deutschen Sprache anmelden m\u00f6chten, oder die kein Visum erhalten konnten oder die sich aus einem Grund verz\u00f6gerten, haben wir uns zum Ziel gesetzt, die Einrichtungen zum Erlernen der deutschen Sprache in den Mittelpunkt unseres Interesses zu stellen und auf unsere Priorit\u00e4tenliste gesetzt haben. Die relative hohe Zahl der zur\u00fcckgewiesen Sprachvisums hat unsere Aufmerksamkeit erregt, gerade weil die Visaablehnung vieler Studenten u. a. an folgenden Faktoren lag:<br \/>1- Mangelndes Verst\u00e4ndnis der Bedingungen f\u00fcr die Annahme des Antrags auf Beitritt zu den Sprachinstituten.<br \/>2- Fehlen eines direkten Koordinierungsfaktors mit diesen Instituten.<br \/>3- Die notwendigen Unterlagen wurden nicht vollst\u00e4ndig vorgelegt.<br \/>Usw.\u00a0Demzufolge setzten wir uns mit verschiedenen Sprachinstituten bzw. -schulen deutschlandweit, die sich auf Deutschunterricht spezialisieren, um Bewerbungen entgegenzunehmen und den AntragstellerInnen den Service in all seinen Aspekten zur Verf\u00fcgung, bezogen auf Folgendes:<br \/>1- Nachweis einer Zusage bzw. einer Einladung von einem deutschen Institut oder einer deutschen Hochschule zum Besuch eines Deutschkurs<br \/>2- Krankenversicherung, die eine Hauptvoraussetzung f\u00fcr die Erlangung eines Visums ist.<br \/>3- Finanzielle Anspruchsberechtigung, d. h. es liegen Nachweise vor, die die finanzielle F\u00e4higkeit belegen oder erkl\u00e4ren, die Aufenthaltskosten in Deutschland f\u00fcr ein ganzes Jahr zu einem Satz von 861 Euro pro Monat (zurzeit 10.332 Euro j\u00e4hrlich) zu finanzieren.<br \/>GRC German-Resources-Company GmbH bietet den Antragstellern:<br \/>1- Unterst\u00fctzung bei der Annahme des Instituts oder der erw\u00fcnschten Hochschule f\u00fcr die Bewerbung.<br \/>2- Empfang am Flughafen<br \/>3- Bereitstellung eines Transportmittels.<br \/>4- Bereitstellung geeigneter Unterk\u00fcnfte f\u00fcr Studenten, die die deutsche Sprache lernen m\u00f6chten.<br \/>5- Sowie die Erbringung anderer Dienstleistungen nach Wunsch der Studenten.<br \/>Hinweis: Der Service hier beschr\u00e4nkt sich nur auf diejenigen, die Deutsch lernen wollen.\u201c<br \/>Erforderliche Unterlagen zur Anerkennung der deutschen Sprache:<br \/>1- eine Kopie des Reisepasses.<br \/>2- eine Kopie des Abiturzeugnisses<br \/>3- einen aktuellen Lebenslauf.<a href=\"https:\/\/g-r-company.com\/?page_id=1200\">\u00a0<\/a><a href=\"https:\/\/german-resources-company.com\/?page_id=1200\"><b>Lebenslauf<\/b><\/a><\/p>\t\t\t\t\t\t\t\t<\/div>\n\t\t\t\t<\/div>\n\t\t\t\t\t<\/div>\n\t\t\t\t<\/div>\n\t\t<div class=\"elementor-element elementor-element-1a97857 e-flex e-con-boxed e-con e-parent\" data-id=\"1a97857\" data-element_type=\"container\" data-e-type=\"container\">\n\t\t\t\t\t<div class=\"e-con-inner\">\n\t\t<div class=\"elementor-element elementor-element-fbc9ab8 e-con-full e-flex e-con e-child\" data-id=\"fbc9ab8\" data-element_type=\"container\" data-e-type=\"container\">\n\t\t\t\t<div class=\"elementor-element elementor-element-ba92e9e elementor-invisible elementor-widget elementor-widget-image\" data-id=\"ba92e9e\" data-element_type=\"widget\" data-e-type=\"widget\" data-settings=\"{&quot;_animation&quot;:&quot;fadeInUp&quot;}\" data-widget_type=\"image.default\">\n\t\t\t\t<div class=\"elementor-widget-container\">\n\t\t\t\t\t\t\t\t\t\t\t\t\t\t\t<img decoding=\"async\" width=\"640\" height=\"640\" src=\"https:\/\/german-resources-company.com\/wp-content\/uploads\/2024\/03\/a7125b39-7a1d-4cf3-abfe-89b5c3a6247d.jpg\" class=\"attachment-large size-large wp-image-10629\" alt=\"\" srcset=\"https:\/\/german-resources-company.com\/wp-content\/uploads\/2024\/03\/a7125b39-7a1d-4cf3-abfe-89b5c3a6247d.jpg 1024w, https:\/\/german-resources-company.com\/wp-content\/uploads\/2024\/03\/a7125b39-7a1d-4cf3-abfe-89b5c3a6247d-300x300.jpg 300w, https:\/\/german-resources-company.com\/wp-content\/uploads\/2024\/03\/a7125b39-7a1d-4cf3-abfe-89b5c3a6247d-150x150.jpg 150w, https:\/\/german-resources-company.com\/wp-content\/uploads\/2024\/03\/a7125b39-7a1d-4cf3-abfe-89b5c3a6247d-768x768.jpg 768w, https:\/\/german-resources-company.com\/wp-content\/uploads\/2024\/03\/a7125b39-7a1d-4cf3-abfe-89b5c3a6247d-90x90.jpg 90w\" sizes=\"(max-width: 640px) 100vw, 640px\" \/>\t\t\t\t\t\t\t\t\t\t\t\t\t\t\t<\/div>\n\t\t\t\t<\/div>\n\t\t\t\t<\/div>\n\t\t<div class=\"elementor-element elementor-element-a22c328 e-con-full e-flex e-con e-child\" data-id=\"a22c328\" data-element_type=\"container\" data-e-type=\"container\">\n\t\t\t\t<\/div>\n\t\t\t\t<div class=\"elementor-element elementor-element-89533fe elementor-invisible elementor-widget elementor-widget-image\" data-id=\"89533fe\" data-element_type=\"widget\" data-e-type=\"widget\" data-settings=\"{&quot;_animation&quot;:&quot;fadeInUp&quot;}\" data-widget_type=\"image.default\">\n\t\t\t\t<div class=\"elementor-widget-container\">\n\t\t\t\t\t\t\t\t\t\t\t\t\t\t\t<img decoding=\"async\" width=\"640\" height=\"640\" src=\"https:\/\/german-resources-company.com\/wp-content\/uploads\/2024\/03\/a7125b39-7a1d-4cf3-abfe-89b5c3a6247d.jpg\" class=\"attachment-large size-large wp-image-10629\" alt=\"\" srcset=\"https:\/\/german-resources-company.com\/wp-content\/uploads\/2024\/03\/a7125b39-7a1d-4cf3-abfe-89b5c3a6247d.jpg 1024w, https:\/\/german-resources-company.com\/wp-content\/uploads\/2024\/03\/a7125b39-7a1d-4cf3-abfe-89b5c3a6247d-300x300.jpg 300w, https:\/\/german-resources-company.com\/wp-content\/uploads\/2024\/03\/a7125b39-7a1d-4cf3-abfe-89b5c3a6247d-150x150.jpg 150w, https:\/\/german-resources-company.com\/wp-content\/uploads\/2024\/03\/a7125b39-7a1d-4cf3-abfe-89b5c3a6247d-768x768.jpg 768w, https:\/\/german-resources-company.com\/wp-content\/uploads\/2024\/03\/a7125b39-7a1d-4cf3-abfe-89b5c3a6247d-90x90.jpg 90w\" sizes=\"(max-width: 640px) 100vw, 640px\" \/>\t\t\t\t\t\t\t\t\t\t\t\t\t\t\t<\/div>\n\t\t\t\t<\/div>\n\t\t\t\t\t<\/div>\n\t\t\t\t<\/div>\n\t\t<div class=\"elementor-element elementor-element-86f79ba e-flex e-con-boxed e-con e-parent\" data-id=\"86f79ba\" data-element_type=\"container\" data-e-type=\"container\">\n\t\t\t\t\t<div class=\"e-con-inner\">\n\t\t<div class=\"elementor-element elementor-element-31896ba e-con-full e-flex e-con e-child\" data-id=\"31896ba\" data-element_type=\"container\" data-e-type=\"container\">\n\t\t\t\t<\/div>\n\t\t<div class=\"elementor-element elementor-element-4e900df e-con-full e-flex e-con e-child\" data-id=\"4e900df\" data-element_type=\"container\" data-e-type=\"container\">\n\t\t\t\t<div class=\"elementor-element elementor-element-a7a3b34 elementor-invisible elementor-widget elementor-widget-image\" data-id=\"a7a3b34\" data-element_type=\"widget\" data-e-type=\"widget\" data-settings=\"{&quot;_animation&quot;:&quot;fadeInUp&quot;}\" data-widget_type=\"image.default\">\n\t\t\t\t<div class=\"elementor-widget-container\">\n\t\t\t\t\t\t\t\t\t\t\t\t\t\t\t<img decoding=\"async\" width=\"640\" height=\"640\" src=\"https:\/\/german-resources-company.com\/wp-content\/uploads\/2024\/03\/53aee7a4-5f3c-405b-8e65-3d71eb8103f0.jpg\" class=\"attachment-large size-large wp-image-10636\" alt=\"\" srcset=\"https:\/\/german-resources-company.com\/wp-content\/uploads\/2024\/03\/53aee7a4-5f3c-405b-8e65-3d71eb8103f0.jpg 1024w, https:\/\/german-resources-company.com\/wp-content\/uploads\/2024\/03\/53aee7a4-5f3c-405b-8e65-3d71eb8103f0-300x300.jpg 300w, https:\/\/german-resources-company.com\/wp-content\/uploads\/2024\/03\/53aee7a4-5f3c-405b-8e65-3d71eb8103f0-150x150.jpg 150w, https:\/\/german-resources-company.com\/wp-content\/uploads\/2024\/03\/53aee7a4-5f3c-405b-8e65-3d71eb8103f0-768x768.jpg 768w, https:\/\/german-resources-company.com\/wp-content\/uploads\/2024\/03\/53aee7a4-5f3c-405b-8e65-3d71eb8103f0-90x90.jpg 90w\" sizes=\"(max-width: 640px) 100vw, 640px\" \/>\t\t\t\t\t\t\t\t\t\t\t\t\t\t\t<\/div>\n\t\t\t\t<\/div>\n\t\t\t\t<\/div>\n\t\t\t\t\t<\/div>\n\t\t\t\t<\/div>\n\t\t\t\t<\/div>\n\t\t","protected":false},"excerpt":{"rendered":"<p>Nach einer umfangreichen Studie \u00fcber die Anzahl der ausl\u00e4ndischen Menschen in Deutschland und einer genauen Statistik \u00fcber die Anzahl der interessierten Personen, die sich trotz der Ablehnung ihres Antrags an deutschen Instituten zum Studium der deutschen Sprache anmelden m\u00f6chten, oder die kein Visum erhalten konnten oder die sich aus einem Grund verz\u00f6gerten, haben wir uns [&hellip;]<\/p>\n","protected":false},"author":1,"featured_media":0,"parent":0,"menu_order":0,"comment_status":"closed","ping_status":"closed","template":"","meta":{"footnotes":""},"class_list":["post-1489","page","type-page","status-publish","hentry"],"yoast_head":"<!-- This site is optimized with the Yoast SEO plugin v27.4 - https:\/\/yoast.com\/product\/yoast-seo-wordpress\/ -->\n<title>Studenten- und Studienabteilung - GRC German Resources Company GmbH<\/title>\n<meta name=\"robots\" content=\"index, follow, max-snippet:-1, max-image-preview:large, max-video-preview:-1\" \/>\n<link rel=\"canonical\" href=\"https:\/\/german-resources-company.com\/?page_id=1489\" \/>\n<meta property=\"og:locale\" content=\"en_US\" \/>\n<meta property=\"og:type\" content=\"article\" \/>\n<meta property=\"og:title\" content=\"Studenten- und Studienabteilung - GRC German Resources Company GmbH\" \/>\n<meta property=\"og:description\" content=\"Nach einer umfangreichen Studie \u00fcber die Anzahl der ausl\u00e4ndischen Menschen in Deutschland und einer genauen Statistik \u00fcber die Anzahl der interessierten Personen, die sich trotz der Ablehnung ihres Antrags an deutschen Instituten zum Studium der deutschen Sprache anmelden m\u00f6chten, oder die kein Visum erhalten konnten oder die sich aus einem Grund verz\u00f6gerten, haben wir uns [&hellip;]\" \/>\n<meta property=\"og:url\" content=\"https:\/\/german-resources-company.com\/?page_id=1489\" \/>\n<meta property=\"og:site_name\" content=\"GRC German Resources Company GmbH\" \/>\n<meta property=\"article:publisher\" content=\"https:\/\/www.facebook.com\/grc.arabic\" \/>\n<meta property=\"article:modified_time\" content=\"2024-04-29T17:32:05+00:00\" \/>\n<meta property=\"og:image\" content=\"https:\/\/german-resources-company.com\/wp-content\/uploads\/2024\/03\/b1bbefa3-4016-4621-a10e-8fd711aafe62-300x300.jpg\" \/>\n<meta name=\"twitter:card\" content=\"summary_large_image\" \/>\n<meta name=\"twitter:label1\" content=\"Est. reading time\" \/>\n\t<meta name=\"twitter:data1\" content=\"6 minutes\" \/>\n<script type=\"application\/ld+json\" class=\"yoast-schema-graph\">{\"@context\":\"https:\\\/\\\/schema.org\",\"@graph\":[{\"@type\":\"WebPage\",\"@id\":\"https:\\\/\\\/german-resources-company.com\\\/?page_id=1489\",\"url\":\"https:\\\/\\\/german-resources-company.com\\\/?page_id=1489\",\"name\":\"Studenten- und Studienabteilung - GRC German Resources Company GmbH\",\"isPartOf\":{\"@id\":\"https:\\\/\\\/german-resources-company.com\\\/#website\"},\"primaryImageOfPage\":{\"@id\":\"https:\\\/\\\/german-resources-company.com\\\/?page_id=1489#primaryimage\"},\"image\":{\"@id\":\"https:\\\/\\\/german-resources-company.com\\\/?page_id=1489#primaryimage\"},\"thumbnailUrl\":\"https:\\\/\\\/german-resources-company.com\\\/wp-content\\\/uploads\\\/2024\\\/03\\\/b1bbefa3-4016-4621-a10e-8fd711aafe62-300x300.jpg\",\"datePublished\":\"2021-11-07T13:12:32+00:00\",\"dateModified\":\"2024-04-29T17:32:05+00:00\",\"breadcrumb\":{\"@id\":\"https:\\\/\\\/german-resources-company.com\\\/?page_id=1489#breadcrumb\"},\"inLanguage\":\"en-US\",\"potentialAction\":[{\"@type\":\"ReadAction\",\"target\":[\"https:\\\/\\\/german-resources-company.com\\\/?page_id=1489\"]}]},{\"@type\":\"ImageObject\",\"inLanguage\":\"en-US\",\"@id\":\"https:\\\/\\\/german-resources-company.com\\\/?page_id=1489#primaryimage\",\"url\":\"https:\\\/\\\/german-resources-company.com\\\/wp-content\\\/uploads\\\/2024\\\/03\\\/b1bbefa3-4016-4621-a10e-8fd711aafe62.jpg\",\"contentUrl\":\"https:\\\/\\\/german-resources-company.com\\\/wp-content\\\/uploads\\\/2024\\\/03\\\/b1bbefa3-4016-4621-a10e-8fd711aafe62.jpg\",\"width\":1024,\"height\":1024},{\"@type\":\"BreadcrumbList\",\"@id\":\"https:\\\/\\\/german-resources-company.com\\\/?page_id=1489#breadcrumb\",\"itemListElement\":[{\"@type\":\"ListItem\",\"position\":1,\"name\":\"Startseite\",\"item\":\"https:\\\/\\\/german-resources-company.com\\\/\"},{\"@type\":\"ListItem\",\"position\":2,\"name\":\"Studenten- und Studienabteilung\"}]},{\"@type\":\"WebSite\",\"@id\":\"https:\\\/\\\/german-resources-company.com\\\/#website\",\"url\":\"https:\\\/\\\/german-resources-company.com\\\/\",\"name\":\"\u0645\u062c\u0645\u0648\u0639\u0629 GRC\",\"description\":\"F\u00fcr Personalwesen, Studien- und Handelsdienstleistungen\",\"publisher\":{\"@id\":\"https:\\\/\\\/german-resources-company.com\\\/#organization\"},\"potentialAction\":[{\"@type\":\"SearchAction\",\"target\":{\"@type\":\"EntryPoint\",\"urlTemplate\":\"https:\\\/\\\/german-resources-company.com\\\/?s={search_term_string}\"},\"query-input\":{\"@type\":\"PropertyValueSpecification\",\"valueRequired\":true,\"valueName\":\"search_term_string\"}}],\"inLanguage\":\"en-US\"},{\"@type\":\"Organization\",\"@id\":\"https:\\\/\\\/german-resources-company.com\\\/#organization\",\"name\":\"GRC German Resources Company GmbH\",\"url\":\"https:\\\/\\\/german-resources-company.com\\\/\",\"logo\":{\"@type\":\"ImageObject\",\"inLanguage\":\"en-US\",\"@id\":\"https:\\\/\\\/german-resources-company.com\\\/#\\\/schema\\\/logo\\\/image\\\/\",\"url\":\"https:\\\/\\\/german-resources-company.com\\\/wp-content\\\/uploads\\\/2021\\\/11\\\/logo-grc-new-ritena.png\",\"contentUrl\":\"https:\\\/\\\/german-resources-company.com\\\/wp-content\\\/uploads\\\/2021\\\/11\\\/logo-grc-new-ritena.png\",\"width\":300,\"height\":172,\"caption\":\"GRC German Resources Company GmbH\"},\"image\":{\"@id\":\"https:\\\/\\\/german-resources-company.com\\\/#\\\/schema\\\/logo\\\/image\\\/\"},\"sameAs\":[\"https:\\\/\\\/www.facebook.com\\\/grc.arabic\",\"https:\\\/\\\/www.youtube.com\\\/channel\\\/UC3karsNFNxkYH4OoeBdU3Ag\"]}]}<\/script>\n<!-- \/ Yoast SEO plugin. -->","yoast_head_json":{"title":"Studenten- und Studienabteilung - GRC German Resources Company GmbH","robots":{"index":"index","follow":"follow","max-snippet":"max-snippet:-1","max-image-preview":"max-image-preview:large","max-video-preview":"max-video-preview:-1"},"canonical":"https:\/\/german-resources-company.com\/?page_id=1489","og_locale":"en_US","og_type":"article","og_title":"Studenten- und Studienabteilung - GRC German Resources Company GmbH","og_description":"Nach einer umfangreichen Studie \u00fcber die Anzahl der ausl\u00e4ndischen Menschen in Deutschland und einer genauen Statistik \u00fcber die Anzahl der interessierten Personen, die sich trotz der Ablehnung ihres Antrags an deutschen Instituten zum Studium der deutschen Sprache anmelden m\u00f6chten, oder die kein Visum erhalten konnten oder die sich aus einem Grund verz\u00f6gerten, haben wir uns [&hellip;]","og_url":"https:\/\/german-resources-company.com\/?page_id=1489","og_site_name":"GRC German Resources Company GmbH","article_publisher":"https:\/\/www.facebook.com\/grc.arabic","article_modified_time":"2024-04-29T17:32:05+00:00","og_image":[{"url":"https:\/\/german-resources-company.com\/wp-content\/uploads\/2024\/03\/b1bbefa3-4016-4621-a10e-8fd711aafe62-300x300.jpg","type":"","width":"","height":""}],"twitter_card":"summary_large_image","twitter_misc":{"Est. reading time":"6 minutes"},"schema":{"@context":"https:\/\/schema.org","@graph":[{"@type":"WebPage","@id":"https:\/\/german-resources-company.com\/?page_id=1489","url":"https:\/\/german-resources-company.com\/?page_id=1489","name":"Studenten- und Studienabteilung - GRC German Resources Company GmbH","isPartOf":{"@id":"https:\/\/german-resources-company.com\/#website"},"primaryImageOfPage":{"@id":"https:\/\/german-resources-company.com\/?page_id=1489#primaryimage"},"image":{"@id":"https:\/\/german-resources-company.com\/?page_id=1489#primaryimage"},"thumbnailUrl":"https:\/\/german-resources-company.com\/wp-content\/uploads\/2024\/03\/b1bbefa3-4016-4621-a10e-8fd711aafe62-300x300.jpg","datePublished":"2021-11-07T13:12:32+00:00","dateModified":"2024-04-29T17:32:05+00:00","breadcrumb":{"@id":"https:\/\/german-resources-company.com\/?page_id=1489#breadcrumb"},"inLanguage":"en-US","potentialAction":[{"@type":"ReadAction","target":["https:\/\/german-resources-company.com\/?page_id=1489"]}]},{"@type":"ImageObject","inLanguage":"en-US","@id":"https:\/\/german-resources-company.com\/?page_id=1489#primaryimage","url":"https:\/\/german-resources-company.com\/wp-content\/uploads\/2024\/03\/b1bbefa3-4016-4621-a10e-8fd711aafe62.jpg","contentUrl":"https:\/\/german-resources-company.com\/wp-content\/uploads\/2024\/03\/b1bbefa3-4016-4621-a10e-8fd711aafe62.jpg","width":1024,"height":1024},{"@type":"BreadcrumbList","@id":"https:\/\/german-resources-company.com\/?page_id=1489#breadcrumb","itemListElement":[{"@type":"ListItem","position":1,"name":"Startseite","item":"https:\/\/german-resources-company.com\/"},{"@type":"ListItem","position":2,"name":"Studenten- und Studienabteilung"}]},{"@type":"WebSite","@id":"https:\/\/german-resources-company.com\/#website","url":"https:\/\/german-resources-company.com\/","name":"\u0645\u062c\u0645\u0648\u0639\u0629 GRC","description":"F\u00fcr Personalwesen, Studien- und Handelsdienstleistungen","publisher":{"@id":"https:\/\/german-resources-company.com\/#organization"},"potentialAction":[{"@type":"SearchAction","target":{"@type":"EntryPoint","urlTemplate":"https:\/\/german-resources-company.com\/?s={search_term_string}"},"query-input":{"@type":"PropertyValueSpecification","valueRequired":true,"valueName":"search_term_string"}}],"inLanguage":"en-US"},{"@type":"Organization","@id":"https:\/\/german-resources-company.com\/#organization","name":"GRC German Resources Company GmbH","url":"https:\/\/german-resources-company.com\/","logo":{"@type":"ImageObject","inLanguage":"en-US","@id":"https:\/\/german-resources-company.com\/#\/schema\/logo\/image\/","url":"https:\/\/german-resources-company.com\/wp-content\/uploads\/2021\/11\/logo-grc-new-ritena.png","contentUrl":"https:\/\/german-resources-company.com\/wp-content\/uploads\/2021\/11\/logo-grc-new-ritena.png","width":300,"height":172,"caption":"GRC German Resources Company GmbH"},"image":{"@id":"https:\/\/german-resources-company.com\/#\/schema\/logo\/image\/"},"sameAs":["https:\/\/www.facebook.com\/grc.arabic","https:\/\/www.youtube.com\/channel\/UC3karsNFNxkYH4OoeBdU3Ag"]}]}},"_links":{"self":[{"href":"https:\/\/german-resources-company.com\/index.php?rest_route=\/wp\/v2\/pages\/1489","targetHints":{"allow":["GET"]}}],"collection":[{"href":"https:\/\/german-resources-company.com\/index.php?rest_route=\/wp\/v2\/pages"}],"about":[{"href":"https:\/\/german-resources-company.com\/index.php?rest_route=\/wp\/v2\/types\/page"}],"author":[{"embeddable":true,"href":"https:\/\/german-resources-company.com\/index.php?rest_route=\/wp\/v2\/users\/1"}],"replies":[{"embeddable":true,"href":"https:\/\/german-resources-company.com\/index.php?rest_route=%2Fwp%2Fv2%2Fcomments&post=1489"}],"version-history":[{"count":9,"href":"https:\/\/german-resources-company.com\/index.php?rest_route=\/wp\/v2\/pages\/1489\/revisions"}],"predecessor-version":[{"id":10889,"href":"https:\/\/german-resources-company.com\/index.php?rest_route=\/wp\/v2\/pages\/1489\/revisions\/10889"}],"wp:attachment":[{"href":"https:\/\/german-resources-company.com\/index.php?rest_route=%2Fwp%2Fv2%2Fmedia&parent=1489"}],"curies":[{"name":"wp","href":"https:\/\/api.w.org\/{rel}","templated":true}]}}