{"id":1115,"date":"2015-02-20T20:12:45","date_gmt":"2015-02-20T20:12:45","guid":{"rendered":"https:\/\/avada.theme-fusion.com_demos\/law\/?page_id=16"},"modified":"2024-07-08T10:43:20","modified_gmt":"2024-07-08T10:43:20","slug":"stellenangebote","status":"publish","type":"page","link":"https:\/\/german-resources-company.com\/?page_id=1115","title":{"rendered":"Stellenangebote"},"content":{"rendered":"\t\t<div data-elementor-type=\"wp-page\" data-elementor-id=\"1115\" class=\"elementor elementor-1115\">\n\t\t\t\t<div class=\"elementor-element elementor-element-c7af323 e-flex e-con-boxed e-con e-parent\" data-id=\"c7af323\" data-element_type=\"container\" data-e-type=\"container\">\n\t\t\t\t\t<div class=\"e-con-inner\">\n\t\t\t\t<div class=\"elementor-element elementor-element-6d1d5ee elementor-widget elementor-widget-wp-widget-categories\" data-id=\"6d1d5ee\" data-element_type=\"widget\" data-e-type=\"widget\" data-widget_type=\"wp-widget-categories.default\">\n\t\t\t\t<div class=\"elementor-widget-container\">\n\t\t\t\t\t<h5>Categories<\/h5><form action=\"https:\/\/german-resources-company.com\" method=\"get\"><label class=\"screen-reader-text\" for=\"cat\">Categories<\/label><select  name='cat' id='cat' class='postform'>\n\t<option value='-1'>Select Category<\/option>\n\t<option class=\"level-0\" value=\"54\">Architekten und Bauingenieure&nbsp;&nbsp;(3)<\/option>\n\t<option class=\"level-0\" value=\"63\">IT-Berater und IT-Analysten&nbsp;&nbsp;(1)<\/option>\n\t<option class=\"level-0\" value=\"65\">Krankenpflege&nbsp;&nbsp;(14)<\/option>\n\t<option class=\"level-0\" value=\"66\">Maschinenbau und Konstruktion&nbsp;&nbsp;(2)<\/option>\n\t<option class=\"level-0\" value=\"70\">Softwareentwickler und Programmierer&nbsp;&nbsp;(1)<\/option>\n<\/select>\n<\/form><script type=\"text\/javascript\">\n\/* <![CDATA[ *\/\n\n(function() {\n\tvar dropdown = document.getElementById( \"cat\" );\n\tfunction onCatChange() {\n\t\tif ( dropdown.options[ dropdown.selectedIndex ].value > 0 ) {\n\t\t\tdropdown.parentNode.submit();\n\t\t}\n\t}\n\tdropdown.onchange = onCatChange;\n})();\n\n\/* ]]> *\/\n<\/script>\n\t\t\t\t<\/div>\n\t\t\t\t<\/div>\n\t\t\t\t\t<\/div>\n\t\t\t\t<\/div>\n\t\t<div class=\"elementor-element elementor-element-e6bf77e e-flex e-con-boxed e-con e-parent\" data-id=\"e6bf77e\" data-element_type=\"container\" data-e-type=\"container\">\n\t\t\t\t\t<div class=\"e-con-inner\">\n\t\t\t\t<div class=\"elementor-element elementor-element-1acbc10 elementor-widget elementor-widget-heading\" data-id=\"1acbc10\" data-element_type=\"widget\" data-e-type=\"widget\" data-widget_type=\"heading.default\">\n\t\t\t\t<div class=\"elementor-widget-container\">\n\t\t\t\t\t<h3 class=\"elementor-heading-title elementor-size-default\">Wichtige allgemeine Informationen und h\u00e4ufig gestellte Fragen:\n<\/h3>\t\t\t\t<\/div>\n\t\t\t\t<\/div>\n\t\t\t\t\t<\/div>\n\t\t\t\t<\/div>\n\t\t<div class=\"elementor-element elementor-element-b5d5582 e-flex e-con-boxed e-con e-parent\" data-id=\"b5d5582\" data-element_type=\"container\" data-e-type=\"container\">\n\t\t\t\t\t<div class=\"e-con-inner\">\n\t\t<div class=\"elementor-element elementor-element-3eb745f e-con-full e-flex e-con e-child\" data-id=\"3eb745f\" data-element_type=\"container\" data-e-type=\"container\">\n\t\t\t\t<\/div>\n\t\t<div class=\"elementor-element elementor-element-dbbfe0a e-con-full e-flex e-con e-child\" data-id=\"dbbfe0a\" data-element_type=\"container\" data-e-type=\"container\">\n\t\t\t\t<\/div>\n\t\t\t\t\t<\/div>\n\t\t\t\t<\/div>\n\t\t\t\t<\/div>\n\t\t","protected":false},"excerpt":{"rendered":"<p>Wichtige allgemeine Informationen und h\u00e4ufig gestellte Fragen: Wichtiger Hinweis und Die erforderlichen Unterlagen: Wichtiger Hinweis:Sehr geehrte BewerberInnen, Wir bitten Sie um die Zusendung folgender Unterlagen: 1. Pers\u00f6nliches Foto 4*62. Lebenslauf nach europ\u00e4ischem System: wird elektronisch auf der Webseite der ersten Vertragspartei ausgef\u00fcllt3. Eine Kopie des Reisepasses4. Motivationsschreiben f\u00fcr die gew\u00fcnschte Besch\u00e4ftigung im Wordoffice-Programm5. Abiturzeugnis \/ [&hellip;]<\/p>\n","protected":false},"author":1,"featured_media":0,"parent":0,"menu_order":0,"comment_status":"open","ping_status":"closed","template":"","meta":{"footnotes":""},"class_list":["post-1115","page","type-page","status-publish","hentry"],"yoast_head":"<!-- This site is optimized with the Yoast SEO plugin v27.4 - https:\/\/yoast.com\/product\/yoast-seo-wordpress\/ -->\n<title>Stellenangebote - GRC German Resources Company GmbH<\/title>\n<meta name=\"robots\" content=\"index, follow, max-snippet:-1, max-image-preview:large, max-video-preview:-1\" \/>\n<link rel=\"canonical\" href=\"https:\/\/german-resources-company.com\/?page_id=1115\" \/>\n<meta property=\"og:locale\" content=\"en_US\" \/>\n<meta property=\"og:type\" content=\"article\" \/>\n<meta property=\"og:title\" content=\"Stellenangebote - GRC German Resources Company GmbH\" \/>\n<meta property=\"og:description\" content=\"Wichtige allgemeine Informationen und h\u00e4ufig gestellte Fragen: Wichtiger Hinweis und Die erforderlichen Unterlagen: Wichtiger Hinweis:Sehr geehrte BewerberInnen, Wir bitten Sie um die Zusendung folgender Unterlagen: 1. Pers\u00f6nliches Foto 4*62. Lebenslauf nach europ\u00e4ischem System: wird elektronisch auf der Webseite der ersten Vertragspartei ausgef\u00fcllt3. Eine Kopie des Reisepasses4. Motivationsschreiben f\u00fcr die gew\u00fcnschte Besch\u00e4ftigung im Wordoffice-Programm5. Abiturzeugnis \/ [&hellip;]\" \/>\n<meta property=\"og:url\" content=\"https:\/\/german-resources-company.com\/?page_id=1115\" \/>\n<meta property=\"og:site_name\" content=\"GRC German Resources Company GmbH\" \/>\n<meta property=\"article:publisher\" content=\"https:\/\/www.facebook.com\/grc.arabic\" \/>\n<meta property=\"article:modified_time\" content=\"2024-07-08T10:43:20+00:00\" \/>\n<meta name=\"twitter:card\" content=\"summary_large_image\" \/>\n<meta name=\"twitter:label1\" content=\"Est. reading time\" \/>\n\t<meta name=\"twitter:data1\" content=\"3 minutes\" \/>\n<script type=\"application\/ld+json\" class=\"yoast-schema-graph\">{\"@context\":\"https:\\\/\\\/schema.org\",\"@graph\":[{\"@type\":\"WebPage\",\"@id\":\"https:\\\/\\\/german-resources-company.com\\\/?page_id=1115\",\"url\":\"https:\\\/\\\/german-resources-company.com\\\/?page_id=1115\",\"name\":\"Stellenangebote - GRC German Resources Company GmbH\",\"isPartOf\":{\"@id\":\"https:\\\/\\\/german-resources-company.com\\\/#website\"},\"datePublished\":\"2015-02-20T20:12:45+00:00\",\"dateModified\":\"2024-07-08T10:43:20+00:00\",\"breadcrumb\":{\"@id\":\"https:\\\/\\\/german-resources-company.com\\\/?page_id=1115#breadcrumb\"},\"inLanguage\":\"en-US\",\"potentialAction\":[{\"@type\":\"ReadAction\",\"target\":[\"https:\\\/\\\/german-resources-company.com\\\/?page_id=1115\"]}]},{\"@type\":\"BreadcrumbList\",\"@id\":\"https:\\\/\\\/german-resources-company.com\\\/?page_id=1115#breadcrumb\",\"itemListElement\":[{\"@type\":\"ListItem\",\"position\":1,\"name\":\"Startseite\",\"item\":\"https:\\\/\\\/german-resources-company.com\\\/\"},{\"@type\":\"ListItem\",\"position\":2,\"name\":\"Stellenangebote\"}]},{\"@type\":\"WebSite\",\"@id\":\"https:\\\/\\\/german-resources-company.com\\\/#website\",\"url\":\"https:\\\/\\\/german-resources-company.com\\\/\",\"name\":\"\u0645\u062c\u0645\u0648\u0639\u0629 GRC\",\"description\":\"F\u00fcr Personalwesen, Studien- und Handelsdienstleistungen\",\"publisher\":{\"@id\":\"https:\\\/\\\/german-resources-company.com\\\/#organization\"},\"potentialAction\":[{\"@type\":\"SearchAction\",\"target\":{\"@type\":\"EntryPoint\",\"urlTemplate\":\"https:\\\/\\\/german-resources-company.com\\\/?s={search_term_string}\"},\"query-input\":{\"@type\":\"PropertyValueSpecification\",\"valueRequired\":true,\"valueName\":\"search_term_string\"}}],\"inLanguage\":\"en-US\"},{\"@type\":\"Organization\",\"@id\":\"https:\\\/\\\/german-resources-company.com\\\/#organization\",\"name\":\"GRC German Resources Company GmbH\",\"url\":\"https:\\\/\\\/german-resources-company.com\\\/\",\"logo\":{\"@type\":\"ImageObject\",\"inLanguage\":\"en-US\",\"@id\":\"https:\\\/\\\/german-resources-company.com\\\/#\\\/schema\\\/logo\\\/image\\\/\",\"url\":\"https:\\\/\\\/german-resources-company.com\\\/wp-content\\\/uploads\\\/2021\\\/11\\\/logo-grc-new-ritena.png\",\"contentUrl\":\"https:\\\/\\\/german-resources-company.com\\\/wp-content\\\/uploads\\\/2021\\\/11\\\/logo-grc-new-ritena.png\",\"width\":300,\"height\":172,\"caption\":\"GRC German Resources Company GmbH\"},\"image\":{\"@id\":\"https:\\\/\\\/german-resources-company.com\\\/#\\\/schema\\\/logo\\\/image\\\/\"},\"sameAs\":[\"https:\\\/\\\/www.facebook.com\\\/grc.arabic\",\"https:\\\/\\\/www.youtube.com\\\/channel\\\/UC3karsNFNxkYH4OoeBdU3Ag\"]}]}<\/script>\n<!-- \/ Yoast SEO plugin. -->","yoast_head_json":{"title":"Stellenangebote - GRC German Resources Company GmbH","robots":{"index":"index","follow":"follow","max-snippet":"max-snippet:-1","max-image-preview":"max-image-preview:large","max-video-preview":"max-video-preview:-1"},"canonical":"https:\/\/german-resources-company.com\/?page_id=1115","og_locale":"en_US","og_type":"article","og_title":"Stellenangebote - GRC German Resources Company GmbH","og_description":"Wichtige allgemeine Informationen und h\u00e4ufig gestellte Fragen: Wichtiger Hinweis und Die erforderlichen Unterlagen: Wichtiger Hinweis:Sehr geehrte BewerberInnen, Wir bitten Sie um die Zusendung folgender Unterlagen: 1. Pers\u00f6nliches Foto 4*62. Lebenslauf nach europ\u00e4ischem System: wird elektronisch auf der Webseite der ersten Vertragspartei ausgef\u00fcllt3. Eine Kopie des Reisepasses4. Motivationsschreiben f\u00fcr die gew\u00fcnschte Besch\u00e4ftigung im Wordoffice-Programm5. Abiturzeugnis \/ [&hellip;]","og_url":"https:\/\/german-resources-company.com\/?page_id=1115","og_site_name":"GRC German Resources Company GmbH","article_publisher":"https:\/\/www.facebook.com\/grc.arabic","article_modified_time":"2024-07-08T10:43:20+00:00","twitter_card":"summary_large_image","twitter_misc":{"Est. reading time":"3 minutes"},"schema":{"@context":"https:\/\/schema.org","@graph":[{"@type":"WebPage","@id":"https:\/\/german-resources-company.com\/?page_id=1115","url":"https:\/\/german-resources-company.com\/?page_id=1115","name":"Stellenangebote - GRC German Resources Company GmbH","isPartOf":{"@id":"https:\/\/german-resources-company.com\/#website"},"datePublished":"2015-02-20T20:12:45+00:00","dateModified":"2024-07-08T10:43:20+00:00","breadcrumb":{"@id":"https:\/\/german-resources-company.com\/?page_id=1115#breadcrumb"},"inLanguage":"en-US","potentialAction":[{"@type":"ReadAction","target":["https:\/\/german-resources-company.com\/?page_id=1115"]}]},{"@type":"BreadcrumbList","@id":"https:\/\/german-resources-company.com\/?page_id=1115#breadcrumb","itemListElement":[{"@type":"ListItem","position":1,"name":"Startseite","item":"https:\/\/german-resources-company.com\/"},{"@type":"ListItem","position":2,"name":"Stellenangebote"}]},{"@type":"WebSite","@id":"https:\/\/german-resources-company.com\/#website","url":"https:\/\/german-resources-company.com\/","name":"\u0645\u062c\u0645\u0648\u0639\u0629 GRC","description":"F\u00fcr Personalwesen, Studien- und Handelsdienstleistungen","publisher":{"@id":"https:\/\/german-resources-company.com\/#organization"},"potentialAction":[{"@type":"SearchAction","target":{"@type":"EntryPoint","urlTemplate":"https:\/\/german-resources-company.com\/?s={search_term_string}"},"query-input":{"@type":"PropertyValueSpecification","valueRequired":true,"valueName":"search_term_string"}}],"inLanguage":"en-US"},{"@type":"Organization","@id":"https:\/\/german-resources-company.com\/#organization","name":"GRC German Resources Company GmbH","url":"https:\/\/german-resources-company.com\/","logo":{"@type":"ImageObject","inLanguage":"en-US","@id":"https:\/\/german-resources-company.com\/#\/schema\/logo\/image\/","url":"https:\/\/german-resources-company.com\/wp-content\/uploads\/2021\/11\/logo-grc-new-ritena.png","contentUrl":"https:\/\/german-resources-company.com\/wp-content\/uploads\/2021\/11\/logo-grc-new-ritena.png","width":300,"height":172,"caption":"GRC German Resources Company GmbH"},"image":{"@id":"https:\/\/german-resources-company.com\/#\/schema\/logo\/image\/"},"sameAs":["https:\/\/www.facebook.com\/grc.arabic","https:\/\/www.youtube.com\/channel\/UC3karsNFNxkYH4OoeBdU3Ag"]}]}},"_links":{"self":[{"href":"https:\/\/german-resources-company.com\/index.php?rest_route=\/wp\/v2\/pages\/1115","targetHints":{"allow":["GET"]}}],"collection":[{"href":"https:\/\/german-resources-company.com\/index.php?rest_route=\/wp\/v2\/pages"}],"about":[{"href":"https:\/\/german-resources-company.com\/index.php?rest_route=\/wp\/v2\/types\/page"}],"author":[{"embeddable":true,"href":"https:\/\/german-resources-company.com\/index.php?rest_route=\/wp\/v2\/users\/1"}],"replies":[{"embeddable":true,"href":"https:\/\/german-resources-company.com\/index.php?rest_route=%2Fwp%2Fv2%2Fcomments&post=1115"}],"version-history":[{"count":15,"href":"https:\/\/german-resources-company.com\/index.php?rest_route=\/wp\/v2\/pages\/1115\/revisions"}],"predecessor-version":[{"id":11071,"href":"https:\/\/german-resources-company.com\/index.php?rest_route=\/wp\/v2\/pages\/1115\/revisions\/11071"}],"wp:attachment":[{"href":"https:\/\/german-resources-company.com\/index.php?rest_route=%2Fwp%2Fv2%2Fmedia&parent=1115"}],"curies":[{"name":"wp","href":"https:\/\/api.w.org\/{rel}","templated":true}]}}